{"id":762,"date":"2024-11-19T18:02:12","date_gmt":"2024-11-19T18:02:12","guid":{"rendered":"https:\/\/testing.almagloriousbeauty.com\/?post_type=product&#038;p=762"},"modified":"2025-08-08T14:00:56","modified_gmt":"2025-08-08T14:00:56","slug":"ultimate-glorious-gow-oil","status":"publish","type":"product","link":"https:\/\/testing.almagloriousbeauty.com\/en_ca\/ultimate-glorious-gow-oil\/","title":{"rendered":"ULTIMATE GLORIOUS GLOW OIL"},"content":{"rendered":"<p><span style=\"color: #800080;\"><b>Utilisation<\/b><\/span><\/p>\n<p><span style=\"font-weight: 400;\">Sur une peau nettoy\u00e9e, prenez la quantit\u00e9 appropri\u00e9e d&rsquo;huile essentielle, environ 5 \u00e0 10 ml \u00e0 chaque fois, frotter dans votre paume de main et effectuez un massage sur votre glorieux corps avec des mouvements circulaires<\/span><\/p>\n<p>&nbsp;<\/p>\n<p><b><span style=\"color: #800080;\">Ingr\u00e9dients<\/span>\u00a0<\/b><\/p>\n<p><span style=\"font-weight: 400;\">Papaya oil, Papaya enzyme,vitamin C,vitamin E.<\/span><\/p>","protected":false},"excerpt":{"rendered":"<p><span style=\"font-weight: 400;\">Riche en enzymes de papaye, en vitamine C et en vitamine E, qui inhibe efficacement la formation de la m\u00e9lanine et \u00e9limine les taches, notre Ultimate Glorious Glow Oil en plus de cibler les articulations, elle va:<\/span><\/p>\n<ul>\n<li style=\"font-weight: 400;\" aria-level=\"1\"><span style=\"font-weight: 400;\">Favoriser la d\u00e9gradation, la d\u00e9composition et l&rsquo;\u00e9limination de la couche vieillissante de votre peau<\/span><\/li>\n<li style=\"font-weight: 400;\" aria-level=\"1\"><span style=\"font-weight: 400;\">Favoriser le m\u00e9tabolisme de la peau<\/span><\/li>\n<li style=\"font-weight: 400;\" aria-level=\"1\"><span style=\"font-weight: 400;\">R\u00e9duire l\u2019hyperpigmentation de la peau m\u00eame celle caus\u00e9e par le soleil<\/span><\/li>\n<li style=\"font-weight: 400;\" aria-level=\"1\"><span style=\"font-weight: 400;\">Pr\u00e9vention des rides et \u00e9claircissement du teint, anti-\u00e2ge, anti-t\u00e2ches sombres<\/span><\/li>\n<li style=\"font-weight: 400;\" aria-level=\"1\"><span style=\"font-weight: 400;\">hydratation et adoucissement en profondeur<\/span><\/li>\n<li style=\"font-weight: 400;\" aria-level=\"1\"><span style=\"font-weight: 400;\">R\u00e9paration de la peau<\/span><\/li>\n<li style=\"font-weight: 400;\" aria-level=\"1\"><span style=\"font-weight: 400;\">Teint uniforme, \u00e9limination des t\u00e2ches brune et \u00e9clat ultime<\/span><\/li>\n<\/ul>","protected":false},"featured_media":763,"comment_status":"open","ping_status":"closed","template":"","meta":[],"product_brand":[],"product_cat":[163,60],"product_tag":[],"class_list":{"0":"post-762","1":"product","2":"type-product","3":"status-publish","4":"has-post-thumbnail","6":"product_cat-huile-corporelle","7":"product_cat-produits-de-beaute-pour-adultes","9":"first","10":"instock","11":"shipping-taxable","12":"purchasable","13":"product-type-simple"},"jetpack_sharing_enabled":true,"_links":{"self":[{"href":"https:\/\/testing.almagloriousbeauty.com\/en_ca\/wp-json\/wp\/v2\/product\/762","targetHints":{"allow":["GET"]}}],"collection":[{"href":"https:\/\/testing.almagloriousbeauty.com\/en_ca\/wp-json\/wp\/v2\/product"}],"about":[{"href":"https:\/\/testing.almagloriousbeauty.com\/en_ca\/wp-json\/wp\/v2\/types\/product"}],"replies":[{"embeddable":true,"href":"https:\/\/testing.almagloriousbeauty.com\/en_ca\/wp-json\/wp\/v2\/comments?post=762"}],"wp:featuredmedia":[{"embeddable":true,"href":"https:\/\/testing.almagloriousbeauty.com\/en_ca\/wp-json\/wp\/v2\/media\/763"}],"wp:attachment":[{"href":"https:\/\/testing.almagloriousbeauty.com\/en_ca\/wp-json\/wp\/v2\/media?parent=762"}],"wp:term":[{"taxonomy":"product_brand","embeddable":true,"href":"https:\/\/testing.almagloriousbeauty.com\/en_ca\/wp-json\/wp\/v2\/product_brand?post=762"},{"taxonomy":"product_cat","embeddable":true,"href":"https:\/\/testing.almagloriousbeauty.com\/en_ca\/wp-json\/wp\/v2\/product_cat?post=762"},{"taxonomy":"product_tag","embeddable":true,"href":"https:\/\/testing.almagloriousbeauty.com\/en_ca\/wp-json\/wp\/v2\/product_tag?post=762"}],"curies":[{"name":"wp","href":"https:\/\/api.w.org\/{rel}","templated":true}]}}