{"id":764,"date":"2024-11-19T18:18:13","date_gmt":"2024-11-19T18:18:13","guid":{"rendered":"https:\/\/testing.almagloriousbeauty.com\/?post_type=product&#038;p=764"},"modified":"2025-12-18T01:18:37","modified_gmt":"2025-12-18T01:18:37","slug":"glorious-glow-oil-clarifying","status":"publish","type":"product","link":"https:\/\/testing.almagloriousbeauty.com\/en_ca\/glorious-glow-oil-clarifying\/","title":{"rendered":"GLORIOUS GLOW OIL CLARIFYING"},"content":{"rendered":"<p><span style=\"color: #800080\"><b>Utilisation<\/b><\/span><\/p>\n<p><span style=\"font-weight: 400\">Sur une peau nettoy\u00e9e, prenez la quantit\u00e9 appropri\u00e9e d&rsquo;huile essentielle, environ 5 \u00e0 10 ml \u00e0 chaque fois, frotter dans votre paume de main et effectuez un massage sur votre glorieux corps avec des mouvements circulaires<\/span><\/p>\n<p>&nbsp;<\/p>\n<p><span style=\"color: #800080\"><b>Ingr\u00e9dients\u00a0<\/b><\/span><\/p>\n<p><span style=\"font-weight: 400\">Papaya oil, papaya enzyme, vitamin C, vitamin E.<\/span><\/p>","protected":false},"excerpt":{"rendered":"<p><span style=\"font-weight: 400\">Riche en carotte, papaye, collag\u00e8ne, nicotinamide, vitamine C et E notre huile essentielle clarifiante visage et corps Glorious Glow Oil saura rendre votre peau plus claire, plus jeune et plus lumineuse en vous apportant un glow d\u00e9passant vos attentes:\u00a0<\/span><\/p>\n<ul>\n<li style=\"font-weight: 400\"><span style=\"font-weight: 400\">hydratation et adoucissement en profondeur<\/span><\/li>\n<li style=\"font-weight: 400\"><span style=\"font-weight: 400\">Traitement de l\u2019acn\u00e9, de l\u2019hyperpigmentation et correcteurs de pigmentation<\/span><\/li>\n<li style=\"font-weight: 400\"><span style=\"font-weight: 400\">R\u00e9paration de la peau et efficace pour les peaux s\u00e8ches<\/span><\/li>\n<li style=\"font-weight: 400\"><span style=\"font-weight: 400\">Teint uniforme, traitement des imperfections de la peau<\/span><\/li>\n<li style=\"font-weight: 400\"><span style=\"font-weight: 400\">Pr\u00e9vention des rides et \u00e9claircissement du teint, anti-\u00e2ge, anti-t\u00e2ches sombres<\/span><\/li>\n<li style=\"font-weight: 400\"><span style=\"font-weight: 400\">Resserre, raffermit et nourrit la peau de l&rsquo;int\u00e9rieur<\/span><\/li>\n<li style=\"font-weight: 400\"><span style=\"font-weight: 400\">Exfoliation de l\u2019\u00e9piderme et m\u00eame des peaux \u00e9paisses<\/span><\/li>\n<\/ul>","protected":false},"featured_media":769,"comment_status":"open","ping_status":"closed","template":"","meta":[],"product_brand":[],"product_cat":[163,60],"product_tag":[],"class_list":{"0":"post-764","1":"product","2":"type-product","3":"status-publish","4":"has-post-thumbnail","6":"product_cat-huile-corporelle","7":"product_cat-produits-de-beaute-pour-adultes","8":"aux-has-gallery","10":"first","11":"instock","12":"shipping-taxable","13":"purchasable","14":"product-type-simple"},"jetpack_sharing_enabled":true,"_links":{"self":[{"href":"https:\/\/testing.almagloriousbeauty.com\/en_ca\/wp-json\/wp\/v2\/product\/764","targetHints":{"allow":["GET"]}}],"collection":[{"href":"https:\/\/testing.almagloriousbeauty.com\/en_ca\/wp-json\/wp\/v2\/product"}],"about":[{"href":"https:\/\/testing.almagloriousbeauty.com\/en_ca\/wp-json\/wp\/v2\/types\/product"}],"replies":[{"embeddable":true,"href":"https:\/\/testing.almagloriousbeauty.com\/en_ca\/wp-json\/wp\/v2\/comments?post=764"}],"wp:featuredmedia":[{"embeddable":true,"href":"https:\/\/testing.almagloriousbeauty.com\/en_ca\/wp-json\/wp\/v2\/media\/769"}],"wp:attachment":[{"href":"https:\/\/testing.almagloriousbeauty.com\/en_ca\/wp-json\/wp\/v2\/media?parent=764"}],"wp:term":[{"taxonomy":"product_brand","embeddable":true,"href":"https:\/\/testing.almagloriousbeauty.com\/en_ca\/wp-json\/wp\/v2\/product_brand?post=764"},{"taxonomy":"product_cat","embeddable":true,"href":"https:\/\/testing.almagloriousbeauty.com\/en_ca\/wp-json\/wp\/v2\/product_cat?post=764"},{"taxonomy":"product_tag","embeddable":true,"href":"https:\/\/testing.almagloriousbeauty.com\/en_ca\/wp-json\/wp\/v2\/product_tag?post=764"}],"curies":[{"name":"wp","href":"https:\/\/api.w.org\/{rel}","templated":true}]}}