{"id":766,"date":"2024-11-19T18:32:27","date_gmt":"2024-11-19T18:32:27","guid":{"rendered":"https:\/\/testing.almagloriousbeauty.com\/?post_type=product&#038;p=766"},"modified":"2025-05-05T02:11:36","modified_gmt":"2025-05-05T02:11:36","slug":"glowing-turmeric-kojic-acid-cleansing-pad","status":"publish","type":"product","link":"https:\/\/testing.almagloriousbeauty.com\/en_ca\/glowing-turmeric-kojic-acid-cleansing-pad\/","title":{"rendered":"GLOWING TURMERIC &#038; KOJIC ACID CLEANSING PAD"},"content":{"rendered":"<p><span style=\"color: #800080;\"><b>Utilisation<\/b><\/span><\/p>\n<p><span style=\"font-weight: 400;\">\u00c9tape 1: commencez par mouiller votre visage ou la zone de peau que vous souhaitez traiter<\/span><\/p>\n<p><span style=\"font-weight: 400;\">\u00c9tape 2: prenez un tampon et utilisez-le pour essuyer doucement votre peau de mani\u00e8re circulaire<\/span><\/p>\n<p><span style=\"font-weight: 400;\">\u00c9tape 3: laissez le produit agir 10 minutes avant de le rincer; apr\u00e8s le rin\u00e7age, continuez votre routine de soin avec l\u2019une de nos gammes de votre choix.<\/span><\/p>\n<p>&nbsp;<\/p>\n<p><span style=\"color: #800080;\"><b>Ingr\u00e9dients et effets<\/b><\/span><\/p>\n<p><span style=\"font-weight: 400;\">Citron: <\/span><span style=\"font-weight: 400;\">Riche en acide citrique et en vitamine C, le citron a des vertus anti t\u00e2ches, antiseptiques et \u00e9claircissantes<\/span><\/p>\n<p><span style=\"font-weight: 400;\">Curcuma: <\/span><span style=\"font-weight: 400;\">\u00e9pice populaire en cosm\u00e9tique, on se demande bien pourquoi? Mais oui, gr\u00e2ce \u00e0 ses propri\u00e9t\u00e9s anti acn\u00e9, illuminatrice et r\u00e9paratrice, il est devenu un incontournable.\u00a0\u00a0<\/span><\/p>\n<p><span style=\"font-weight: 400;\">Gingembre: <\/span><span style=\"font-weight: 400;\">anti-inflammatoire et antiseptique, il \u00e9limine la bact\u00e9rie responsable de l&rsquo;acn\u00e9 et att\u00e9nue les cicatrices<\/span><\/p>","protected":false},"excerpt":{"rendered":"<p><span style=\"font-weight: 400;\">Fait d\u2019ingr\u00e9dients 100% naturel, sans produits chimiques, sans tests sur les animaux, 100% pure, Notre tampon nettoyant 3en1 au curcuma et \u00e0 l\u2019acide kojique viendra nettoyer votre glorieux visage en douceur tout en affinant les pores du visage et en l\u2019\u00e9claircissant; il va traiter l\u2019acn\u00e9, la dermatite, l\u2019ecz\u00e9ma, le psoriasis.<\/span><\/p>\n<p><span style=\"font-weight: 400;\">Pourquoi 3 en 1?\u00a0<\/span><\/p>\n<ol>\n<li style=\"font-weight: 400;\" aria-level=\"1\"><span style=\"font-weight: 400;\">D\u00e9maquillant<\/span><\/li>\n<li style=\"font-weight: 400;\" aria-level=\"1\"><span style=\"font-weight: 400;\">Nettoyant visage<\/span><\/li>\n<li style=\"font-weight: 400;\" aria-level=\"1\"><span style=\"font-weight: 400;\">Assure la clart\u00e9 de votre visage<\/span><\/li>\n<\/ol>\n<p><span style=\"font-weight: 400;\">Vous recherchez un glow maximum, utilisez notre glow cleansing pad deux fois par jour.<\/span><\/p>\n<p><span style=\"font-weight: 400;\">Note: Tous nos produits sont autant pour les hommes que pour les femmes et conviennent \u00e0 tous types de peau<\/span><\/p>","protected":false},"featured_media":767,"comment_status":"open","ping_status":"closed","template":"","meta":[],"product_brand":[],"product_cat":[60,66],"product_tag":[],"class_list":{"0":"post-766","1":"product","2":"type-product","3":"status-publish","4":"has-post-thumbnail","6":"product_cat-produits-de-beaute-pour-adultes","7":"product_cat-soins-du-visage","9":"first","10":"instock","11":"shipping-taxable","12":"purchasable","13":"product-type-simple"},"jetpack_sharing_enabled":true,"_links":{"self":[{"href":"https:\/\/testing.almagloriousbeauty.com\/en_ca\/wp-json\/wp\/v2\/product\/766","targetHints":{"allow":["GET"]}}],"collection":[{"href":"https:\/\/testing.almagloriousbeauty.com\/en_ca\/wp-json\/wp\/v2\/product"}],"about":[{"href":"https:\/\/testing.almagloriousbeauty.com\/en_ca\/wp-json\/wp\/v2\/types\/product"}],"replies":[{"embeddable":true,"href":"https:\/\/testing.almagloriousbeauty.com\/en_ca\/wp-json\/wp\/v2\/comments?post=766"}],"wp:featuredmedia":[{"embeddable":true,"href":"https:\/\/testing.almagloriousbeauty.com\/en_ca\/wp-json\/wp\/v2\/media\/767"}],"wp:attachment":[{"href":"https:\/\/testing.almagloriousbeauty.com\/en_ca\/wp-json\/wp\/v2\/media?parent=766"}],"wp:term":[{"taxonomy":"product_brand","embeddable":true,"href":"https:\/\/testing.almagloriousbeauty.com\/en_ca\/wp-json\/wp\/v2\/product_brand?post=766"},{"taxonomy":"product_cat","embeddable":true,"href":"https:\/\/testing.almagloriousbeauty.com\/en_ca\/wp-json\/wp\/v2\/product_cat?post=766"},{"taxonomy":"product_tag","embeddable":true,"href":"https:\/\/testing.almagloriousbeauty.com\/en_ca\/wp-json\/wp\/v2\/product_tag?post=766"}],"curies":[{"name":"wp","href":"https:\/\/api.w.org\/{rel}","templated":true}]}}