{"id":768,"date":"2024-11-19T18:38:49","date_gmt":"2024-11-19T18:38:49","guid":{"rendered":"https:\/\/testing.almagloriousbeauty.com\/?post_type=product&#038;p=768"},"modified":"2025-08-08T14:00:47","modified_gmt":"2025-08-08T14:00:47","slug":"ultimate-glorious-glow-tea-tree-facial-treatment-acne-4pcs","status":"publish","type":"product","link":"https:\/\/testing.almagloriousbeauty.com\/en_ca\/ultimate-glorious-glow-tea-tree-facial-treatment-acne-4pcs\/","title":{"rendered":"ULTIMATE GLORIOUS GLOW TEA TREE FACIAL TREATMENT  ACNE (4pcs)"},"content":{"rendered":"<p><span style=\"color: #800080;\"><b>ULTIMATE GLORIOUS GLOW TEA TREE TONER\u00a0<\/b><\/span><\/p>\n<p><span style=\"font-weight: 400;\">L\u00e9ger et rafra\u00eechissant, il p\u00e9n\u00e8tre rapidement et convient aux peaux \u00e0 tendance acn\u00e9ique, il calme et apaise les peaux sensibles tout en humidifiant le visage et ce gr\u00e2ce au pouvoir antibact\u00e9rien naturel de l&rsquo;huile d&rsquo;arbre \u00e0 th\u00e9.<\/span><\/p>\n<p>&nbsp;<\/p>\n<p><span style=\"color: #800080;\"><b>Utilisation<\/b><\/span><\/p>\n<p><span style=\"font-weight: 400;\">La lotion tonique liquide s&rsquo;applique apr\u00e8s le d\u00e9maquillage et le nettoyage, sur une peau propre. Sur un coton, imbib\u00e9 notre lotion tonique et appliquez-le sur votre visage en effectuant des mini-tapotements et ce de l\u2019int\u00e9rieur vers l\u2019ext\u00e9rieur. Pour ne pas cr\u00e9er d&rsquo;irritation, optez pour des gestes doux sans frotter.<\/span><\/p>\n<p>&nbsp;<\/p>\n<p><span style=\"color: #800080;\"><b>Ingr\u00e9dients\u00a0<\/b><\/span><\/p>\n<p><span style=\"font-weight: 400;\">Huile d\u2019arbre \u00e0 th\u00e9: tonifiante, purifiante, assainissante, traite les impuret\u00e9s, les boutons, l\u2019ecz\u00e9ma, la peau grasse et est aussi efficace pour les d\u00e9mangeaisons.<\/span><\/p>\n<p><span style=\"font-weight: 400;\">Water, Glycerin, Rosa rugosa flower extract, Nicotinamide, Hyaluronic acid, Glycyrrhiza Inflata Root Extract, Scutellaria Baicalensis Root Extract, Xanthan Gum, Sodium Hyaluronate, Aloe Vera, Sophora Angustifolia Root Extract, Stemona Sessilifolia Root Extract, Camellia Sinensis Leaf Extract, Camellia Sinensis Leaf Extract.<\/span><\/p>\n<p>&nbsp;<\/p>\n<p><span style=\"color: #800080;\"><b>ULTIMATE GLORIOUS GLOW TEA TREE SERUM\u00a0<\/b><\/span><\/p>\n<p><span style=\"font-weight: 400;\">Le s\u00e9rum d&rsquo;arbre \u00e0 th\u00e9 agit pour soutenir le traitement de l&rsquo;acn\u00e9 en apaisant la peau, en ciblant les \u00e9ruptions cutan\u00e9es et en d\u00e9sobstruant les pores \u00e0 la fois en surface et en profondeur \u00e0 l\u2019int\u00e9rieur; revitalise la peau pour favoriser un teint d&rsquo;apparence plus sain.<\/span><\/p>\n<p>&nbsp;<\/p>\n<p><span style=\"color: #800080;\"><b>Utilisation<\/b><\/span><\/p>\n<p><span style=\"font-weight: 400;\">R\u00e9partissez le s\u00e9rum sur toutes les zones de votre visage, en r\u00e9alisant de petits mouvements circulaires afin de le faire p\u00e9n\u00e9trer. Terminez en lissant vos traits du centre du visage vers l&rsquo;ext\u00e9rieur et en tapotant votre visage. Attendez quelques minutes, puis appliquez votre cr\u00e8me visage anti acn\u00e9.<\/span><\/p>\n<p>&nbsp;<\/p>\n<p><span style=\"color: #800080;\"><b>Ingr\u00e9dients\u00a0<\/b><\/span><\/p>\n<p><span style=\"font-weight: 400;\">Water, Glycerin, Propylene Glycol, Glycerol Polyether-26, Hydroxyethyl Cellulose, Double (Hydroxymenthyl) Imidazolidyl Urea, Essence, Stemona Sessilifolia Extract, Camellia Sinensis Leaf Extract.<\/span><\/p>\n<p>&nbsp;<\/p>\n<p><span style=\"color: #800080;\"><b>ULTIMATE GLORIOUS GLOW TEA TREE ANTI ACNE CREAM<\/b><\/span><\/p>\n<p><span style=\"font-weight: 400;\">La cr\u00e8me contre l&rsquo;acn\u00e9 \u00e0 l&rsquo;arbre \u00e0 th\u00e9 agit en r\u00e9duisant la production de s\u00e9bum, en acc\u00e9l\u00e9rant le renouvellement des cellules de la peau, en apaisant et en r\u00e9duisant l&rsquo;inflammation, ce qui aide \u00e0 pr\u00e9venir les cicatrices.<\/span><\/p>\n<p>&nbsp;<\/p>\n<p><span style=\"color: #800080;\"><b>Utilisation<\/b><\/span><\/p>\n<p><span style=\"font-weight: 400;\">Apr\u00e8s avoir utilis\u00e9 notre nettoyant visage Cleanser Foam \u00e0 l\u2019arbre de th\u00e9, le toner et le s\u00e9rum de la gamme, appliquez une noisette de cr\u00e8me hydratante sur votre visage. D\u00e9posez de petites quantit\u00e9s de cr\u00e8me au niveau du front et des joues, puis massez pour faire p\u00e9n\u00e9trer la cr\u00e8me.<\/span><\/p>\n<p>&nbsp;<\/p>\n<p><span style=\"color: #800080;\"><b>Ingr\u00e9dients\u00a0<\/b><\/span><\/p>\n<p><span style=\"font-weight: 400;\">Water, Mineral Oil, Glycerol Stearate, Stearic Acid, Hamamelis Virginiana Extract, Carboxymethyl Deacetylchitosan, Stemona Sessilifolia Root Extract, Camellia Sinensis Leaf Extract.\u00a0<\/span><\/p>\n<p>&nbsp;<\/p>\n<p><span style=\"color: #800080;\"><b>ULTIMATE GLORIOUS GLOW TEA TREE CLEANSER FOAM<\/b><\/span><\/p>\n<p><span style=\"font-weight: 400;\">Nettoyez\u00a0 en profondeur votre glorieux visage en \u00e9liminant l&rsquo;exc\u00e8s de s\u00e9bum pour un aspect clair et brillant. Ressentez les effets de l&rsquo;\u00e9limination des r\u00e9sidus de maquillage et des imperfections tout en resserrant les pores.<\/span><\/p>\n<p>&nbsp;<\/p>\n<p><span style=\"color: #800080;\"><b>Utilisation<\/b><\/span><\/p>\n<p><span style=\"font-weight: 400;\">Notre mousse nettoyante est une p\u00e9pite, elle saura nettoyer votre glorieux visage en douceur permettant de lib\u00e9rer le maquillage et la poussi\u00e8re. Sur un visage mouill\u00e9 \u00e0 l\u2019eau ti\u00e8de, Appliquez deux pompes de mousse dans le creux de vos mains et appliquez-le sur le front, les joues, le nez, le menton et le cou en effectuant des mouvements circulaires. Massez votre visage pendant une minute environ; puis rincez.<\/span><\/p>\n<p>&nbsp;<\/p>\n<p><span style=\"color: #800080;\"><b>Ingr\u00e9dients\u00a0<\/b><\/span><\/p>\n<p><span style=\"font-weight: 400;\">Water, Butylene glycol, Sodium lauroyl glutamate, Cocamamide propylaine, Glyceryl stearate, Sodium stearyl glutamic acid, Hyaluronic acid, Glutamic acid, Sodium bicarbonate, North American Witch hazel leaf extract, Ethylenediamine distearate, Hydroxybenzoate, Aloe Vera, Vitamin E, Camellia Sinensis Leaf Extract.<\/span><\/p>","protected":false},"excerpt":{"rendered":"<p><span style=\"font-weight: 400;\">Si vous cherchez \u00e0 <\/span><span style=\"font-weight: 400;\">traiter l\u2019acn\u00e9, \u00e0 contr\u00f4ler l\u2019huile de votre visage, \u00e0 humidifier tout en rafra\u00eechissant, \u00e0 apaiser tout en r\u00e9parant votre glorieux visage, <\/span><span style=\"font-weight: 400;\">cette routine est faite pour vous !<\/span><\/p>\n<p><span style=\"font-weight: 400;\">Note: Tous nos produits sont autant pour les hommes que pour les femmes et conviennent \u00e0 tous types de peau<\/span><\/p>\n<p><b>ULTIMATE GLORIOUS GLOW TEA TREE TONER\u00a0<\/b><\/p>\n<p><span style=\"font-weight: 400;\">L\u00e9ger et rafra\u00eechissant, il p\u00e9n\u00e8tre rapidement et convient aux peaux \u00e0 tendance acn\u00e9ique, il calme et apaise les peaux sensibles tout en humidifiant le visage et ce gr\u00e2ce au pouvoir antibact\u00e9rien naturel de l&rsquo;huile d&rsquo;arbre \u00e0 th\u00e9.<\/span><\/p>","protected":false},"featured_media":770,"comment_status":"open","ping_status":"closed","template":"","meta":[],"product_brand":[],"product_cat":[60,66],"product_tag":[],"class_list":{"0":"post-768","1":"product","2":"type-product","3":"status-publish","4":"has-post-thumbnail","6":"product_cat-produits-de-beaute-pour-adultes","7":"product_cat-soins-du-visage","9":"first","10":"instock","11":"shipping-taxable","12":"purchasable","13":"product-type-simple"},"jetpack_sharing_enabled":true,"_links":{"self":[{"href":"https:\/\/testing.almagloriousbeauty.com\/en_ca\/wp-json\/wp\/v2\/product\/768","targetHints":{"allow":["GET"]}}],"collection":[{"href":"https:\/\/testing.almagloriousbeauty.com\/en_ca\/wp-json\/wp\/v2\/product"}],"about":[{"href":"https:\/\/testing.almagloriousbeauty.com\/en_ca\/wp-json\/wp\/v2\/types\/product"}],"replies":[{"embeddable":true,"href":"https:\/\/testing.almagloriousbeauty.com\/en_ca\/wp-json\/wp\/v2\/comments?post=768"}],"wp:featuredmedia":[{"embeddable":true,"href":"https:\/\/testing.almagloriousbeauty.com\/en_ca\/wp-json\/wp\/v2\/media\/770"}],"wp:attachment":[{"href":"https:\/\/testing.almagloriousbeauty.com\/en_ca\/wp-json\/wp\/v2\/media?parent=768"}],"wp:term":[{"taxonomy":"product_brand","embeddable":true,"href":"https:\/\/testing.almagloriousbeauty.com\/en_ca\/wp-json\/wp\/v2\/product_brand?post=768"},{"taxonomy":"product_cat","embeddable":true,"href":"https:\/\/testing.almagloriousbeauty.com\/en_ca\/wp-json\/wp\/v2\/product_cat?post=768"},{"taxonomy":"product_tag","embeddable":true,"href":"https:\/\/testing.almagloriousbeauty.com\/en_ca\/wp-json\/wp\/v2\/product_tag?post=768"}],"curies":[{"name":"wp","href":"https:\/\/api.w.org\/{rel}","templated":true}]}}