{"id":771,"date":"2024-11-20T00:46:23","date_gmt":"2024-11-20T00:46:23","guid":{"rendered":"https:\/\/testing.almagloriousbeauty.com\/?post_type=product&#038;p=771"},"modified":"2025-06-03T00:32:42","modified_gmt":"2025-06-03T00:32:42","slug":"scar-removal-cream-2","status":"publish","type":"product","link":"https:\/\/testing.almagloriousbeauty.com\/en_ca\/scar-removal-cream-2\/","title":{"rendered":"STRETCH MARKS SCAR CREAM"},"content":{"rendered":"<p><span style=\"color: #800080;\"><b>Utilisation<\/b><\/span><\/p>\n<p><span style=\"font-weight: 400;\">Prenez une quantit\u00e9 appropri\u00e9e de ce produit et appliquez-le sur la zone souhait\u00e9e, massez doucement jusqu&rsquo;\u00e0 absorption, et continuez \u00e0 l&rsquo;utiliser pour de meilleurs r\u00e9sultats.<\/span><\/p>\n<p>&nbsp;<\/p>\n<p><span style=\"color: #800080;\"><b>Ingr\u00e9dients et effets:<\/b><\/span><\/p>\n<p><span style=\"font-weight: 400;\">Camellia japonica seed oil: <\/span><span style=\"font-weight: 400;\">Pr\u00e9vient l\u2019apparition des vergetures, sa teneur en vitamines et acides ol\u00e9iques permet d\u2019assouplir et de rendre la peau plus \u00e9lastique : id\u00e9al pour un soin anti vergeture<\/span><\/p>\n<p><span style=\"font-weight: 400;\">Collagen: <\/span><span style=\"font-weight: 400;\">agit comme une barri\u00e8re qui aide \u00e0 retenir l\u2019eau dans les cellules cutan\u00e9es ce qui donne une peau hydrat\u00e9e, plus souple, plus douce et encore plus lumineuse.\u00a0<\/span><\/p>\n<p><span style=\"font-weight: 400;\">Butyrospermum parkii purpose oil: Pr\u00e9vient et r\u00e9duit visiblement l&rsquo;apparence des <\/span><b>vergetures<\/b><span style=\"font-weight: 400;\">\u00a0<\/span><\/p>\n<p><span style=\"font-weight: 400;\">Wheat germ oil: <\/span><span style=\"font-weight: 400;\">Pr\u00e9vient l\u2019apparition des <\/span><a href=\"https:\/\/www.cellublue.com\/blog\/fr\/guide-vergetures\/\" target=\"_blank\" rel=\"noopener\"><span style=\"font-weight: 400;\">vergetures<\/span><\/a><span style=\"font-weight: 400;\">, car elle contribue au maintien des propri\u00e9t\u00e9s m\u00e9caniques de la peau (r\u00e9sistance, \u00e9lasticit\u00e9 et souplesse), elle permet de lutter contre la <\/span><a href=\"https:\/\/www.cellublue.com\/blog\/fr\/grossesse-quelles-sont-les-solutions-a-la-peau-seche-de-la-femme-enceinte\/\" target=\"_blank\" rel=\"noopener\"><span style=\"font-weight: 400;\">s\u00e9cheresse cutan\u00e9e<\/span><\/a><span style=\"font-weight: 400;\"> favorisant les \u00ab craquages \u00bb. R\u00e9sorbe les vergetures de par ses vertus inflammatoires. Exceptionnelle sur les vergetures jeunes, qu\u2019elles soient rouges ou violettes, elle neutralise l\u2019inflammation sous-cutan\u00e9e et booste le processus de r\u00e9g\u00e9n\u00e9ration.<\/span><\/p>\n<p><span style=\"font-weight: 400;\">Jojoba oil: apaisante et r\u00e9paratrice, elle prot\u00e8ge la peau de la d\u00e9shydratation et ralentit la perte en eau.<\/span><\/p>\n<p><span style=\"font-weight: 400;\">Olive fruit oil: Cr\u00e9e une barri\u00e8re protectrice et pr\u00e9vient la perte de l&rsquo;hydratation naturelle de l&rsquo;\u00e9piderme, en plus de favoriser l&rsquo;\u00e9lasticit\u00e9 de la peau. Pr\u00e9vient les vergetures pendant et apr\u00e8s la grossesse, repulpe et raffermit l&rsquo;\u00e9piderme, en plus de rendre la peau lisse et souple.<\/span><\/p>\n<p><span style=\"font-weight: 400;\">Vitamine E: Renforce la barri\u00e8re cutan\u00e9e de la peau, effet hydratant, protection contre les d\u00e9g\u00e2ts des radicaux libres, agit sur l\u2019hyperpigmentation et prot\u00e8ge des expositions au soleil.<\/span><\/p>\n<p><span style=\"font-weight: 400;\">Glycyrrhiza: apaise les rougeurs et les \u00e9ruptions cutan\u00e9es<\/span><\/p>\n<p><span style=\"font-weight: 400;\">Glabra root extract: apaisante pour la peau<\/span><\/p>\n<p><span style=\"font-weight: 400;\">Chamomilla recutita flower extract: ingr\u00e9dient essentiel dans la diminution de l&rsquo;apparence des vergetures.<\/span><\/p>\n<p><span style=\"font-weight: 400;\">Centella asiatica extract: Partenaire de remodelage naturel, il est efficace dans le traitement des vergetures<\/span><\/p>\n<p><span style=\"font-weight: 400;\">Magnolia biondii bud-flower extract: Maintient la peau en bon \u00e9tat et aide \u00e0 la prot\u00e9ger des facteurs externes<\/span><\/p>\n<p><span style=\"font-weight: 400;\">Vaseline: Aide \u00e0 estomper les petites imperfections et illumine le teint. Apaise l&rsquo;\u00e9piderme apr\u00e8s une exposition au soleil et au vent sec et est recommand\u00e9 pour lutter contre les vergetures.<\/span><\/p>","protected":false},"excerpt":{"rendered":"<p><span style=\"font-weight: 400;\">Notre cr\u00e8me vergetures est faite pour \u00eatre utilis\u00e9e tout le long de la grossesse afin de pr\u00e9venir l\u2019apparition des vergetures. Elle est aussi efficace pour r\u00e9duire les vergetures les plus anciennes. Elle hydrate et apaise les sensations de tiraillement.<\/span><\/p>","protected":false},"featured_media":772,"comment_status":"open","ping_status":"closed","template":"","meta":[],"product_brand":[],"product_cat":[60,173],"product_tag":[],"class_list":{"0":"post-771","1":"product","2":"type-product","3":"status-publish","4":"has-post-thumbnail","6":"product_cat-produits-de-beaute-pour-adultes","7":"product_cat-soins-pour-vergetures-naturelles","9":"first","10":"instock","11":"shipping-taxable","12":"purchasable","13":"product-type-simple"},"jetpack_sharing_enabled":true,"_links":{"self":[{"href":"https:\/\/testing.almagloriousbeauty.com\/en_ca\/wp-json\/wp\/v2\/product\/771","targetHints":{"allow":["GET"]}}],"collection":[{"href":"https:\/\/testing.almagloriousbeauty.com\/en_ca\/wp-json\/wp\/v2\/product"}],"about":[{"href":"https:\/\/testing.almagloriousbeauty.com\/en_ca\/wp-json\/wp\/v2\/types\/product"}],"replies":[{"embeddable":true,"href":"https:\/\/testing.almagloriousbeauty.com\/en_ca\/wp-json\/wp\/v2\/comments?post=771"}],"wp:featuredmedia":[{"embeddable":true,"href":"https:\/\/testing.almagloriousbeauty.com\/en_ca\/wp-json\/wp\/v2\/media\/772"}],"wp:attachment":[{"href":"https:\/\/testing.almagloriousbeauty.com\/en_ca\/wp-json\/wp\/v2\/media?parent=771"}],"wp:term":[{"taxonomy":"product_brand","embeddable":true,"href":"https:\/\/testing.almagloriousbeauty.com\/en_ca\/wp-json\/wp\/v2\/product_brand?post=771"},{"taxonomy":"product_cat","embeddable":true,"href":"https:\/\/testing.almagloriousbeauty.com\/en_ca\/wp-json\/wp\/v2\/product_cat?post=771"},{"taxonomy":"product_tag","embeddable":true,"href":"https:\/\/testing.almagloriousbeauty.com\/en_ca\/wp-json\/wp\/v2\/product_tag?post=771"}],"curies":[{"name":"wp","href":"https:\/\/api.w.org\/{rel}","templated":true}]}}