{"id":794,"date":"2024-11-20T21:29:31","date_gmt":"2024-11-20T21:29:31","guid":{"rendered":"https:\/\/testing.almagloriousbeauty.com\/?post_type=product&#038;p=794"},"modified":"2025-05-03T15:03:31","modified_gmt":"2025-05-03T15:03:31","slug":"ultimate-glorious-look-eyeliner","status":"publish","type":"product","link":"https:\/\/testing.almagloriousbeauty.com\/en_ca\/ultimate-glorious-look-eyeliner\/","title":{"rendered":"ULTIMATE GLORIOUS LOOK EYELINER"},"content":{"rendered":"<p><span style=\"color: #800080;\"><b>UTILISATION<\/b><\/span><\/p>\n<p><span style=\"font-weight: 400;\">1- Appliquez votre Eyeliner Gel Pen en commen\u00e7ant par le coin interne de l&rsquo;\u0153il, l\u00e0 o\u00f9 naissent vos cils.<\/span><\/p>\n<p><span style=\"font-weight: 400;\">2 &#8211; Tracez au ras des cils des traits successifs en pointill\u00e9s, jusqu&rsquo;au coin externe de l&rsquo;\u0153il, puis reliez-les.<\/span><\/p>\n<p><span style=\"font-weight: 400;\">3 &#8211; Pour la virgule, utilisez un morceau de scotch plac\u00e9 en partant du coin externe pour suivre la ligne imaginaire qui monte vers la pointe des sourcils. Puis suivez cette ligne en remontant.\u00a0<\/span><\/p>\n<p><span style=\"font-weight: 400;\">4 &#8211; Laissez s\u00e9cher avant d&rsquo;ouvrir les yeux puis terminez par une couche de notre mascara waterproof\u00a0<\/span><\/p>\n<p>&nbsp;<\/p>\n<p><span style=\"color: #800080;\"><b>INGR\u00c9DIENTS<\/b><\/span><\/p>\n<p><span style=\"font-weight: 400;\">ISONONYL, ISONONANOATE, PENTAERYTHRITYL, TETRAISOSTEARATE, DIISOSTEARYL, MALATE, TITANIUM, DIOXIDE, NYLON-12, OZOKERITE, MICROCRYSTALLINE WAX, TOCOPHERYL, ACETATE, PHENOXYETHANOL, MAY CONTAIN: BLACK 2 (CI 77266)<\/span><\/p>","protected":false},"excerpt":{"rendered":"<p><span style=\"font-weight: 400;\">Nous le savons tous, un regard redessin\u00e9 fait toute la diff\u00e9rence, le <\/span><b>Eyeliner Gel Pen<\/b><span style=\"font-weight: 400;\"> de Alma Glorious Beauty saura s\u2019imposer en soulignant le contour de vos yeux et ce en accentuant ou en modifiant chaque ligne; il va sans aucun doute r\u00e9v\u00e9ler la glorieuse qu\u2019il y\u2019a en vous. Il permettra non seulement de donner une s\u00e9duction ultime \u00e0 votre regard, mais lorsqu\u2019utilis\u00e9 avec le fard \u00e0 paupi\u00e8res de Alma Glorious Beauty, il saura encadrer ce dernier permettant ainsi de bien structurer votre maquillage.\u00a0<\/span><\/p>\n<p>&nbsp;<\/p>\n<p><span style=\"font-weight: 400;\">Alors n\u2019h\u00e9sitez plus, marquez la diff\u00e9rence en laissant votre regard \u00eatre sublim\u00e9 par ce stylo.<\/span><\/p>","protected":false},"featured_media":795,"comment_status":"open","ping_status":"closed","template":"","meta":[],"product_brand":[],"product_cat":[67,60],"product_tag":[],"class_list":{"0":"post-794","1":"product","2":"type-product","3":"status-publish","4":"has-post-thumbnail","6":"product_cat-maquillage-longue-tenue","7":"product_cat-produits-de-beaute-pour-adultes","9":"first","10":"instock","11":"shipping-taxable","12":"purchasable","13":"product-type-simple"},"jetpack_sharing_enabled":true,"_links":{"self":[{"href":"https:\/\/testing.almagloriousbeauty.com\/en_ca\/wp-json\/wp\/v2\/product\/794","targetHints":{"allow":["GET"]}}],"collection":[{"href":"https:\/\/testing.almagloriousbeauty.com\/en_ca\/wp-json\/wp\/v2\/product"}],"about":[{"href":"https:\/\/testing.almagloriousbeauty.com\/en_ca\/wp-json\/wp\/v2\/types\/product"}],"replies":[{"embeddable":true,"href":"https:\/\/testing.almagloriousbeauty.com\/en_ca\/wp-json\/wp\/v2\/comments?post=794"}],"wp:featuredmedia":[{"embeddable":true,"href":"https:\/\/testing.almagloriousbeauty.com\/en_ca\/wp-json\/wp\/v2\/media\/795"}],"wp:attachment":[{"href":"https:\/\/testing.almagloriousbeauty.com\/en_ca\/wp-json\/wp\/v2\/media?parent=794"}],"wp:term":[{"taxonomy":"product_brand","embeddable":true,"href":"https:\/\/testing.almagloriousbeauty.com\/en_ca\/wp-json\/wp\/v2\/product_brand?post=794"},{"taxonomy":"product_cat","embeddable":true,"href":"https:\/\/testing.almagloriousbeauty.com\/en_ca\/wp-json\/wp\/v2\/product_cat?post=794"},{"taxonomy":"product_tag","embeddable":true,"href":"https:\/\/testing.almagloriousbeauty.com\/en_ca\/wp-json\/wp\/v2\/product_tag?post=794"}],"curies":[{"name":"wp","href":"https:\/\/api.w.org\/{rel}","templated":true}]}}