{"id":796,"date":"2024-11-20T21:33:33","date_gmt":"2024-11-20T21:33:33","guid":{"rendered":"https:\/\/testing.almagloriousbeauty.com\/?post_type=product&#038;p=796"},"modified":"2025-05-03T15:02:57","modified_gmt":"2025-05-03T15:02:57","slug":"glorious-eyebrow-pencils","status":"publish","type":"product","link":"https:\/\/testing.almagloriousbeauty.com\/en_ca\/glorious-eyebrow-pencils\/","title":{"rendered":"GLORIOUS EYEBROW PENCILS"},"content":{"rendered":"<p><span style=\"color: #800080;\"><b>UTILISATION<\/b><\/span><\/p>\n<p><span style=\"font-weight: 400;\">Obtenez des sourcils bien rang\u00e9s avec notre deux en un. D\u00e9vissez le crayon \u00e0 sourcils de 2 mm, dessinez et fa\u00e7onnez votre sourcil de la cr\u00eate sourcili\u00e8re \u00e0 l&rsquo;extr\u00e9mit\u00e9 du sourcil. Utilisez ensuite la brosse \u00e0 sourcils pour brosser doucement une fois de plus dans la m\u00eame direction pour rendre vos sourcils plus naturels.<\/span><\/p>\n<p>&nbsp;<\/p>\n<p><span style=\"color: #800080;\"><b>INGR\u00c9DIENTS<\/b><\/span><\/p>\n<p><span style=\"font-weight: 400;\">Octyl isostearate, synthetic beeswax, Brazilian carnauba wax, Pure ground wax, Magnesium aluminum silicate, Vitamine E, Ascorbyl palmitate, Mica, Coloring agent<\/span><\/p>","protected":false},"excerpt":{"rendered":"<p><span style=\"font-weight: 400;\">Vous l\u2019attendez! Un crayon \u00e0 sourcils facile d\u2019utilisation, longue dur\u00e9e qui d\u00e9finit et structure la forme des sourcils.<\/span><\/p>\n<p>&nbsp;<\/p>\n<p><span style=\"font-weight: 400;\">Un deux en un incontournable pour un trac\u00e9 au-del\u00e0 de vos attentes : une mine souple et pr\u00e9cise mais ferme pour dessiner la courbe de vos glorieux sourcils et une brosse spirale pour les discipliner et les mettre en valeur.<\/span><\/p>","protected":false},"featured_media":797,"comment_status":"open","ping_status":"closed","template":"","meta":[],"product_brand":[],"product_cat":[67,60],"product_tag":[],"class_list":{"0":"post-796","1":"product","2":"type-product","3":"status-publish","4":"has-post-thumbnail","6":"product_cat-maquillage-longue-tenue","7":"product_cat-produits-de-beaute-pour-adultes","8":"aux-has-gallery","10":"first","11":"instock","12":"shipping-taxable","13":"purchasable","14":"product-type-simple"},"jetpack_sharing_enabled":true,"_links":{"self":[{"href":"https:\/\/testing.almagloriousbeauty.com\/en_ca\/wp-json\/wp\/v2\/product\/796","targetHints":{"allow":["GET"]}}],"collection":[{"href":"https:\/\/testing.almagloriousbeauty.com\/en_ca\/wp-json\/wp\/v2\/product"}],"about":[{"href":"https:\/\/testing.almagloriousbeauty.com\/en_ca\/wp-json\/wp\/v2\/types\/product"}],"replies":[{"embeddable":true,"href":"https:\/\/testing.almagloriousbeauty.com\/en_ca\/wp-json\/wp\/v2\/comments?post=796"}],"wp:featuredmedia":[{"embeddable":true,"href":"https:\/\/testing.almagloriousbeauty.com\/en_ca\/wp-json\/wp\/v2\/media\/797"}],"wp:attachment":[{"href":"https:\/\/testing.almagloriousbeauty.com\/en_ca\/wp-json\/wp\/v2\/media?parent=796"}],"wp:term":[{"taxonomy":"product_brand","embeddable":true,"href":"https:\/\/testing.almagloriousbeauty.com\/en_ca\/wp-json\/wp\/v2\/product_brand?post=796"},{"taxonomy":"product_cat","embeddable":true,"href":"https:\/\/testing.almagloriousbeauty.com\/en_ca\/wp-json\/wp\/v2\/product_cat?post=796"},{"taxonomy":"product_tag","embeddable":true,"href":"https:\/\/testing.almagloriousbeauty.com\/en_ca\/wp-json\/wp\/v2\/product_tag?post=796"}],"curies":[{"name":"wp","href":"https:\/\/api.w.org\/{rel}","templated":true}]}}