{"id":799,"date":"2024-11-20T21:47:14","date_gmt":"2024-11-20T21:47:14","guid":{"rendered":"https:\/\/testing.almagloriousbeauty.com\/?post_type=product&#038;p=799"},"modified":"2025-05-03T15:02:25","modified_gmt":"2025-05-03T15:02:25","slug":"glorious-exfoliating-lip-scrub","status":"publish","type":"product","link":"https:\/\/testing.almagloriousbeauty.com\/en_ca\/glorious-exfoliating-lip-scrub\/","title":{"rendered":"GLORIOUS EXFOLIATING LIP SCRUB"},"content":{"rendered":"<p><span style=\"color: #800080;\"><b>UTILISATION<\/b><\/span><\/p>\n<p><span style=\"font-weight: 400;\">Pr\u00e9lever une petite quantit\u00e9 de produit. Appliquer sur les l\u00e8vres et masser doucement en l\u00e9gers mouvements circulaires pendant une dizaine de secondes. Rincer \u00e0 l&rsquo;eau ti\u00e8de. S\u00e9cher vos l\u00e8vres d\u00e9licatement et terminer le soin en appliquant une mince couche de notre <\/span><span style=\"font-weight: 400;\">GLORIOUS REPAIR AND NOURISHING LIP BALM avec son pinceau<\/span><span style=\"font-weight: 400;\"> .<\/span><\/p>\n<p>&nbsp;<\/p>\n<p><span style=\"color: #800080;\"><b>INGR\u00c9DIENTS<\/b><\/span><\/p>\n<p><span style=\"font-weight: 400;\">DICAPRYLYL CARBONATE, MINEARAL OIL, SUCROSE, MICROCRYSTALLINE WAX, PARAFFIN<\/span><\/p>","protected":false},"excerpt":{"rendered":"<p><span style=\"font-weight: 400;\">Des l\u00e8vres sign\u00e9es Glow!<\/span><\/p>\n<p><span style=\"font-weight: 400;\">Tout comme la peau du visage, les l\u00e8vres m\u00e9ritent d\u2019\u00eatre exfoli\u00e9es afin d\u2019\u00e9liminer les peaux mortes et mieux hydrater vos glorieuses l\u00e8vres. Gr\u00e2ce au paraffinum liquidum ou huile de paraffine, cette huile min\u00e9rale agit comme un \u00e9mollient en adoucissant la peau de vos l\u00e8vres. En outre, elle hydrate et maintient les l\u00e8vres lisses car elle prot\u00e8ge vos l\u00e8vres des agressions ext\u00e9rieures. Ce gommage rend vos l\u00e8vres douces, r\u00e9g\u00e9n\u00e9r\u00e9es, plus brillantes et plus lisses. Il traite et pr\u00e9pare vos l\u00e8vres afin de permettre une meilleure tenue de votre GLORIOUS REPAIR AND NOURISHING LIP BALM<\/span><\/p>","protected":false},"featured_media":800,"comment_status":"open","ping_status":"closed","template":"","meta":[],"product_brand":[],"product_cat":[67,60],"product_tag":[],"class_list":{"0":"post-799","1":"product","2":"type-product","3":"status-publish","4":"has-post-thumbnail","6":"product_cat-maquillage-longue-tenue","7":"product_cat-produits-de-beaute-pour-adultes","8":"aux-has-gallery","10":"first","11":"instock","12":"shipping-taxable","13":"purchasable","14":"product-type-variable"},"jetpack_sharing_enabled":true,"_links":{"self":[{"href":"https:\/\/testing.almagloriousbeauty.com\/en_ca\/wp-json\/wp\/v2\/product\/799","targetHints":{"allow":["GET"]}}],"collection":[{"href":"https:\/\/testing.almagloriousbeauty.com\/en_ca\/wp-json\/wp\/v2\/product"}],"about":[{"href":"https:\/\/testing.almagloriousbeauty.com\/en_ca\/wp-json\/wp\/v2\/types\/product"}],"replies":[{"embeddable":true,"href":"https:\/\/testing.almagloriousbeauty.com\/en_ca\/wp-json\/wp\/v2\/comments?post=799"}],"wp:featuredmedia":[{"embeddable":true,"href":"https:\/\/testing.almagloriousbeauty.com\/en_ca\/wp-json\/wp\/v2\/media\/800"}],"wp:attachment":[{"href":"https:\/\/testing.almagloriousbeauty.com\/en_ca\/wp-json\/wp\/v2\/media?parent=799"}],"wp:term":[{"taxonomy":"product_brand","embeddable":true,"href":"https:\/\/testing.almagloriousbeauty.com\/en_ca\/wp-json\/wp\/v2\/product_brand?post=799"},{"taxonomy":"product_cat","embeddable":true,"href":"https:\/\/testing.almagloriousbeauty.com\/en_ca\/wp-json\/wp\/v2\/product_cat?post=799"},{"taxonomy":"product_tag","embeddable":true,"href":"https:\/\/testing.almagloriousbeauty.com\/en_ca\/wp-json\/wp\/v2\/product_tag?post=799"}],"curies":[{"name":"wp","href":"https:\/\/api.w.org\/{rel}","templated":true}]}}