{"id":818,"date":"2024-11-20T22:03:10","date_gmt":"2024-11-20T22:03:10","guid":{"rendered":"https:\/\/testing.almagloriousbeauty.com\/?post_type=product&#038;p=818"},"modified":"2025-06-10T03:23:32","modified_gmt":"2025-06-10T03:23:32","slug":"glorious-matte-lip-kit-lipstick-lip-liner","status":"publish","type":"product","link":"https:\/\/testing.almagloriousbeauty.com\/en_ca\/glorious-matte-lip-kit-lipstick-lip-liner\/","title":{"rendered":"GLORIOUS MATTE LIP KIT LIPSTICK &#038; LIP LINER"},"content":{"rendered":"<p><span style=\"color: #800080;\"><b>UTILISATION<\/b><\/span><\/p>\n<p><span style=\"color: #800080;\"><b>Lip Liner Pencil<\/b><\/span><\/p>\n<p><span style=\"font-weight: 400;\">Vous souhaitez obtenir des l\u00e8vres plus pulpeuses et plus d\u00e9finies? Effectuez des mouvements naturels et l\u00e9gers\u00a0 en faisant glisser le crayon Lip Liner\u00a0 et ce, en partant du coin sup\u00e9rieur de vos glorieuses l\u00e8vres et tracez un trait l\u00e9g\u00e8rement \u00e0 l&rsquo;ext\u00e9rieur de la ligne naturelle de vos l\u00e8vres.\u00a0<\/span><\/p>\n<p><span style=\"color: #800080;\"><b>Matte Lip Stick<\/b><\/span><\/p>\n<p><span style=\"font-weight: 400;\">Utilisez des mouvements circulaires pour \u00e9taler notre Lip Stick de mani\u00e8re uniforme sur vos glorieuses l\u00e8vres. Concentrez-vous sur la l\u00e8vre inf\u00e9rieure et la l\u00e8vre sup\u00e9rieure pour un r\u00e9sultat \u00e9quilibr\u00e9.<\/span><\/p>\n<p>&nbsp;<\/p>\n<p><span style=\"color: #800080;\"><b>INGR\u00c9DIENTS<\/b><\/span><\/p>\n<p><span style=\"color: #800080;\"><b>Lip Liner Pencil<\/b><\/span><\/p>\n<p><span style=\"font-weight: 400;\">Palm kernel glycerides, Microcrystalline Wax, Hydrogenated palm glyceride, Hydrogenated coconut oil, Myristyl Myristate, Rhus sccedanea Fruit Wax, Behenyl Alcohol, Hydrogenated coco-glycerides, Carnauba Wax, Hydrogenated Castor Oil, Cetyl palmitate, Sorbitan palmitate, Stearalkonium hectorite, Propylene carbonate, Pentaerythrityl Tetra-Di-t-Butyl Hydroxycinnamate, CI 15850, CI 77120, CI 77491, CI 77499, CI 77891<\/span><\/p>\n<p><span style=\"color: #800080;\"><b>Matte Lip Stick<\/b><\/span><\/p>\n<p><span style=\"font-weight: 400;\">Isododecane, Cyclopentasiloxane, Trimethylsiloxysilicate, Polypropylsilsesquioxane, Octyldodecanol, Disteardimonium Hectorite, Mica, Ethyl vanillin, Fragrance, Propylene carbonate, Coffe Seed Extract, Olive Fruit Oil, Retinyl, Palmitate, CI 77891, CI 77491, CI 15850, CI 45410, CI 19140, CI 42090<\/span><\/p>","protected":false},"excerpt":{"rendered":"<p><span style=\"font-weight: 400;\">Sans gluten, sans paraben, sans cruaut\u00e9 sur les animaux, non test\u00e9 sur les animaux, 100% vegan notre Lip Contour Kit est imperm\u00e9able, longue dur\u00e9e et comprend :<\/span><\/p>\n<ul>\n<li style=\"font-weight: 400;\" aria-level=\"1\"><span style=\"font-weight: 400;\">Matte Lip Stick, Vegan, il procure confort et hydratation d\u00e8s la premi\u00e8re application<\/span><\/li>\n<li style=\"font-weight: 400;\" aria-level=\"1\"><span style=\"font-weight: 400;\">Lip Liner Pencil, parfait alli\u00e9 pour prolonger la tenue de votre Lip Stick et l\u2019emp\u00eacher ainsi de filer et ce gr\u00e2ce \u00e0 sa propri\u00e9t\u00e9 imperm\u00e9able longue dur\u00e9e<\/span><\/li>\n<\/ul>","protected":false},"featured_media":819,"comment_status":"open","ping_status":"closed","template":"","meta":[],"product_brand":[],"product_cat":[67,60],"product_tag":[],"class_list":{"0":"post-818","1":"product","2":"type-product","3":"status-publish","4":"has-post-thumbnail","6":"product_cat-maquillage-longue-tenue","7":"product_cat-produits-de-beaute-pour-adultes","8":"aux-has-gallery","10":"first","11":"instock","12":"shipping-taxable","13":"purchasable","14":"product-type-variable"},"jetpack_sharing_enabled":true,"_links":{"self":[{"href":"https:\/\/testing.almagloriousbeauty.com\/en_ca\/wp-json\/wp\/v2\/product\/818","targetHints":{"allow":["GET"]}}],"collection":[{"href":"https:\/\/testing.almagloriousbeauty.com\/en_ca\/wp-json\/wp\/v2\/product"}],"about":[{"href":"https:\/\/testing.almagloriousbeauty.com\/en_ca\/wp-json\/wp\/v2\/types\/product"}],"replies":[{"embeddable":true,"href":"https:\/\/testing.almagloriousbeauty.com\/en_ca\/wp-json\/wp\/v2\/comments?post=818"}],"wp:featuredmedia":[{"embeddable":true,"href":"https:\/\/testing.almagloriousbeauty.com\/en_ca\/wp-json\/wp\/v2\/media\/819"}],"wp:attachment":[{"href":"https:\/\/testing.almagloriousbeauty.com\/en_ca\/wp-json\/wp\/v2\/media?parent=818"}],"wp:term":[{"taxonomy":"product_brand","embeddable":true,"href":"https:\/\/testing.almagloriousbeauty.com\/en_ca\/wp-json\/wp\/v2\/product_brand?post=818"},{"taxonomy":"product_cat","embeddable":true,"href":"https:\/\/testing.almagloriousbeauty.com\/en_ca\/wp-json\/wp\/v2\/product_cat?post=818"},{"taxonomy":"product_tag","embeddable":true,"href":"https:\/\/testing.almagloriousbeauty.com\/en_ca\/wp-json\/wp\/v2\/product_tag?post=818"}],"curies":[{"name":"wp","href":"https:\/\/api.w.org\/{rel}","templated":true}]}}