{"id":829,"date":"2024-11-21T02:28:46","date_gmt":"2024-11-21T02:28:46","guid":{"rendered":"https:\/\/testing.almagloriousbeauty.com\/?post_type=product&#038;p=829"},"modified":"2025-05-05T02:06:25","modified_gmt":"2025-05-05T02:06:25","slug":"soins-visage-turmeric-7pcs","status":"publish","type":"product","link":"https:\/\/testing.almagloriousbeauty.com\/en_ca\/soins-visage-turmeric-7pcs\/","title":{"rendered":"ULTIMATE GLORIOUS GLOW TURMERIC + VITAMINE C FACIAL TREATMENT (7pcs)"},"content":{"rendered":"<p><span style=\"color: #800080;\"><b>ULTIMATE GLORIOUS GLOW TURMERIC + VITAMINE C CLEANSER<\/b><\/span><\/p>\n<p><span style=\"font-weight: 400;\">Vous ne nous contredirez pas, se laver r\u00e9guli\u00e8rement le visage et ce matin et soir, a pour principal objectif d\u2019\u00e9viter l\u2019obstruction des pores; et l\u2019on sait tous tr\u00e8s bien que qui dit obstruction des pores dit \u00e9ruptions cutan\u00e9es et pores dilat\u00e9s ce qui rend la peau bien plus r\u00e9ceptive aux \u00e9tapes d\u2019hydratation de notre routine de soins visage.\u00a0<\/span><\/p>\n<p><span style=\"font-weight: 400;\">Biologique, sans paraben, sans sulfate, sans silicone, le Turmeric Cleanser Foam au curcuma de Alma Glorious beauty vient effectuer un nettoyage en profondeur des pores de votre visage tout en l\u2019hydratant et ce de mani\u00e8re intense, il saura \u00e9liminer <\/span><span style=\"font-weight: 400;\">l&rsquo;exc\u00e8s de s\u00e9bum pour un aspect clair et brillant tout en am\u00e9liorant la rugosit\u00e9. Ressentez les effets de l&rsquo;\u00e9limination des r\u00e9sidus de maquillage et des imperfections tout en resserrant les pores.<\/span><\/p>\n<p>&nbsp;<\/p>\n<p><span style=\"color: #800080;\"><b>Utilisation<\/b><\/span><\/p>\n<p><span style=\"font-weight: 400;\">Le facial cleanser au curcuma de Alma Glorious Beauty saura conqu\u00e9rir votre visage. Sur visage et cou d\u00e9j\u00e0 mouill\u00e9s \u00e0 l\u2019eau ti\u00e8de, appliquez notre nettoyant visage au curcuma; massez d\u00e9licatement, avec beaucoup de douceur et rincez \u00e0 fond. \u00c9viter tout contact avec les yeux.<\/span><\/p>\n<p>&nbsp;<\/p>\n<p><span style=\"color: #800080;\"><b>INGR\u00c9DIENTS ET EFFETS<\/b><\/span><\/p>\n<p><span style=\"font-weight: 400;\">Extrait de curcuma: \u00e9pice populaire en cosm\u00e9tique, on se demande bien pourquoi? Mais oui, gr\u00e2ce \u00e0 ses propri\u00e9t\u00e9s anti acn\u00e9, illuminatrice et r\u00e9paratrice, il est devenu un incontournable.\u00a0\u00a0<\/span><\/p>\n<p><span style=\"font-weight: 400;\">Vitamine C: <\/span><span style=\"font-weight: 400;\">R\u00e9duit l\u2019apparence des rides en neutralisant les radicaux libres, am\u00e9liore l\u2019\u00e9lasticit\u00e9 de la peau et att\u00e9nue les t\u00e2ches pigmentaires\u00a0<\/span><\/p>\n<p><span style=\"font-weight: 400;\">Aloe Vera: <\/span><span style=\"font-weight: 400;\">apaisant, cicatrisant, antibact\u00e9rien, hydratant, lissant, protecteur, anti-t\u00e2ches.<\/span><\/p>\n<p><span style=\"font-weight: 400;\">Acide hyaluronique: <\/span><span style=\"font-weight: 400;\">S\u2019incruste intens\u00e9ment dans la peau en augmentant son \u00e9lasticit\u00e9, en activant son hydratation et sa r\u00e9g\u00e9n\u00e9ration; r\u00e9duit l\u2019apparence des ridules et des rides en retenant l\u2019humidit\u00e9 dans la peau.<\/span><\/p>\n<p>&nbsp;<\/p>\n<p><span style=\"color: #800080;\"><b>ULTIMATE GLORIOUS GLOW TURMERIC + VITAMINE C LOTION<\/b><\/span><\/p>\n<p><span style=\"font-weight: 400;\">Tout ce que votre peau r\u00e9clame; mais avant d&rsquo;accueillir notre lotion corporelle au curcuma et \u00e0 la vitamine C, votre peau doit au pr\u00e9alable avoir \u00e9t\u00e9 gomm\u00e9e, savonn\u00e9e bien rinc\u00e9e. Maintenant, laissons place \u00e0 notre magnifique lotion <\/span><span style=\"font-weight: 400;\">au curcuma et \u00e0 la vitamine C. Elle viendra am\u00e9liorer l\u2019acn\u00e9, \u00e9claircir votre peau tout en la rendant lisse.<\/span><\/p>\n<p>&nbsp;<\/p>\n<p><span style=\"color: #800080;\"><b>Utilisation<\/b><\/span><\/p>\n<p><span style=\"font-weight: 400;\">Une fois votre glorieux corps gomm\u00e9, savonn\u00e9, il est maintenant temps d\u2019appliquer notre magnifique lotion\u00a0<\/span><\/p>\n<ul>\n<li style=\"font-weight: 400;\"><span style=\"font-weight: 400;\">\u00c9tape 1: Chauffer<\/span><\/li>\n<\/ul>\n<p><span style=\"font-weight: 400;\">Pr\u00e9levez une quantit\u00e9 de lotion, frottez-la dans vos paumes de mains pendant environ 10 secondes; le but \u00e9tant de mettre la lotion \u00e0 la m\u00eame temp\u00e9rature que celle de votre peau afin qu\u2019elle ait un effet imm\u00e9diat.<\/span><\/p>\n<ul>\n<li style=\"font-weight: 400;\"><span style=\"font-weight: 400;\">\u00c9tape 2: L\u2019effleurage<\/span><\/li>\n<\/ul>\n<p><span style=\"font-weight: 400;\">Prenez vos mains, et avec la pression de ces derni\u00e8res, r\u00e9partir et ce de mani\u00e8re uniforme la lotion sur le tout le corps avec des mouvements circulaires et beaucoup de douceur et ce pendant quelques minutes.<\/span><\/p>\n<ul>\n<li style=\"font-weight: 400;\"><span style=\"font-weight: 400;\">\u00c9tape 3: Pressions appuy\u00e9es<\/span><\/li>\n<\/ul>\n<p><span style=\"font-weight: 400;\">On va se servir de la m\u00e9thode de drainage par pression afin d\u2019appliquer sur chaque partie du corps des pressions circulaires et ce \u00e0 l\u2019aide des doigts et de la paume des mains cela permettra de redonner de l\u2019\u00e9clat au teint tout en stimulant la circulation en pr\u00e9servant la fermet\u00e9 de votre peau. Nous allons r\u00e9p\u00e9ter ce mouvement jusqu\u2019\u00e0 absorption compl\u00e8te.<\/span><\/p>\n<p>&nbsp;<\/p>\n<p><span style=\"color: #800080;\"><b>INGR\u00c9DIENTS ET EFFETS<\/b><\/span><\/p>\n<p><span style=\"font-weight: 400;\">Extrait de curcuma: \u00e9pice populaire en cosm\u00e9tique, on se demande bien pourquoi? Mais oui, gr\u00e2ce \u00e0 ses propri\u00e9t\u00e9s anti acn\u00e9, illuminatrice et r\u00e9paratrice, il est devenu un incontournable.\u00a0\u00a0<\/span><\/p>\n<p><span style=\"font-weight: 400;\">Vitamine C: <\/span><span style=\"font-weight: 400;\">R\u00e9duit l\u2019apparence des rides en neutralisant les radicaux libres, am\u00e9liore l\u2019\u00e9lasticit\u00e9 de la peau et att\u00e9nue les t\u00e2ches pigmentaires\u00a0<\/span><\/p>\n<p><span style=\"font-weight: 400;\">Glyc\u00e9rine: Hydratante, elle rend la peau douce, lisse et fra\u00eeche<\/span><\/p>\n<p><span style=\"font-weight: 400;\">Acide hyaluronique: <\/span><span style=\"font-weight: 400;\">S\u2019incruste intens\u00e9ment dans la peau en augmentant son \u00e9lasticit\u00e9, en activant son hydratation et sa r\u00e9g\u00e9n\u00e9ration; r\u00e9duit l\u2019apparence des ridules et des rides en retenant l\u2019humidit\u00e9 dans la peau<\/span><\/p>\n<p>&nbsp;<\/p>\n<p><span style=\"color: #800080;\"><b>ULTIMATE GLORIOUS GLOW TURMERIC + VITAMINE C SERUM<\/b><\/span><\/p>\n<p><span style=\"font-weight: 400;\">Les s\u00e9rums principalement utilis\u00e9s sur le visage, ont pour r\u00f4le de cibler des manquements sp\u00e9cifiques tels que les rides, les t\u00e2ches, le vieillissement pr\u00e9matur\u00e9, la perte de vitalit\u00e9, l\u2019exc\u00e8s de s\u00e9bum, la dilatation des pores et bien d\u2019autres.\u00a0<\/span><\/p>\n<p><span style=\"font-weight: 400;\">Biologique, v\u00e9g\u00e9talien, <\/span><span style=\"font-weight: 400;\">sans paraben, sans silicone, sans cruaut\u00e9 sur les animaux, sans sulfate, sans parfum et fait de vitamine C, le s\u00e9rum visage au curcuma et \u00e0 la vitamine C de Alma Glorious beauty n\u2019est pas en reste; une utilisation quotidienne vous permettra de <\/span><span style=\"font-weight: 400;\">r\u00e9duire l&rsquo;apparence des pores, <\/span><span style=\"font-weight: 400;\">d\u2019avoir une <\/span><span style=\"font-weight: 400;\">peau douce et souple.<\/span><\/p>\n<p>&nbsp;<\/p>\n<p><span style=\"color: #800080;\"><b>UTILISATION<\/b><\/span><\/p>\n<p><span style=\"font-weight: 400;\">Une fois votre visage nettoy\u00e9 avec notre facial cleanser, appliquez notre s\u00e9rum sur vos mains, frottez ensuite vos mains l\u2019une contre l\u2019autre par la suite, pressez vos mains sur la peau de votre visage et de votre cou. Appliquez le s\u00e9rum en tapotant, \u00e0 la fois sur le visage et le cou. Profitez de ce moment de bien-\u00eatre en laissant votre peau du visage et du cou absorber notre s\u00e9rum pendant quelques minutes.<\/span><\/p>\n<p>&nbsp;<\/p>\n<p><span style=\"color: #800080;\"><b>INGR\u00c9DIENTS ET EFFETS<\/b><\/span><\/p>\n<p><span style=\"font-weight: 400;\">Extrait de curcuma: \u00e9pice populaire en cosm\u00e9tique, on se demande bien pourquoi? Mais oui, gr\u00e2ce \u00e0 ses propri\u00e9t\u00e9s anti acn\u00e9, illuminatrice et r\u00e9paratrice, il est devenu un incontournable.\u00a0\u00a0<\/span><\/p>\n<p><span style=\"font-weight: 400;\">Vitamine C: <\/span><span style=\"font-weight: 400;\">R\u00e9duit l\u2019apparence des rides en neutralisant les radicaux libres, am\u00e9liore l\u2019\u00e9lasticit\u00e9 de la peau et att\u00e9nue les t\u00e2ches pigmentaires\u00a0<\/span><\/p>\n<p><span style=\"font-weight: 400;\">Aloe Vera: <\/span><span style=\"font-weight: 400;\">apaisant, cicatrisant, antibact\u00e9rien, hydratant, lissant, protecteur, anti-t\u00e2ches.<\/span><\/p>\n<p><span style=\"font-weight: 400;\">Acide hyaluronique: <\/span><span style=\"font-weight: 400;\">S\u2019incruste intens\u00e9ment dans la peau en augmentant son \u00e9lasticit\u00e9, en activant son hydratation et sa r\u00e9g\u00e9n\u00e9ration; r\u00e9duit l\u2019apparence des ridules et des rides en retenant l\u2019humidit\u00e9 dans la peau.<\/span><\/p>\n<p>&nbsp;<\/p>\n<p><span style=\"color: #800080;\"><b>ULTIMATE GLORIOUS GLOW TURMERIC + VITAMINE C CREAM\u00a0<\/b><\/span><\/p>\n<p><span style=\"font-weight: 400;\">Combiner des ingr\u00e9dients de beaut\u00e9 tels que le curcuma, la vitamine C, l\u2019aloe vera, l\u2019acide hyaluronique ne peuvent que donner des r\u00e9sultats extraordinaires sur votre visage. Cette cr\u00e8me visage viendra \u00e9claircir et lisser votre peau de visage, \u00e9liminer les t\u00e2ches, <\/span><span style=\"font-weight: 400;\">am\u00e9liorer l\u2019acn\u00e9 et contr\u00f4ler l\u2019huile.<\/span><\/p>\n<p>&nbsp;<\/p>\n<p><span style=\"color: #800080;\"><b>Utilisation<\/b><\/span><\/p>\n<p><span style=\"font-weight: 400;\">Une fois votre visage nettoy\u00e9 avec notre facial cleanser, le s\u00e9rum appliqu\u00e9, il est maintenant temps d\u2019appliquer notre magnifique cr\u00e8me visage en pr\u00e9parant la peau du visage et du cou en trois \u00e9tapes simples:<\/span><\/p>\n<ul>\n<li style=\"font-weight: 400;\"><span style=\"font-weight: 400;\">\u00c9tape 1: Chauffer<\/span><\/li>\n<\/ul>\n<p><span style=\"font-weight: 400;\">Pr\u00e9levez une petite quantit\u00e9 de cr\u00e8me, l\u2019\u00e9quivalent de deux noisettes, frottez-la dans vos paumes de mains pendant environ 5 secondes; le but \u00e9tant de mettre la cr\u00e8me \u00e0 la m\u00eame temp\u00e9rature que celle de votre peau afin qu\u2019elle ait un effet imm\u00e9diat.<\/span><\/p>\n<ul>\n<li style=\"font-weight: 400;\"><span style=\"font-weight: 400;\">\u00c9tape 2: L\u2019effleurage<\/span><\/li>\n<\/ul>\n<p><span style=\"font-weight: 400;\">Prenez vos mains, et avec la pression de ces derni\u00e8res, r\u00e9partir et ce de mani\u00e8re uniforme la cr\u00e8me sur le visage et le cou en mouvement de lissage l\u00e9ger avec beaucoup de douceur et ce pendant une dizaine de secondes.<\/span><\/p>\n<ul>\n<li style=\"font-weight: 400;\"><span style=\"font-weight: 400;\">\u00c9tape 3: Pressions appuy\u00e9es<\/span><\/li>\n<\/ul>\n<p><span style=\"font-weight: 400;\">On va se servir de la m\u00e9thode de drainage par pression afin d\u2019appliquer sur la peau du visage et du d\u00e9collet\u00e9 des pressions circulaires et ce \u00e0 l\u2019aide des doigts et de la paume des mains cela permettra de redonner de l\u2019\u00e9clat au teint tout en stimulant la circulation en pr\u00e9servant la fermet\u00e9 de votre peau. Pour ce qui est du visage, ce sera de la ligne m\u00e9diane vers l\u2019ext\u00e9rieur et pour le cou, toujours de haut en bas. Nous allons r\u00e9p\u00e9ter ce mouvement trois fois sur les joues, trois fois sur le front et cinq fois sur le cou et le d\u00e9collet\u00e9.<\/span><\/p>\n<p>&nbsp;<\/p>\n<p><span style=\"color: #800080;\"><b>INGR\u00c9DIENTS ET EFFETS<\/b><\/span><\/p>\n<p><span style=\"font-weight: 400;\">Extrait de curcuma: \u00e9pice populaire en cosm\u00e9tique, on se demande bien pourquoi? Mais oui, gr\u00e2ce \u00e0 ses propri\u00e9t\u00e9s anti acn\u00e9, illuminatrice et r\u00e9paratrice, il est devenu un incontournable.\u00a0\u00a0<\/span><\/p>\n<p><span style=\"font-weight: 400;\">Vitamine C: <\/span><span style=\"font-weight: 400;\">R\u00e9duit l\u2019apparence des rides en neutralisant les radicaux libres, am\u00e9liore l\u2019\u00e9lasticit\u00e9 de la peau et att\u00e9nue les t\u00e2ches pigmentaires\u00a0<\/span><\/p>\n<p><span style=\"font-weight: 400;\">Aloe Vera: <\/span><span style=\"font-weight: 400;\">apaisant, cicatrisant, antibact\u00e9rien, hydratant, lissant, protecteur, anti-t\u00e2ches.<\/span><\/p>\n<p><span style=\"font-weight: 400;\">Acide hyaluronique: <\/span><span style=\"font-weight: 400;\">S\u2019incruste intens\u00e9ment dans la peau en augmentant son \u00e9lasticit\u00e9, en activant son hydratation et sa r\u00e9g\u00e9n\u00e9ration; r\u00e9duit l\u2019apparence des ridules et des rides en retenant l\u2019humidit\u00e9 dans la peau.<\/span><\/p>\n<p>&nbsp;<\/p>\n<p><span style=\"color: #800080;\"><b>ULTIMATE GLORIOUS GLOW TURMERIC + VITAMINE C SOAP<\/b><\/span><\/p>\n<p><span style=\"font-weight: 400;\">R\u00e9duction de l\u2019acn\u00e9 et des imperfections, et ce gr\u00e2ce \u00e0 ses propri\u00e9t\u00e9s antibact\u00e9riennes et anti-inflammatoires, notre savon au curcuma est efficace dans le traitement de l\u2019acn\u00e9. Il aide \u00e0 r\u00e9duire consid\u00e9rablement les boutons et \u00e0 pr\u00e9venir leur apparition tout en traitant votre peau en douceur. Sa mousse fine et riche saura\u00a0 nettoyer votre visage et votre corps en profondeur tout en illuminant et en uniformisant votre glorieux teint et ce, en redonnant l\u2019\u00e9clat et un \u00e9claircissement glorieux.<\/span><\/p>\n<p>&nbsp;<\/p>\n<p><span style=\"color: #800080;\"><b>Utilisation<\/b><\/span><\/p>\n<p><span style=\"font-weight: 400;\">Mouillez la partie \u00e0 nettoyer, s\u2019il s\u2019agit de votre visage, faites mousser votre savon au curcuma dans votre paume de main et utilisez cette mousse pour l\u2019appliquer avec douceur sur votre visage puis rincez. Pour ce qui est du reste du corps d\u00e9j\u00e0 humidifi\u00e9 par de l\u2019eau, vous pouvez frotter votre savon le long du reste du corps et gr\u00e2ce \u00e0 votre gant exfoliant corporel, appliquez des mouvements circulaires puis rincez.<\/span><\/p>\n<p>&nbsp;<\/p>\n<p><span style=\"color: #800080;\"><b>INGR\u00c9DIENTS ET EFFETS<\/b><\/span><\/p>\n<p><span style=\"font-weight: 400;\">Extrait de Curcuma: \u00e9pice populaire en cosm\u00e9tique, on se demande bien pourquoi? Mais oui, gr\u00e2ce \u00e0 ses propri\u00e9t\u00e9s anti acn\u00e9, illuminatrice et r\u00e9paratrice, il est devenu un incontournable.\u00a0\u00a0<\/span><\/p>\n<p>&nbsp;<\/p>\n<p><span style=\"color: #800080;\"><b>ULTIMATE GLORIOUS GLOW TURMERIC + VITAMINE C CLAY MASK\u00a0<\/b><\/span><\/p>\n<p><span style=\"font-weight: 400;\">Fait \u00e0 base d\u2019argile blanche, de vitamine C, d\u2019acide hyaluronique et de curcuma, riche en antioxydants, ce masque visage apaise et soulage la peau s\u00e8che. Cette fusion d&rsquo;ingr\u00e9dients d&rsquo;origine naturelle nourrit, nettoie, resserre les pores et hydrate en profondeur, laissant la peau d&rsquo;apparence plus jeune, radieuse et \u00e9nergis\u00e9e. Il redonne de la vitalit\u00e9 et illumine le teint. Le curcuma a des vertus anti-inflammatoires et ravive le teint pour un effet bonne mine instantan\u00e9 et un coup d\u2019\u00e9clat naturel. L\u2019argile blanche kaolin d\u00e9toxifie et assainit la peau tout en l&rsquo;adoucissant. Elle est \u00e9galement efficace en cas d&rsquo;acn\u00e9 gr\u00e2ce \u00e0 ses propri\u00e9t\u00e9s cicatrisantes et apaisantes.\u00a0<\/span><\/p>\n<p>&nbsp;<\/p>\n<p><span style=\"color: #800080;\"><b>UTILISATION<\/b><\/span><\/p>\n<p><span style=\"font-weight: 400;\">\u00c0 l\u2019aide d\u2019une spatule, appliquer notre masque sur l\u2019ensemble du visage et ce en \u00e9vitant le contour des yeux. Laissez poser 10 \u00e0 20 minutes <\/span><span style=\"font-weight: 400;\">humidifiez le masque avec une \u00e9ponge ou un gant de toilette humide. Rincez abondamment pour \u00e9liminer toute trace d&rsquo;argile. Appliquez par la suite le s\u00e9rum et la cr\u00e8me visage.<\/span><\/p>\n<p>&nbsp;<\/p>\n<p><span style=\"color: #800080;\"><b>INGR\u00c9DIENTS ET EFFETS<\/b><\/span><\/p>\n<p><span style=\"font-weight: 400;\">Extrait de Curcuma: \u00e9pice populaire en cosm\u00e9tique, on se demande bien pourquoi? Mais oui, gr\u00e2ce \u00e0 ses propri\u00e9t\u00e9s anti acn\u00e9, illuminatrice et r\u00e9paratrice, il est devenu un incontournable.\u00a0\u00a0<\/span><\/p>\n<p><span style=\"font-weight: 400;\">Vitamine C: <\/span><span style=\"font-weight: 400;\">R\u00e9duit l\u2019apparence des rides en neutralisant les radicaux libres, am\u00e9liore l\u2019\u00e9lasticit\u00e9 de la peau et att\u00e9nue les t\u00e2ches pigmentaires\u00a0<\/span><\/p>\n<p><span style=\"font-weight: 400;\">Kaolin, argile blanche: <\/span><span style=\"font-weight: 400;\">Douce, elle d\u00e9toxifie et assainit la peau tout en l&rsquo;adoucissant.<\/span><\/p>\n<p><span style=\"font-weight: 400;\">Acide Hyaluronique: <\/span><span style=\"font-weight: 400;\">S\u2019incruste intens\u00e9ment dans la peau en augmentant son \u00e9lasticit\u00e9, en activant son hydratation et sa r\u00e9g\u00e9n\u00e9ration; r\u00e9duit l\u2019apparence des ridules et des rides en retenant l\u2019humidit\u00e9 dans la peau.<\/span><\/p>\n<p>&nbsp;<\/p>\n<p><span style=\"color: #800080;\"><b>ULTIMATE GLORIOUS GLOW TURMERIC + VITAMINE C SCRUB<\/b><\/span><\/p>\n<p><span style=\"font-weight: 400;\">C&rsquo;est connu, une exfoliation m\u00e9canique est id\u00e9ale afin d&rsquo;avoir une peau neuve; avec notre gommage \u00e9claircissant au curcuma et \u00e0 la vitamine C , attendez-vous non seulement \u00e0 avoir une peau exfoli\u00e9e en profondeur mais aussi un \u00e9clat glorieux.<\/span><\/p>\n<p>&nbsp;<\/p>\n<p><span style=\"color: #800080;\"><b>Utilisation<\/b><\/span><\/p>\n<p><span style=\"font-weight: 400;\">Effectuer une exfoliation m\u00e9canique autant de son visage que de son corps est un moment de d\u00e9tente intense; alors vu que vous emmenez le spa \u00e0 domicile, \u00e0 l\u2019aide de l\u2019eau ti\u00e8de, commencez par vous mouillez le visage et le corps; ensuite, prendre une quantit\u00e9 suffisante de notre gommage et avec des mouvements circulaires, massez-vous tout en douceur et avec beaucoup de d\u00e9licatesse tel un glorieux, une glorieuse la partie d\u00e9sir\u00e9e. Ne soyez pas press\u00e9 car si vous voulez des r\u00e9sultats, il faut d\u2019abord pr\u00e9parer son corps \u00e0 faire un avec le reste de la gamme et ce, en \u00e9liminant les cellules mortes accumul\u00e9es \u00e0 la surface de la peau; une fois ces cellules \u00e9limin\u00e9es, votre peau sera fin pr\u00eate \u00e0 se laisser transporter par les autres produits de la gamme.<\/span><\/p>\n<p>&nbsp;<\/p>\n<p><span style=\"color: #800080;\"><b>INGR\u00c9DIENTS ET EFFETS<\/b><\/span><\/p>\n<p><b>Extrait de curcuma: <\/b><span style=\"font-weight: 400;\">\u00e9pice populaire en cosm\u00e9tique, on se demande bien pourquoi? Mais oui, gr\u00e2ce \u00e0 ses propri\u00e9t\u00e9s anti acn\u00e9, illuminatrice et r\u00e9paratrice, il est devenu un incontournable.\u00a0\u00a0<\/span><\/p>\n<p><b>Vitamine C: <\/b><span style=\"font-weight: 400;\">R\u00e9duit l\u2019apparence des rides en neutralisant les radicaux libres, am\u00e9liore l\u2019\u00e9lasticit\u00e9 de la peau et att\u00e9nue les t\u00e2ches pigmentaires\u00a0<\/span><\/p>\n<p><b>Glyc\u00e9rine: <\/b><span style=\"font-weight: 400;\">Hydratante, elle rend la peau douce, lisse et fra\u00eeche<\/span><\/p>\n<p><b>Acide hyaluronique: <\/b><span style=\"font-weight: 400;\">S\u2019incruste intens\u00e9ment dans la peau en augmentant son \u00e9lasticit\u00e9, en activant son hydratation et sa r\u00e9g\u00e9n\u00e9ration; r\u00e9duit l\u2019apparence des ridules et des rides en retenant l\u2019humidit\u00e9 dans la peau.<\/span><\/p>","protected":false},"excerpt":{"rendered":"<p><span style=\"font-weight: 400;\">Vous cherchez \u00e0 <\/span><span style=\"font-weight: 400;\">traiter l\u2019acn\u00e9, \u00e0 r\u00e9duire les taches brunes, les rides et les ridules, \u00e0 am\u00e9liorer efficacement l\u2019apparence de votre peau, \u00e0 avoir une peau ferme et\u00a0 d\u2019apparence jeune ? Notre ensemble de soins de visage au Curcuma et \u00e0 la vitamine C est fait pour vous!<\/span><\/p>\n<p><span style=\"font-weight: 400;\">Note: Tous nos produits sont autant pour les hommes que pour les femmes et conviennent \u00e0 tous types de peau<\/span><\/p>\n<p><b>ULTIMATE GLORIOUS GLOW TURMERIC + VITAMINE C CLEANSER<\/b><\/p>\n<p><span style=\"font-weight: 400;\">Vous ne nous contredirez pas, se laver r\u00e9guli\u00e8rement le visage et ce matin et soir, a pour principal objectif d\u2019\u00e9viter l\u2019obstruction des pores; et l\u2019on sait tous tr\u00e8s bien que qui dit obstruction des pores dit \u00e9ruptions cutan\u00e9es et pores dilat\u00e9s ce qui rend la peau bien plus r\u00e9ceptive aux \u00e9tapes d\u2019hydratation de notre routine de soins visage.\u00a0<\/span><\/p>\n<p><span style=\"font-weight: 400;\">Biologique, sans paraben, sans sulfate, sans silicone, le Turmeric Cleanser Foam au curcuma de Alma Glorious beauty vient effectuer un nettoyage en profondeur des pores de votre visage tout en l\u2019hydratant et ce de mani\u00e8re intense, il saura \u00e9liminer <\/span><span style=\"font-weight: 400;\">l\u2019exc\u00e8s de s\u00e9bum pour un aspect clair et brillant tout en am\u00e9liorant la rugosit\u00e9. Ressentez les effets de l\u2019\u00e9limination des r\u00e9sidus de maquillage et des imperfections tout en resserrant les pores.<\/span><\/p>","protected":false},"featured_media":830,"comment_status":"open","ping_status":"closed","template":"","meta":[],"product_brand":[],"product_cat":[60,66],"product_tag":[],"class_list":{"0":"post-829","1":"product","2":"type-product","3":"status-publish","4":"has-post-thumbnail","6":"product_cat-produits-de-beaute-pour-adultes","7":"product_cat-soins-du-visage","9":"first","10":"instock","11":"shipping-taxable","12":"purchasable","13":"product-type-simple"},"jetpack_sharing_enabled":true,"_links":{"self":[{"href":"https:\/\/testing.almagloriousbeauty.com\/en_ca\/wp-json\/wp\/v2\/product\/829","targetHints":{"allow":["GET"]}}],"collection":[{"href":"https:\/\/testing.almagloriousbeauty.com\/en_ca\/wp-json\/wp\/v2\/product"}],"about":[{"href":"https:\/\/testing.almagloriousbeauty.com\/en_ca\/wp-json\/wp\/v2\/types\/product"}],"replies":[{"embeddable":true,"href":"https:\/\/testing.almagloriousbeauty.com\/en_ca\/wp-json\/wp\/v2\/comments?post=829"}],"wp:featuredmedia":[{"embeddable":true,"href":"https:\/\/testing.almagloriousbeauty.com\/en_ca\/wp-json\/wp\/v2\/media\/830"}],"wp:attachment":[{"href":"https:\/\/testing.almagloriousbeauty.com\/en_ca\/wp-json\/wp\/v2\/media?parent=829"}],"wp:term":[{"taxonomy":"product_brand","embeddable":true,"href":"https:\/\/testing.almagloriousbeauty.com\/en_ca\/wp-json\/wp\/v2\/product_brand?post=829"},{"taxonomy":"product_cat","embeddable":true,"href":"https:\/\/testing.almagloriousbeauty.com\/en_ca\/wp-json\/wp\/v2\/product_cat?post=829"},{"taxonomy":"product_tag","embeddable":true,"href":"https:\/\/testing.almagloriousbeauty.com\/en_ca\/wp-json\/wp\/v2\/product_tag?post=829"}],"curies":[{"name":"wp","href":"https:\/\/api.w.org\/{rel}","templated":true}]}}