{"id":831,"date":"2024-11-21T02:34:45","date_gmt":"2024-11-21T02:34:45","guid":{"rendered":"https:\/\/testing.almagloriousbeauty.com\/?post_type=product&#038;p=831"},"modified":"2025-05-05T02:09:56","modified_gmt":"2025-05-05T02:09:56","slug":"soins-visage-acide-kojique","status":"publish","type":"product","link":"https:\/\/testing.almagloriousbeauty.com\/en_ca\/soins-visage-acide-kojique\/","title":{"rendered":"ULTIMATE GLORIOUS GLOW KOJIC ACID FACIAL TREATMENT (4pcs)"},"content":{"rendered":"<p><span style=\"color: #800080;\"><b>ULTIMATE GLORIOUS GLOW KOJIC ACID LOTION<\/b><\/span><\/p>\n<p><span style=\"font-weight: 400;\">La lotion \u00e0 l\u2019acide kojique vous aidera \u00e0 avoir une peau lisse, douce et impeccable. Alors si vous vous sentez g\u00ean\u00e9 par votre acn\u00e9 du corps, soyez rassur\u00e9 que cette lotion pour le corps saura vous redonner confiance! Elle est l\u00e9g\u00e8re et s\u2019absorbe facilement et rapidement.<\/span><\/p>\n<p>&nbsp;<\/p>\n<p><span style=\"color: #800080;\"><b>Utilisation<\/b><\/span><\/p>\n<p><span style=\"font-weight: 400;\">Notre Ultimate Glorious Glow Lotion \u00e0 l\u2019acide kojique est pr\u00eate pour accueillir votre glorieux visage<\/span><\/p>\n<ul>\n<li><span style=\"font-weight: 400;\">\u00c9tape 1: Chauffer<\/span><\/li>\n<\/ul>\n<p><span style=\"font-weight: 400;\">Pr\u00e9levez une quantit\u00e9 de lotion, frottez-la dans vos paumes de mains pendant environ 10 secondes; le but \u00e9tant de mettre la lotion \u00e0 la m\u00eame temp\u00e9rature que celle de votre peau afin qu\u2019elle ait un effet imm\u00e9diat.<\/span><\/p>\n<ul>\n<li style=\"font-weight: 400;\" aria-level=\"1\"><span style=\"font-weight: 400;\">\u00c9tape 2: L\u2019effleurage<\/span><\/li>\n<\/ul>\n<p><span style=\"font-weight: 400;\">Prenez vos mains, et avec la pression de ces derni\u00e8res, r\u00e9partir et ce de mani\u00e8re uniforme la lotion sur le tout le corps avec des mouvements circulaires et beaucoup de douceur et ce pendant quelques minutes.<\/span><\/p>\n<ul>\n<li style=\"font-weight: 400;\" aria-level=\"1\"><span style=\"font-weight: 400;\">\u00c9tape 3: Pressions appuy\u00e9es<\/span><\/li>\n<\/ul>\n<p><span style=\"font-weight: 400;\">On va se servir de la m\u00e9thode de drainage par pression afin d\u2019appliquer sur chaque partie du corps des pressions circulaires et ce \u00e0 l\u2019aide des doigts et de la paume des mains cela permettra de redonner de l\u2019\u00e9clat au teint tout en stimulant la circulation en pr\u00e9servant la fermet\u00e9 de votre peau. Nous allons r\u00e9p\u00e9ter ce mouvement jusqu\u2019\u00e0 absorption compl\u00e8te, cela permettra aussi au SFP30 de p\u00e9n\u00e9trer intens\u00e9ment afin de vous prot\u00e9ger du soleil tout au long de la journ\u00e9e.<\/span><\/p>\n<p>&nbsp;<\/p>\n<p><span style=\"color: #800080;\"><b>Ingr\u00e9dients et effets<\/b><\/span><\/p>\n<p><span style=\"font-weight: 400;\">Acide Kojique: agent \u00e9claircissant, <\/span><span style=\"font-weight: 400;\">il r\u00e9duit efficacement l&rsquo;apparence des taches brunes et de l&rsquo;hyperpigmentation, pour un teint plus lumineux et plus uniforme.<\/span><\/p>\n<p>&nbsp;<\/p>\n<p><span style=\"color: #800080;\"><b>ULTIMATE GLORIOUS GLOW KOJIC ACID SERUM<\/b><\/span><\/p>\n<p><span style=\"font-weight: 400;\">Les s\u00e9rums principalement utilis\u00e9s sur le visage, ont pour r\u00f4le de cibler des manquements sp\u00e9cifiques tels que les rides, les t\u00e2ches, le vieillissement pr\u00e9matur\u00e9, la perte de vitalit\u00e9, l\u2019exc\u00e8s de s\u00e9bum, la dilatation des pores et bien d\u2019autres.\u00a0<\/span><\/p>\n<p><span style=\"font-weight: 400;\">Biologique, v\u00e9g\u00e9talien, <\/span><span style=\"font-weight: 400;\">sans paraben, sans silicone, sans cruaut\u00e9 sur les animaux, sans sulfate, sans parfum, sans hydroquinone et fait d\u2019acide kojique, l\u2019Ultimate Glorious Glow Kojic Acid Serum de Alma Glorious beauty n\u2019est pas en reste; une utilisation quotidienne vous permettra de <\/span><span style=\"font-weight: 400;\">r\u00e9duire l\u2019apparence de la d\u00e9coloration de la peau, comme les taches brunes, les taches d\u2019acn\u00e9 et les taches de vieillesse; d\u2019uniformiser le teint. L&rsquo;acide kojique n&rsquo;est pas nocif, c\u2019est un moyen doux et naturel d\u2019uniformiser la couleur de la peau. Le s\u00e9rum d&rsquo;acide kojique peut \u00eatre utilis\u00e9 g\u00e9n\u00e9reusement sur toutes les parties du visage et du corps.<\/span><\/p>\n<p>&nbsp;<\/p>\n<p><span style=\"color: #800080;\"><b>Utilisation<\/b><\/span><\/p>\n<p><span style=\"font-weight: 400;\">Une fois votre visage nettoy\u00e9, appliquez notre s\u00e9rum \u00e0 l\u2019acide kojique sur vos mains, frottez ensuite vos mains l\u2019une contre l\u2019autre par la suite, pressez vos mains sur la peau de votre visage et de votre cou. Appliquez le s\u00e9rum en tapotant, \u00e0 la fois sur le visage et le cou. Profitez de ce moment de bien-\u00eatre en laissant votre peau du visage et du cou absorber notre s\u00e9rum pendant quelques minutes.<\/span><\/p>\n<p>&nbsp;<\/p>\n<p><span style=\"color: #800080;\"><b>Ingr\u00e9dients et effets:<\/b><\/span><\/p>\n<p><span style=\"font-weight: 400;\">Acide Kojique: agent \u00e9claircissant, <\/span><span style=\"font-weight: 400;\">il r\u00e9duit efficacement l&rsquo;apparence des taches brunes et de l&rsquo;hyperpigmentation, pour un teint plus lumineux et plus uniforme.<\/span><\/p>\n<p>&nbsp;<\/p>\n<p><span style=\"color: #800080;\"><b>ULTIMATE GLORIOUS GLOW KOJIC ACID SOAP<\/b><\/span><\/p>\n<p><span style=\"font-weight: 400;\">L\u2019ultimate Glorious Glow Kojic Acid Soap a pour principal objectif de s\u2019attaquer aux impuret\u00e9s de votre peau telles que la sueur, le maquillage, la salet\u00e9, l\u2019huile, etc. C\u2019est la raison pour laquelle sa mousse fine et riche va nettoyer en profondeur toute votre peau.<\/span><\/p>\n<p><span style=\"font-weight: 400;\">Gr\u00e2ce \u00e0 sa texture onctueuse et riche \u00e0 l&rsquo;huile de coco et \u00e0 l&rsquo;acide hyaluronique, ce savon \u00e0 l&rsquo;acide kojique de qualit\u00e9 sup\u00e9rieure va p\u00e9n\u00e9trer profond\u00e9ment dans les couches les plus profondes de votre peau pour nourrir et hydrater les cellules en vous donnant un \u00e9clat frais et jeune !<\/span><\/p>\n<p>&nbsp;<\/p>\n<p><span style=\"color: #800080;\"><b>Utilisation<\/b><\/span><\/p>\n<p><span style=\"font-weight: 400;\">Mouillez la partie \u00e0 nettoyer, s\u2019il s\u2019agit de votre visage, faites mousser votre ultimate glorious glow kojic acid soap dans votre paume de main et utilisez cette mousse pour l\u2019appliquer avec douceur sur votre visage puis rincez. Pour ce qui est du reste du corps d\u00e9j\u00e0 humidifi\u00e9 par de l\u2019eau, vous pouvez frotter votre savon le long du reste du corps et gr\u00e2ce \u00e0 votre gant exfoliant corporel, appliquez des mouvements circulaires puis rincez.<\/span><\/p>\n<p>&nbsp;<\/p>\n<p><span style=\"color: #800080;\"><b>Ingr\u00e9dients et effets:<\/b><\/span><\/p>\n<p><span style=\"font-weight: 400;\">Acide Kojique\u00a0: agent \u00e9claircissant, <\/span><span style=\"font-weight: 400;\">Il r\u00e9duit efficacement l&rsquo;apparence des taches brunes et de l&rsquo;hyperpigmentation, pour un teint plus lumineux et plus uniforme.<\/span><\/p>\n<p><span style=\"font-weight: 400;\">Huile de coco: <\/span><span style=\"font-weight: 400;\">apaisante, purifiante, antibact\u00e9rienne, hydratante, adoucissante, assouplissante.<\/span><\/p>\n<p><span style=\"font-weight: 400;\">Acide Hyaluronique: <\/span><span style=\"font-weight: 400;\">S\u2019incruste intens\u00e9ment dans la peau en augmentant son \u00e9lasticit\u00e9, en activant son hydratation et sa r\u00e9g\u00e9n\u00e9ration; r\u00e9duit l\u2019apparence des ridules et des rides en retenant l\u2019humidit\u00e9 dans la peau<\/span><\/p>\n<p>&nbsp;<\/p>\n<p><span style=\"color: #800080;\"><b>ULTIMATE GLORIOUS GLOW KOJIC ACID CREAM<\/b><\/span><\/p>\n<p><span style=\"font-weight: 400;\">Utiliser une cr\u00e8me \u00e0 l\u2019acide kojique ne peut que donner des r\u00e9sultats extraordinaires sur votre visage. Cette cr\u00e8me viendra \u00e9claircir naturellement votre peau, uniformiser la couleur de votre peau,<\/span><span style=\"font-weight: 400;\"> \u00e9claircit les taches brunes, att\u00e9nue les cicatrices et les imperfections d&rsquo;acn\u00e9, aide \u00e0 lutter contre l&rsquo;hyperpigmentation et le m\u00e9lasme.<\/span><\/p>\n<p><span style=\"font-weight: 400;\">Elle est faite pour homme comme pour femme, pour tous types de peau, pour le visage et le corps (bras, jambes, entre cuisses, genoux, coudes, genoux, aisselles)<\/span><\/p>\n<p>&nbsp;<\/p>\n<p><span style=\"color: #800080;\"><b>Utilisation<\/b><\/span><\/p>\n<p><span style=\"font-weight: 400;\">Une fois votre visage nettoy\u00e9, le s\u00e9rum appliqu\u00e9, il est maintenant temps d\u2019appliquer notre magnifique Ultimate Glorious Glow Kojic Acid Cream en pr\u00e9parant la peau du visage et du cou en trois \u00e9tapes simples:<\/span><\/p>\n<ul>\n<li style=\"font-weight: 400;\" aria-level=\"1\"><span style=\"font-weight: 400;\">\u00c9tape 1: Chauffer<\/span><\/li>\n<\/ul>\n<p><span style=\"font-weight: 400;\">Pr\u00e9levez une petite quantit\u00e9 de cr\u00e8me, l\u2019\u00e9quivalent de deux noisettes, frottez-la dans vos paumes de mains pendant environ 5 secondes; le but \u00e9tant de mettre la cr\u00e8me \u00e0 la m\u00eame temp\u00e9rature que celle de votre peau afin qu\u2019elle ait un effet imm\u00e9diat.<\/span><\/p>\n<ul>\n<li style=\"font-weight: 400;\" aria-level=\"1\"><span style=\"font-weight: 400;\">\u00c9tape 2: L\u2019effleurage<\/span><\/li>\n<\/ul>\n<p><span style=\"font-weight: 400;\">Prenez vos mains, et avec la pression de ces derni\u00e8res, r\u00e9partir et ce de mani\u00e8re uniforme la cr\u00e8me sur le visage et le cou en mouvement de lissage l\u00e9ger avec beaucoup de douceur et ce pendant une dizaine de secondes.<\/span><\/p>\n<ul>\n<li style=\"font-weight: 400;\" aria-level=\"1\"><span style=\"font-weight: 400;\">\u00c9tape 3: Pressions appuy\u00e9es<\/span><\/li>\n<\/ul>\n<p><span style=\"font-weight: 400;\">On va se servir de la m\u00e9thode de drainage par pression afin d\u2019appliquer sur la peau du visage et du d\u00e9collet\u00e9 des pressions circulaires et ce \u00e0 l\u2019aide des doigts et de la paume des mains cela permettra de redonner de l\u2019\u00e9clat au teint tout en stimulant la circulation en pr\u00e9servant la fermet\u00e9 de votre peau. Pour ce qui est du visage, ce sera de la ligne m\u00e9diane vers l\u2019ext\u00e9rieur et pour le cou, toujours de haut en bas. Nous allons r\u00e9p\u00e9ter ce mouvement trois fois sur les joues, trois fois sur le front et cinq fois sur le cou et le d\u00e9collet\u00e9.<\/span><\/p>\n<p>&nbsp;<\/p>\n<p><span style=\"color: #800080;\"><b>Ingr\u00e9dients et effets:<\/b><\/span><\/p>\n<p><span style=\"font-weight: 400;\">Acide Kojique: agent \u00e9claircissant, <\/span><span style=\"font-weight: 400;\">il r\u00e9duit efficacement l&rsquo;apparence des taches brunes et de l&rsquo;hyperpigmentation, pour un teint plus lumineux et plus uniforme.<\/span><\/p>","protected":false},"excerpt":{"rendered":"<p><span style=\"font-weight: 400;\">Laissez-vous transformer par ce soin de la peau \u00e0 l\u2019acide kojique qui est r\u00e9put\u00e9 pour ses excellentes propri\u00e9t\u00e9s \u00e9claircissantes et clarifiantes. Que vous ayez un teint in\u00e9gal, une hyperpigmentation ou alors des taches brunes, cet ensemble de soins infus\u00e9s d&rsquo;acide kojique est con\u00e7u pour vous aider \u00e0 obtenir un teint lumineux, radieux et \u00e0 r\u00e9v\u00e9ler l&rsquo;\u00e9clat naturel de votre peau. Dites oui \u00e0 la beaut\u00e9 d&rsquo;une peau unifi\u00e9e et radieuse avec cette magnifique gamme de produits formul\u00e9s pour r\u00e9pondre \u00e0 vos besoins uniques en mati\u00e8re de soins de la peau.<\/span><\/p>\n<p><span style=\"font-weight: 400;\">Note: Tous nos produits sont autant pour les hommes que pour les femmes et conviennent \u00e0 tous types de peau<\/span><\/p>","protected":false},"featured_media":832,"comment_status":"open","ping_status":"closed","template":"","meta":[],"product_brand":[],"product_cat":[60,66],"product_tag":[],"class_list":{"0":"post-831","1":"product","2":"type-product","3":"status-publish","4":"has-post-thumbnail","6":"product_cat-produits-de-beaute-pour-adultes","7":"product_cat-soins-du-visage","9":"first","10":"instock","11":"shipping-taxable","12":"purchasable","13":"product-type-simple"},"jetpack_sharing_enabled":true,"_links":{"self":[{"href":"https:\/\/testing.almagloriousbeauty.com\/en_ca\/wp-json\/wp\/v2\/product\/831","targetHints":{"allow":["GET"]}}],"collection":[{"href":"https:\/\/testing.almagloriousbeauty.com\/en_ca\/wp-json\/wp\/v2\/product"}],"about":[{"href":"https:\/\/testing.almagloriousbeauty.com\/en_ca\/wp-json\/wp\/v2\/types\/product"}],"replies":[{"embeddable":true,"href":"https:\/\/testing.almagloriousbeauty.com\/en_ca\/wp-json\/wp\/v2\/comments?post=831"}],"wp:featuredmedia":[{"embeddable":true,"href":"https:\/\/testing.almagloriousbeauty.com\/en_ca\/wp-json\/wp\/v2\/media\/832"}],"wp:attachment":[{"href":"https:\/\/testing.almagloriousbeauty.com\/en_ca\/wp-json\/wp\/v2\/media?parent=831"}],"wp:term":[{"taxonomy":"product_brand","embeddable":true,"href":"https:\/\/testing.almagloriousbeauty.com\/en_ca\/wp-json\/wp\/v2\/product_brand?post=831"},{"taxonomy":"product_cat","embeddable":true,"href":"https:\/\/testing.almagloriousbeauty.com\/en_ca\/wp-json\/wp\/v2\/product_cat?post=831"},{"taxonomy":"product_tag","embeddable":true,"href":"https:\/\/testing.almagloriousbeauty.com\/en_ca\/wp-json\/wp\/v2\/product_tag?post=831"}],"curies":[{"name":"wp","href":"https:\/\/api.w.org\/{rel}","templated":true}]}}