{"id":833,"date":"2024-11-21T02:39:46","date_gmt":"2024-11-21T02:39:46","guid":{"rendered":"https:\/\/testing.almagloriousbeauty.com\/?post_type=product&#038;p=833"},"modified":"2025-06-10T03:23:38","modified_gmt":"2025-06-10T03:23:38","slug":"soins-visage-niacinamide","status":"publish","type":"product","link":"https:\/\/testing.almagloriousbeauty.com\/en_ca\/soins-visage-niacinamide\/","title":{"rendered":"ULTIMATE GLORIOUS GLOW NIACINAMIDE FACIAL TREATMENT (4pcs)"},"content":{"rendered":"<p><span style=\"color: #800080;\"><b>ULTIMATE GLORIOUS GLOW NIACINAMIDE LOTION<\/b><\/span><\/p>\n<p><span style=\"font-weight: 400;\">La lotion \u00e0 la Niacinamide vous aidera \u00e0 avoir une peau lisse, douce et impeccable. Alors si vous vous sentez g\u00ean\u00e9 par votre hyperpigmentation, soyez rassur\u00e9 que cette lotion pour le corps saura vous redonner confiance! Elle est l\u00e9g\u00e8re et s\u2019absorbe facilement et rapidement; elle est \u00e9claircissante et hydratante.<\/span><\/p>\n<p>&nbsp;<\/p>\n<p><span style=\"color: #800080;\"><b>Utilisation<\/b><\/span><\/p>\n<p><span style=\"font-weight: 400;\">Notre Ultimate Glorious Glow Lotion \u00e0 la Niacinamide est pr\u00eate pour accueillir votre glorieux visage<\/span><\/p>\n<ul>\n<li><span style=\"font-weight: 400;\">\u00c9tape 1: Chauffer<\/span><\/li>\n<\/ul>\n<p><span style=\"font-weight: 400;\">Pr\u00e9levez une quantit\u00e9 de lotion, frottez-la dans vos paumes de mains pendant environ 10 secondes; le but \u00e9tant de mettre la lotion \u00e0 la m\u00eame temp\u00e9rature que celle de votre peau afin qu\u2019elle ait un effet imm\u00e9diat.<\/span><\/p>\n<ul>\n<li style=\"font-weight: 400;\" aria-level=\"1\"><span style=\"font-weight: 400;\">\u00c9tape 2: L\u2019effleurage<\/span><\/li>\n<\/ul>\n<p><span style=\"font-weight: 400;\">Prenez vos mains, et avec la pression de ces derni\u00e8res, r\u00e9partir et ce de mani\u00e8re uniforme la lotion sur le tout le corps avec des mouvements circulaires et beaucoup de douceur et ce pendant quelques minutes.<\/span><\/p>\n<ul>\n<li style=\"font-weight: 400;\" aria-level=\"1\"><span style=\"font-weight: 400;\">\u00c9tape 3: Pressions appuy\u00e9es<\/span><\/li>\n<\/ul>\n<p><span style=\"font-weight: 400;\">On va se servir de la m\u00e9thode de drainage par pression afin d\u2019appliquer sur chaque partie du corps des pressions circulaires et ce \u00e0 l\u2019aide des doigts et de la paume des mains cela permettra de redonner de l\u2019\u00e9clat au teint tout en stimulant la circulation en pr\u00e9servant la fermet\u00e9 de votre peau. Nous allons r\u00e9p\u00e9ter ce mouvement jusqu\u2019\u00e0 absorption compl\u00e8te.<\/span><\/p>\n<p>&nbsp;<\/p>\n<p><span style=\"color: #800080;\"><b>Ingr\u00e9dients et effets<\/b><\/span><\/p>\n<p><span style=\"font-weight: 400;\">Niacinamide: stimule la production du collag\u00e8ne et aide \u00e0 diminuer l\u2019apparence des rides et des ridules. R\u00e9gule la production du s\u00e9bum r\u00e9duisant ainsi la brillance et am\u00e9liorant l\u2019apparence des pores.\u00a0<\/span><\/p>\n<p><span style=\"font-weight: 400;\">Vitamine E: <\/span><span style=\"font-weight: 400;\">Renforce la barri\u00e8re cutan\u00e9e de la peau, effet hydratant, protection contre les d\u00e9g\u00e2ts des radicaux libres, agit sur l\u2019hyperpigmentation et prot\u00e8ge des expositions au soleil.<\/span><\/p>\n<p><span style=\"font-weight: 400;\">Aloe Vera: apaisant, cicatrisant, antibact\u00e9rien, hydratant, lissant, protecteur, anti-t\u00e2ches.<\/span><\/p>\n<p>&nbsp;<\/p>\n<p><span style=\"color: #800080;\"><b>ULTIMATE GLORIOUS GLOW NIACINAMIDE SERUM<\/b><\/span><\/p>\n<p><span style=\"font-weight: 400;\">Les s\u00e9rums principalement utilis\u00e9s sur le visage, ont pour r\u00f4le de cibler des manquements sp\u00e9cifiques tels que les rides, les t\u00e2ches, le vieillissement pr\u00e9matur\u00e9, la perte de vitalit\u00e9, l\u2019exc\u00e8s de s\u00e9bum, la dilatation des pores et bien d\u2019autres.\u00a0<\/span><\/p>\n<p><span style=\"font-weight: 400;\">Biologique, v\u00e9g\u00e9talien, <\/span><span style=\"font-weight: 400;\">sans paraben, sans silicone, sans cruaut\u00e9 sur les animaux, sans sulfate, sans parfum, sans hydroquinone et fait de Niacinamide, l\u2019Ultimate Glorious Glow Niacinamide Serum de Alma Glorious beauty n\u2019est pas en reste; une utilisation quotidienne vous permettra d\u2019hydrater, d\u2019\u00e9claircir votre peau avec un glow naturel.<\/span><\/p>\n<p>&nbsp;<\/p>\n<p><span style=\"color: #800080;\"><b>Utilisation<\/b><\/span><\/p>\n<p><span style=\"font-weight: 400;\">Une fois votre visage nettoy\u00e9, appliquez notre s\u00e9rum \u00e0 la Niacinamide sur vos mains, frottez ensuite vos mains l\u2019une contre l\u2019autre par la suite, pressez vos mains sur la peau de votre visage et de votre cou. Appliquez le s\u00e9rum en tapotant, \u00e0 la fois sur le visage et le cou. Profitez de ce moment de bien-\u00eatre en laissant votre peau du visage et du cou absorber notre s\u00e9rum pendant quelques minutes.<\/span><\/p>\n<p>&nbsp;<\/p>\n<p><span style=\"color: #800080;\"><b>Ingr\u00e9dients et effets:<\/b><\/span><\/p>\n<p><span style=\"font-weight: 400;\">Niacinamide: stimule la production du collag\u00e8ne et aide \u00e0 diminuer l\u2019apparence des rides et des ridules. R\u00e9gule la production du s\u00e9bum r\u00e9duisant ainsi la brillance et am\u00e9liorant l\u2019apparence des pores.\u00a0<\/span><\/p>\n<p><span style=\"font-weight: 400;\">Vitamine E: <\/span><span style=\"font-weight: 400;\">Renforce la barri\u00e8re cutan\u00e9e de la peau, effet hydratant, protection contre les d\u00e9g\u00e2ts des radicaux libres, agit sur l\u2019hyperpigmentation et prot\u00e8ge des expositions au soleil.<\/span><\/p>\n<p><span style=\"font-weight: 400;\">Acide Hyaluronique: <\/span><span style=\"font-weight: 400;\">S\u2019incruste intens\u00e9ment dans la peau en augmentant son \u00e9lasticit\u00e9, en activant son hydratation et sa r\u00e9g\u00e9n\u00e9ration; r\u00e9duit l\u2019apparence des ridules et des rides en retenant l\u2019humidit\u00e9 dans la peau.<\/span><\/p>\n<p>&nbsp;<\/p>\n<p><span style=\"color: #800080;\"><b>ULTIMATE GLORIOUS GLOW NIACINAMIDE TONER<\/b><\/span><\/p>\n<p><span style=\"font-weight: 400;\">L\u00e9ger et rafra\u00eechissant, il p\u00e9n\u00e8tre rapidement et convient \u00e0 tous types de peau, il hydrate, \u00e9claircit et donne un \u00e9clat naturel, am\u00e9liore la fonction de barri\u00e8re de la peau, att\u00e9nue l&rsquo;apparence des rides et des ridules, renforce l&rsquo;hydratation de la peau.<\/span><\/p>\n<p>&nbsp;<\/p>\n<p><span style=\"color: #800080;\"><b>Utilisation<\/b><\/span><\/p>\n<p><span style=\"font-weight: 400;\">La lotion tonique liquide s&rsquo;applique apr\u00e8s le d\u00e9maquillage et le nettoyage, sur une peau propre. Sur un coton, imbib\u00e9 notre lotion tonique et appliquez-le sur votre visage en effectuant des mini-tapotements et ce de l\u2019int\u00e9rieur vers l\u2019ext\u00e9rieur. Pour ne pas cr\u00e9er d&rsquo;irritation, optez pour des gestes doux sans frotter.<\/span><\/p>\n<p>&nbsp;<\/p>\n<p><span style=\"color: #800080;\"><b>Ingr\u00e9dients et effets<\/b><\/span><\/p>\n<p><span style=\"font-weight: 400;\">Niacinamide: stimule la production du collag\u00e8ne et aide \u00e0 diminuer l\u2019apparence des rides et des ridules. R\u00e9gule la production du s\u00e9bum r\u00e9duisant ainsi la brillance et am\u00e9liorant l\u2019apparence des pores.\u00a0<\/span><\/p>\n<p><span style=\"font-weight: 400;\">Acide hyaluronique: <\/span><span style=\"font-weight: 400;\">S\u2019incruste intens\u00e9ment dans la peau en augmentant son \u00e9lasticit\u00e9, en activant son hydratation et sa r\u00e9g\u00e9n\u00e9ration; r\u00e9duit l\u2019apparence des ridules et des rides en retenant l\u2019humidit\u00e9 dans la peau.<\/span><\/p>\n<p><span style=\"font-weight: 400;\">Aloe Vera: apaisant, cicatrisant, antibact\u00e9rien, hydratant, lissant, protecteur, anti-t\u00e2ches.<\/span><\/p>\n<p>&nbsp;<\/p>\n<p><span style=\"color: #800080;\"><b>ULTIMATE GLORIOUS GLOW NIACINAMIDE SERUM<\/b><\/span><\/p>\n<p><span style=\"font-weight: 400;\">Les s\u00e9rums principalement utilis\u00e9s sur le visage, ont pour r\u00f4le de cibler des manquements sp\u00e9cifiques tels que l\u2019hyperpigmentation, les rides, les t\u00e2ches, le vieillissement pr\u00e9matur\u00e9, la perte de vitalit\u00e9, l\u2019exc\u00e8s de s\u00e9bum, la dilatation des pores et bien d\u2019autres.\u00a0<\/span><\/p>\n<p><span style=\"font-weight: 400;\">Biologique et organique, <\/span><span style=\"font-weight: 400;\">sans Paraben, sans Silicone, sans parfum, sans Sulfate, sans cruaut\u00e9 sur les animaux, Vegan, Organique, <\/span><span style=\"font-weight: 400;\">et fait de Niacinamide, d\u2019acide hyaluronique et de vitamine E; notre Ultimate Glorious Glow Niacinamide Serum vous permettra de b\u00e9n\u00e9ficier de ses effets hydratants, nourrissants, \u00e9claircissants, correcteur et restaurateur de pigmentation, antioxydant et aussi vous b\u00e9n\u00e9ficierez d\u2019un visage neuf, lisse, illumin\u00e9, \u00e9pur\u00e9 avec des pores resserr\u00e9s et une peau de visage encore plus \u00e9clatante.<\/span><\/p>\n<p>&nbsp;<\/p>\n<p><span style=\"color: #800080;\"><b>Utilisation<\/b><\/span><\/p>\n<p><span style=\"font-weight: 400;\">Une fois votre visage nettoy\u00e9, appliquez notre s\u00e9rum sur vos mains, frottez ensuite vos mains l\u2019une contre l\u2019autre par la suite, pressez vos mains sur la peau de votre visage et de votre cou. Appliquez le s\u00e9rum en tapotant, \u00e0 la fois sur le visage et le cou. Profitez de ce moment de bien-\u00eatre en laissant votre peau du visage et du cou absorber notre s\u00e9rum pendant quelques minutes.<\/span><\/p>\n<p>&nbsp;<\/p>\n<p><span style=\"color: #800080;\"><b>Ingr\u00e9dients et effets:<\/b><\/span><\/p>\n<p><span style=\"font-weight: 400;\">Niacinamide: stimule la production du collag\u00e8ne et aide \u00e0 diminuer l\u2019apparence des rides et des ridules. R\u00e9gule la production du s\u00e9bum r\u00e9duisant ainsi la brillance et am\u00e9liorant l\u2019apparence des pores.\u00a0<\/span><\/p>\n<p><span style=\"font-weight: 400;\">Vitamine E: <\/span><span style=\"font-weight: 400;\">Renforce la barri\u00e8re cutan\u00e9e de la peau, effet hydratant, protection contre les d\u00e9g\u00e2ts des radicaux libres, agit sur l\u2019hyperpigmentation et prot\u00e8ge des expositions au soleil.<\/span><\/p>\n<p><span style=\"font-weight: 400;\">Acide Hyaluronique: <\/span><span style=\"font-weight: 400;\">S\u2019incruste intens\u00e9ment dans la peau en augmentant son \u00e9lasticit\u00e9, en activant son hydratation et sa r\u00e9g\u00e9n\u00e9ration; r\u00e9duit l\u2019apparence des ridules et des rides en retenant l\u2019humidit\u00e9 dans la peau.<\/span><\/p>","protected":false},"excerpt":{"rendered":"<p><span style=\"font-weight: 400;\">Laissez-vous transformer par ce soin de la peau \u00e0 la niacinamide qui aide \u00e0 r\u00e9guler la production de s\u00e9bum, r\u00e9duisant ainsi la brillance et am\u00e9liorant l&rsquo;apparence des pores. Cette r\u00e9gulation du s\u00e9bum est essentielle pour pr\u00e9venir les pouss\u00e9es d&rsquo;acn\u00e9 et maintenir un teint uniforme.<\/span> <span style=\"font-weight: 400;\">Que vous ayez un teint in\u00e9gal, une hyperpigmentation, cet ensemble de soins infus\u00e9s \u00e0 la Niacinamide est con\u00e7u pour vous aider \u00e0 obtenir un teint lumineux, radieux et \u00e0 r\u00e9v\u00e9ler l&rsquo;\u00e9clat naturel de votre peau. Dites oui \u00e0 la beaut\u00e9 d&rsquo;une peau unifi\u00e9e et radieuse avec cette magnifique gamme de produits formul\u00e9s pour r\u00e9pondre \u00e0 vos besoins uniques en mati\u00e8re de soins de la peau.<\/span><\/p>\n<p><span style=\"font-weight: 400;\">Note: Tous nos produits sont autant pour les hommes que pour les femmes et conviennent \u00e0 tous types de peau<\/span><\/p>","protected":false},"featured_media":834,"comment_status":"open","ping_status":"closed","template":"","meta":[],"product_brand":[],"product_cat":[60,66],"product_tag":[],"class_list":{"0":"post-833","1":"product","2":"type-product","3":"status-publish","4":"has-post-thumbnail","6":"product_cat-produits-de-beaute-pour-adultes","7":"product_cat-soins-du-visage","9":"first","10":"instock","11":"shipping-taxable","12":"purchasable","13":"product-type-simple"},"jetpack_sharing_enabled":true,"_links":{"self":[{"href":"https:\/\/testing.almagloriousbeauty.com\/en_ca\/wp-json\/wp\/v2\/product\/833","targetHints":{"allow":["GET"]}}],"collection":[{"href":"https:\/\/testing.almagloriousbeauty.com\/en_ca\/wp-json\/wp\/v2\/product"}],"about":[{"href":"https:\/\/testing.almagloriousbeauty.com\/en_ca\/wp-json\/wp\/v2\/types\/product"}],"replies":[{"embeddable":true,"href":"https:\/\/testing.almagloriousbeauty.com\/en_ca\/wp-json\/wp\/v2\/comments?post=833"}],"wp:featuredmedia":[{"embeddable":true,"href":"https:\/\/testing.almagloriousbeauty.com\/en_ca\/wp-json\/wp\/v2\/media\/834"}],"wp:attachment":[{"href":"https:\/\/testing.almagloriousbeauty.com\/en_ca\/wp-json\/wp\/v2\/media?parent=833"}],"wp:term":[{"taxonomy":"product_brand","embeddable":true,"href":"https:\/\/testing.almagloriousbeauty.com\/en_ca\/wp-json\/wp\/v2\/product_brand?post=833"},{"taxonomy":"product_cat","embeddable":true,"href":"https:\/\/testing.almagloriousbeauty.com\/en_ca\/wp-json\/wp\/v2\/product_cat?post=833"},{"taxonomy":"product_tag","embeddable":true,"href":"https:\/\/testing.almagloriousbeauty.com\/en_ca\/wp-json\/wp\/v2\/product_tag?post=833"}],"curies":[{"name":"wp","href":"https:\/\/api.w.org\/{rel}","templated":true}]}}