{"id":836,"date":"2024-11-21T02:46:26","date_gmt":"2024-11-21T02:46:26","guid":{"rendered":"https:\/\/testing.almagloriousbeauty.com\/?post_type=product&#038;p=836"},"modified":"2025-06-10T03:23:55","modified_gmt":"2025-06-10T03:23:55","slug":"soins-visage-rose-5pcs","status":"publish","type":"product","link":"https:\/\/testing.almagloriousbeauty.com\/en_ca\/soins-visage-rose-5pcs\/","title":{"rendered":"ULTIMATE GLORIOUS GLOW ROSE FACIAL TREATMENT (5pcs)"},"content":{"rendered":"<p><span style=\"color: #800080;\"><b>ULTIMATE GLORIOUS GLOW ROSE CLEANSER FOAM<\/b><\/span><\/p>\n<p><span style=\"font-weight: 400;\">Vous ne nous contredirez pas, se laver r\u00e9guli\u00e8rement le visage et ce matin et soir, a pour principal objectif d\u2019\u00e9viter l\u2019obstruction des pores; et l\u2019on sait tous tr\u00e8s bien que qui dit obstruction des pores dit \u00e9ruptions cutan\u00e9es et pores dilat\u00e9s ce qui rend la peau bien plus r\u00e9ceptive aux \u00e9tapes d\u2019hydratation de notre routine de soins.\u00a0<\/span><\/p>\n<p><span style=\"font-weight: 400;\">Biologique, sans paraben, sans sulfate, sans silicone, l\u2019Ultimate Glorious Glow Rose Cleanser Foam \u00e0 l\u2019eau de Rose de Alma Glorious beauty vient effectuer un nettoyage en profondeur des pores de votre visage tout en l\u2019hydratant et ce de mani\u00e8re intense, notre Cleanser ultime saura vous apporter un \u00e9panouissement personnel et un sourire en coin car vous le ressentirez; un visage raffermit, nourrit, hydrat\u00e9, \u00e9claircit, illumin\u00e9; l\u2019eau de Rose saura limiter l\u2019apparition des rides, stimuler le renouvellement cellulaire, raviver l\u2019\u00e9clat naturel du teint, prot\u00e9ger, calmer et apaiser les irritations cutan\u00e9es et affiner le grain de peau.<\/span><\/p>\n<p>&nbsp;<\/p>\n<p><span style=\"color: #800080;\"><b>UTILISATION<\/b><\/span><\/p>\n<p><span style=\"font-weight: 400;\">Le facial cleanser de Alma Glorious Glow saura conqu\u00e9rir votre visage. Sur visage et cou d\u00e9j\u00e0 mouill\u00e9s, appliquez notre nettoyant visage \u00e0 l\u2019eau de Rose; massez d\u00e9licatement, avec beaucoup de douceur et rincez \u00e0 fond. \u00c9viter tout contact avec les yeux.<\/span><\/p>\n<p>&nbsp;<\/p>\n<p><span style=\"color: #800080;\"><b>Ingr\u00e9dients et effets<\/b><\/span><\/p>\n<p><span style=\"font-weight: 400;\">Extrait de Rose: Anti-\u00e2ge, hydratante, apaisante, tonifiante, purifiante<\/span><\/p>\n<p><span style=\"font-weight: 400;\">Grenade: Stimule la r\u00e9g\u00e9n\u00e9ration de la peau, antioxydant et favorise le renouvellement cellulaire<\/span><\/p>\n<p><span style=\"font-weight: 400;\">Acide Hyaluronique: <\/span><span style=\"font-weight: 400;\">S\u2019incruste intens\u00e9ment dans la peau en augmentant son \u00e9lasticit\u00e9, en activant son hydratation et sa r\u00e9g\u00e9n\u00e9ration; r\u00e9duit l\u2019apparence des ridules et des rides en retenant l\u2019humidit\u00e9 dans la peau.<\/span><\/p>\n<p><span style=\"font-weight: 400;\">Aloe Vera: <\/span><span style=\"font-weight: 400;\">apaisant, cicatrisant, antibact\u00e9rien, hydratant, lissant, protecteur, anti-t\u00e2ches.<\/span><\/p>\n<p>&nbsp;<\/p>\n<p><span style=\"color: #800080;\"><b>ULTIMATE GLORIOUS GLOW ROSE CREAM<\/b><\/span><\/p>\n<p><span style=\"font-weight: 400;\">Combiner des ingr\u00e9dients de beaut\u00e9 avanc\u00e9s tels que l\u2019eau de Rose, la grenade, les vitamines ne peuvent que donner des r\u00e9sultats extraordinaires sur votre visage. Cette cr\u00e8me de jour et de nuit viendra nourrir et hydrater votre visage en la rendant douce et lisse.<\/span><\/p>\n<p>&nbsp;<\/p>\n<p><span style=\"color: #800080;\"><b>Utilisation<\/b><\/span><\/p>\n<p><span style=\"font-weight: 400;\">Une fois votre visage nettoy\u00e9 avec notre facial cleanser, le s\u00e9rum appliqu\u00e9, il est maintenant temps d\u2019appliquer notre magnifique Ultimate Glorious Glow Rose Cream en pr\u00e9parant la peau du visage et du cou en trois \u00e9tapes simples:<\/span><\/p>\n<ul>\n<li style=\"font-weight: 400;\" aria-level=\"1\"><span style=\"font-weight: 400;\">\u00c9tape 1: Chauffer<\/span><\/li>\n<\/ul>\n<p><span style=\"font-weight: 400;\">Pr\u00e9levez une petite quantit\u00e9 de cr\u00e8me, l\u2019\u00e9quivalent de deux noisettes, frottez-la dans vos paumes de mains pendant environ 5 secondes; le but \u00e9tant de mettre la cr\u00e8me \u00e0 la m\u00eame temp\u00e9rature que celle de votre peau afin qu\u2019elle ait un effet imm\u00e9diat.<\/span><\/p>\n<ul>\n<li style=\"font-weight: 400;\" aria-level=\"1\"><span style=\"font-weight: 400;\">\u00c9tape 2: L\u2019effleurage<\/span><\/li>\n<\/ul>\n<p><span style=\"font-weight: 400;\">Prenez vos mains, et avec la pression de ces derni\u00e8res, r\u00e9partir et ce de mani\u00e8re uniforme la cr\u00e8me sur le visage et le cou en mouvement de lissage l\u00e9ger avec beaucoup de douceur et ce pendant une dizaine de secondes.<\/span><\/p>\n<ul>\n<li style=\"font-weight: 400;\" aria-level=\"1\"><span style=\"font-weight: 400;\">\u00c9tape 3: Pressions appuy\u00e9es<\/span><\/li>\n<\/ul>\n<p><span style=\"font-weight: 400;\">On va se servir de la m\u00e9thode de drainage par pression afin d\u2019appliquer sur la peau du visage et du d\u00e9collet\u00e9 des pressions circulaires et ce \u00e0 l\u2019aide des doigts et de la paume des mains cela permettra de redonner de l\u2019\u00e9clat au teint tout en stimulant la circulation en pr\u00e9servant la fermet\u00e9 de votre peau. Pour ce qui est du visage, ce sera de la ligne m\u00e9diane vers l\u2019ext\u00e9rieur et pour le cou, toujours de haut en bas. Nous allons r\u00e9p\u00e9ter ce mouvement trois fois sur les joues, trois fois sur le front et cinq fois sur le cou et le d\u00e9collet\u00e9.<\/span><\/p>\n<p>&nbsp;<\/p>\n<p><span style=\"color: #800080;\"><b>Ingr\u00e9dients et effets:<\/b><\/span><\/p>\n<p><span style=\"font-weight: 400;\">Extrait de Rose: Anti-\u00e2ge, hydratante, apaisante, tonifiante, purifiante<\/span><\/p>\n<p><span style=\"font-weight: 400;\">Grenade: Stimule la r\u00e9g\u00e9n\u00e9ration de la peau, antioxydant et favorise le renouvellement cellulaire<\/span><\/p>\n<p><span style=\"font-weight: 400;\">Vitamine C: <\/span><span style=\"font-weight: 400;\">R\u00e9duit l\u2019apparence des rides en neutralisant les radicaux libres, am\u00e9liore l\u2019\u00e9lasticit\u00e9 de la peau et att\u00e9nue les t\u00e2ches pigmentaires\u00a0<\/span><\/p>\n<p><span style=\"font-weight: 400;\">Sodium Hyaluronate: protection naturelle \u00e0 la surface de l\u2019\u00e9piderme contre les agressions ext\u00e9rieures comme la pollution,les rayons UV, le stress oxydatif caus\u00e9 par les radicaux libres.<\/span><\/p>\n<p>&nbsp;<\/p>\n<p><span style=\"color: #800080;\"><b>ULTIMATE GLORIOUS GLOW ROSE WATER TONER<\/b><\/span><\/p>\n<p><span style=\"font-weight: 400;\">L\u00e9ger et rafra\u00eechissant, il p\u00e9n\u00e8tre rapidement et r\u00e9duit l\u2019apparence des pores, \u00e9quilibre la peau grasse et maintient la barri\u00e8re d\u2019hydratation de la peau<\/span><\/p>\n<p>&nbsp;<\/p>\n<p><span style=\"color: #800080;\"><b>Utilisation<\/b><\/span><\/p>\n<p><span style=\"font-weight: 400;\">La lotion tonique \u00e0 l\u2019eau de Rose s&rsquo;applique apr\u00e8s le d\u00e9maquillage et le nettoyage, sur une peau propre. Sur un coton, imbib\u00e9 notre lotion tonique et appliquez-le sur votre visage en effectuant des mini-tapotements et ce de l\u2019int\u00e9rieur vers l\u2019ext\u00e9rieur. Pour ne pas cr\u00e9er d&rsquo;irritation, optez pour des gestes doux sans frotter.<\/span><\/p>\n<p>&nbsp;<\/p>\n<p><span style=\"color: #800080;\"><b>Ingr\u00e9dients et effets<\/b><\/span><\/p>\n<p><span style=\"font-weight: 400;\">Extrait de fleurs de Rosa Rugosa: Gr\u00e2ce \u00e0 ses propri\u00e9t\u00e9s adoucissantes et r\u00e9g\u00e9n\u00e9rantes, la rose apporte du confort et de l&rsquo;\u00e9lasticit\u00e9 aux peaux s\u00e8ches et matures. Apaisante. La rose prot\u00e8ge la peau des agressions ext\u00e9rieures (vent, froid, pollution\u2026) et calme les rougeurs ou les r\u00e9actions de l&rsquo;\u00e9piderme. Elle est l&rsquo;alli\u00e9e des peaux sensibles.<\/span><\/p>\n<p><span style=\"font-weight: 400;\">P\u00e9tale de Rose: dot\u00e9e de propri\u00e9t\u00e9s adoucissantes et r\u00e9g\u00e9n\u00e9rantes, id\u00e9ale pour les peaux assoiff\u00e9es ou matures. Contient \u00e9galement des agents purifiants qui contribuent \u00e0 affiner le grain de peau et \u00e0 resserrer les pores.<\/span><\/p>\n<p><span style=\"font-weight: 400;\">Nicotinamide: Actif pr\u00e9cieux pour les peaux grasses ou \u00e0 imperfections. Elle aide \u00e0 r\u00e9guler la production de s\u00e9bum, r\u00e9duisant ainsi la brillance et am\u00e9liorant l&rsquo;apparence des pores. Cette r\u00e9gulation du s\u00e9bum est essentielle pour pr\u00e9venir les pouss\u00e9es d&rsquo;acn\u00e9 et maintenir un teint uniforme.<\/span><\/p>\n<p><span style=\"font-weight: 400;\">Acide Hyaluronique: <\/span><span style=\"font-weight: 400;\">S\u2019incruste intens\u00e9ment dans la peau en augmentant son \u00e9lasticit\u00e9, en activant son hydratation et sa r\u00e9g\u00e9n\u00e9ration; r\u00e9duit l\u2019apparence des ridules et des rides en retenant l\u2019humidit\u00e9 dans la peau.<\/span><\/p>\n<p>&nbsp;<\/p>\n<p><span style=\"color: #800080;\"><b>ULTIMATE GLORIOUS GLOW ROSE SERUM<\/b><\/span><\/p>\n<p><span style=\"font-weight: 400;\">Les s\u00e9rums principalement utilis\u00e9s sur le visage, ont pour r\u00f4le de cibler des manquements sp\u00e9cifiques tels que les rides, les t\u00e2ches, le vieillissement pr\u00e9matur\u00e9, la perte de vitalit\u00e9, l\u2019exc\u00e8s de s\u00e9bum, la dilatation des pores et bien d\u2019autres.\u00a0<\/span><\/p>\n<p><span style=\"font-weight: 400;\">Biologique, v\u00e9g\u00e9talien, <\/span><span style=\"font-weight: 400;\">sans paraben, sans silicone, sans cruaut\u00e9 sur les animaux, sans sulfate, sans parfum et fait d\u2019extrait de Rose et de vitamine, le s\u00e9rum visage \u00e0 la Rose de Alma Glorious beauty n\u2019est pas en reste; une utilisation quotidienne vous permettra de <\/span><span style=\"font-weight: 400;\">r\u00e9duire l&rsquo;apparence des pores et des ridules, <\/span><span style=\"font-weight: 400;\">de <\/span><span style=\"font-weight: 400;\">prot\u00e9ger et \u00e9claircir la peau<\/span><\/p>\n<p>&nbsp;<\/p>\n<p><span style=\"color: #800080;\"><b>UTILISATION<\/b><\/span><\/p>\n<p><span style=\"font-weight: 400;\">Une fois votre visage nettoy\u00e9 avec notre facial cleanser, appliquez notre s\u00e9rum sur vos mains, frottez ensuite vos mains l\u2019une contre l\u2019autre par la suite, pressez vos mains sur la peau de votre visage et de votre cou. Appliquez le s\u00e9rum en tapotant, \u00e0 la fois sur le visage et le cou. Profitez de ce moment de bien-\u00eatre en laissant votre peau du visage et du cou absorber notre s\u00e9rum pendant quelques minutes.<\/span><\/p>\n<p>&nbsp;<\/p>\n<p><span style=\"color: #800080;\"><b>INGR\u00c9DIENTS ET EFFETS<\/b><\/span><\/p>\n<p><span style=\"font-weight: 400;\">Extrait de Rose: Anti-\u00e2ge, hydratante, apaisante, tonifiante, purifiante<\/span><\/p>\n<p><span style=\"font-weight: 400;\">Trehalose: aide la peau \u00e0 garder son eau pour la r\u00e9v\u00e9ler bien plus belle et hydrat\u00e9e. Il est consid\u00e9r\u00e9 comme tr\u00e8s utile du fait de ses propri\u00e9t\u00e9s r\u00e9hydratantes et de son pouvoir antioxydant.<\/span><\/p>\n<p><span style=\"font-weight: 400;\">Vitamine C: <\/span><span style=\"font-weight: 400;\">R\u00e9duit l\u2019apparence des rides en neutralisant les radicaux libres, am\u00e9liore l\u2019\u00e9lasticit\u00e9 de la peau et att\u00e9nue les t\u00e2ches pigmentaires\u00a0<\/span><\/p>\n<p><span style=\"font-weight: 400;\">Sodium Hyaluronate: protection naturelle \u00e0 la surface de l\u2019\u00e9piderme contre les agressions ext\u00e9rieures comme la pollution,les rayons UV, le stress oxydatif caus\u00e9 par les radicaux libres.<\/span><\/p>\n<p>&nbsp;<\/p>\n<p><span style=\"color: #800080;\"><b>ULTIMATE GLORIOUS GLOW ROSE CLAY MASK<\/b><\/span><\/p>\n<p><span style=\"font-weight: 400;\">Fait \u00e0 base d\u2019argile blanche et d\u2019extrait de Rose, ce masque visage apaise et soulage la peau s\u00e8che. Cette fusion d&rsquo;ingr\u00e9dients d&rsquo;origine naturelle nourrit, nettoie, resserre les pores et hydrate en profondeur, laissant la peau d&rsquo;apparence plus jeune, radieuse et \u00e9nergis\u00e9e. Il redonne de la vitalit\u00e9, affermit et illumine le teint. L\u2019extrait de Rose a des vertus anti-\u00e2ge, hydratante, apaisante, tonifiante, purifiante et ravive le teint pour un effet bonne mine instantan\u00e9 et un coup d\u2019\u00e9clat naturel. L\u2019argile blanche kaolin d\u00e9toxifie et assainit la peau tout en l&rsquo;adoucissant.\u00a0<\/span><\/p>\n<p>&nbsp;<\/p>\n<p><span style=\"color: #800080;\"><b>UTILISATION<\/b><\/span><\/p>\n<p><span style=\"font-weight: 400;\">\u00c0 l\u2019aide d\u2019une spatule, appliquer notre masque sur l\u2019ensemble du visage et ce en \u00e9vitant le contour des yeux. Laissez poser 10 \u00e0 20 minutes <\/span><span style=\"font-weight: 400;\">humidifiez le masque avec une \u00e9ponge ou un gant de toilette humide. Rincez abondamment pour \u00e9liminer toute trace d&rsquo;argile. Appliquez par la suite le s\u00e9rum et la cr\u00e8me visage.<\/span><\/p>\n<p>&nbsp;<\/p>\n<p><span style=\"color: #800080;\"><b>Ingr\u00e9dients et effets<\/b><\/span><\/p>\n<p><span style=\"font-weight: 400;\">Extrait de Rose: Anti-\u00e2ge, hydratante, apaisante, tonifiante, purifiante.<\/span><\/p>\n<p><span style=\"font-weight: 400;\">Kaolin, argile blanche: <\/span><span style=\"font-weight: 400;\">Douce, elle d\u00e9toxifie et assainit la peau tout en l&rsquo;adoucissant.<\/span><\/p>","protected":false},"excerpt":{"rendered":"<p><span style=\"font-weight: 400;\">Laissez-vous transformer par ce soin de la peau \u00e0 l\u2019eau de rose qui est r\u00e9put\u00e9 pour ses excellentes qualit\u00e9s hydratantes, antioxydantes et antibact\u00e9riennes. Cette gamme de soins visage est douce, purifiante, apaisante et rafra\u00eechissante, cette eau florale regorge de vertus. Elle permet, entre autres, d&rsquo;hydrater la peau, de redonner de l&rsquo;\u00e9clat au teint et de pr\u00e9venir les rides. Sans parler de son parfum enivrant et de cette incroyable sensation de fra\u00eecheur sur le visage lorsque vous l&rsquo;appliquez. Dites oui \u00e0 la beaut\u00e9 d&rsquo;une peau hydrat\u00e9e et radieuse avec cette magnifique gamme de produits formul\u00e9s pour r\u00e9pondre \u00e0 vos besoins uniques en mati\u00e8re de soins de la peau.<\/span><\/p>\n<p><span style=\"font-weight: 400;\">Note: Tous nos produits sont autant pour les hommes que pour les femmes et conviennent \u00e0 tous types de peau<\/span><\/p>","protected":false},"featured_media":837,"comment_status":"open","ping_status":"closed","template":"","meta":[],"product_brand":[],"product_cat":[60,66],"product_tag":[],"class_list":{"0":"post-836","1":"product","2":"type-product","3":"status-publish","4":"has-post-thumbnail","6":"product_cat-produits-de-beaute-pour-adultes","7":"product_cat-soins-du-visage","9":"first","10":"instock","11":"shipping-taxable","12":"purchasable","13":"product-type-simple"},"jetpack_sharing_enabled":true,"_links":{"self":[{"href":"https:\/\/testing.almagloriousbeauty.com\/en_ca\/wp-json\/wp\/v2\/product\/836","targetHints":{"allow":["GET"]}}],"collection":[{"href":"https:\/\/testing.almagloriousbeauty.com\/en_ca\/wp-json\/wp\/v2\/product"}],"about":[{"href":"https:\/\/testing.almagloriousbeauty.com\/en_ca\/wp-json\/wp\/v2\/types\/product"}],"replies":[{"embeddable":true,"href":"https:\/\/testing.almagloriousbeauty.com\/en_ca\/wp-json\/wp\/v2\/comments?post=836"}],"wp:featuredmedia":[{"embeddable":true,"href":"https:\/\/testing.almagloriousbeauty.com\/en_ca\/wp-json\/wp\/v2\/media\/837"}],"wp:attachment":[{"href":"https:\/\/testing.almagloriousbeauty.com\/en_ca\/wp-json\/wp\/v2\/media?parent=836"}],"wp:term":[{"taxonomy":"product_brand","embeddable":true,"href":"https:\/\/testing.almagloriousbeauty.com\/en_ca\/wp-json\/wp\/v2\/product_brand?post=836"},{"taxonomy":"product_cat","embeddable":true,"href":"https:\/\/testing.almagloriousbeauty.com\/en_ca\/wp-json\/wp\/v2\/product_cat?post=836"},{"taxonomy":"product_tag","embeddable":true,"href":"https:\/\/testing.almagloriousbeauty.com\/en_ca\/wp-json\/wp\/v2\/product_tag?post=836"}],"curies":[{"name":"wp","href":"https:\/\/api.w.org\/{rel}","templated":true}]}}