{"id":838,"date":"2024-11-21T02:51:38","date_gmt":"2024-11-21T02:51:38","guid":{"rendered":"https:\/\/testing.almagloriousbeauty.com\/?post_type=product&#038;p=838"},"modified":"2025-06-21T02:26:28","modified_gmt":"2025-06-21T02:26:28","slug":"soins-visage-vitamine-c-4pcs","status":"publish","type":"product","link":"https:\/\/testing.almagloriousbeauty.com\/en_ca\/soins-visage-vitamine-c-4pcs\/","title":{"rendered":"ULTIMATE GLORIOUS GLOW VITAMIN C FACIAL TREATMENT (4pcs)"},"content":{"rendered":"<p><span style=\"color: #800080;\"><b>ULTIMATE GLORIOUS GLOW VITAMIN C CLEANSER<\/b><\/span><\/p>\n<p><span style=\"font-weight: 400;\">Vous ne nous contredirez pas, se laver r\u00e9guli\u00e8rement le visage et ce matin et soir, a pour principal objectif d\u2019\u00e9viter l\u2019obstruction des pores; et l\u2019on sait tous tr\u00e8s bien que qui dit obstruction des pores dit \u00e9ruptions cutan\u00e9es et pores dilat\u00e9s ce qui rend la peau bien plus r\u00e9ceptive aux \u00e9tapes d\u2019hydratation de notre routine de soins.\u00a0<\/span><\/p>\n<p><span style=\"font-weight: 400;\">Biologique, sans paraben, sans sulfate, sans silicone, l\u2019Ultimate Glorious Glow Cleanser \u00e0 la Vitamine C de Alma Glorious beauty vient effectuer un nettoyage en profondeur des pores de votre visage tout en l\u2019hydratant et ce de mani\u00e8re intense, il p\u00e9n\u00e8tre dans la couche inf\u00e9rieure de la peau, dilue la m\u00e9lanine, r\u00e9tr\u00e9cit les pores et \u00e9claircit le teint. Il saura vous apporter un \u00e9panouissement personnel et un sourire en coin car vous le ressentirez; un visage tonifi\u00e9, raffermit, nourrit, hydrat\u00e9, \u00e9claircit, illumin\u00e9, des pores de visages r\u00e9tr\u00e9cis et une peau plus neuve et revitalis\u00e9e. L\u2019essayez c\u2019est l\u2019adopter; sa glorieuse odeur saura vous projeter aussi loin que possible afin de r\u00e9v\u00e9ler le glorieux, la glorieuse en chacun de vous.\u00a0<\/span><\/p>\n<p>&nbsp;<\/p>\n<p><span style=\"color: #800080;\"><b>Utilisation<\/b><\/span><\/p>\n<p><span style=\"font-weight: 400;\">Le facial cleanser de Alma Glorious Glow saura conqu\u00e9rir votre visage. Sur visage et cou d\u00e9j\u00e0 mouill\u00e9s, appliquez notre nettoyant visage au collag\u00e8ne et au R\u00e9tinol; massez d\u00e9licatement, avec beaucoup de douceur et rincez \u00e0 fond. \u00c9viter tout contact avec les yeux.<\/span><\/p>\n<p>&nbsp;<\/p>\n<p><span style=\"color: #800080;\"><b>Ingr\u00e9dients et effets:<\/b><\/span><\/p>\n<p><span style=\"font-weight: 400;\">Vitamine C: R\u00e9duit l\u2019apparence des rides en neutralisant les radicaux libres, am\u00e9liore l\u2019\u00e9lasticit\u00e9 de la peau et att\u00e9nue les t\u00e2ches pigmentaires\u00a0<\/span><\/p>\n<p>&nbsp;<\/p>\n<p><span style=\"color: #800080;\"><b>ULTIMATE GLORIOUS GLOW VITAMIN C TONER<\/b><\/span><\/p>\n<p><span style=\"font-weight: 400;\">L\u00e9ger et rafra\u00eechissant, il p\u00e9n\u00e8tre rapidement et convient \u00e0 tous types de peau, il hydrate, \u00e9claircit et donne un \u00e9clat naturel, am\u00e9liore la fonction de barri\u00e8re de la peau, att\u00e9nue l&rsquo;apparence des rides et des ridules, renforce l&rsquo;hydratation de la peau; <\/span><span style=\"font-weight: 400;\">ajuste l&rsquo;\u00e9quilibre huile-humidit\u00e9 de la peau pour une peau souple et velout\u00e9e pour les peaux grasses, les peaux s\u00e8ches et les peaux \u00e0 tendance acn\u00e9ique.<\/span><\/p>\n<p>&nbsp;<\/p>\n<p><span style=\"color: #800080;\"><b>Utilisation<\/b><\/span><\/p>\n<p><span style=\"font-weight: 400;\">La lotion tonique liquide s&rsquo;applique apr\u00e8s le d\u00e9maquillage et le nettoyage, sur une peau propre. Sur un coton, imbib\u00e9 notre lotion tonique et appliquez-le sur votre visage en effectuant des mini-tapotements et ce de l\u2019int\u00e9rieur vers l\u2019ext\u00e9rieur. Pour ne pas cr\u00e9er d&rsquo;irritation, optez pour des gestes doux sans frotter.<\/span><\/p>\n<p>&nbsp;<\/p>\n<p><span style=\"color: #800080;\"><b>Ingr\u00e9dients et effets<\/b><\/span><\/p>\n<p><span style=\"font-weight: 400;\">Vitamine C: <\/span><span style=\"font-weight: 400;\">R\u00e9duit l\u2019apparence des rides en neutralisant les radicaux libres, am\u00e9liore l\u2019\u00e9lasticit\u00e9 de la peau et att\u00e9nue les t\u00e2ches pigmentaires\u00a0<\/span><\/p>\n<p>&nbsp;<\/p>\n<p><span style=\"color: #800080;\"><b>ULTIMATE GLORIOUS GLOW VITAMIN C SERUM<\/b><\/span><\/p>\n<p><span style=\"font-weight: 400;\">Les s\u00e9rums principalement utilis\u00e9s sur le visage, ont pour r\u00f4le de cibler des manquements sp\u00e9cifiques tels que les rides, les t\u00e2ches, le vieillissement pr\u00e9matur\u00e9, la perte de vitalit\u00e9, l\u2019exc\u00e8s de s\u00e9bum, la dilatation des pores et bien d\u2019autres.\u00a0<\/span><\/p>\n<p><span style=\"font-weight: 400;\">Biologique, v\u00e9g\u00e9talien, organique, vegan, naturel, <\/span><span style=\"font-weight: 400;\">sans paraben, sans silicone, sans cruaut\u00e9 sur les animaux, sans sulfate, sans parfum et fait de vitamine C, l\u2019Ultimate Glorious Glow Serum \u00e0 la Vitamine C de Alma Glorious beauty n\u2019est pas en reste; une utilisation quotidienne vous permettra de b\u00e9n\u00e9ficier de ses effets hydratants, anti-rides, anti-\u00e2ges, nourrissants, \u00e9claircissants, correcteur de pigmentation et aussi vous b\u00e9n\u00e9ficierez d\u2019un visage neuf, lisse, illumin\u00e9, \u00e9pur\u00e9 avec des pores resserr\u00e9s et une peau de visage encore plus revitalisant.<\/span><\/p>\n<p>&nbsp;<\/p>\n<p><span style=\"color: #800080;\"><b>Utilisation<\/b><\/span><\/p>\n<p><span style=\"font-weight: 400;\">Une fois votre visage nettoy\u00e9 avec notre facial cleanser, appliquez notre s\u00e9rum sur vos mains, frottez ensuite vos mains l\u2019une contre l\u2019autre par la suite, pressez vos mains sur la peau de votre visage et de votre cou. Appliquez le s\u00e9rum en tapotant, \u00e0 la fois sur le visage et le cou. Profitez de ce moment de bien-\u00eatre en laissant votre peau du visage et du cou absorber notre s\u00e9rum pendant quelques minutes.<\/span><\/p>\n<p>&nbsp;<\/p>\n<p><span style=\"color: #800080;\"><b>Ingr\u00e9dients et effets:<\/b><\/span><\/p>\n<p><span style=\"font-weight: 400;\">Vitamine C: <\/span><span style=\"font-weight: 400;\">R\u00e9duit l\u2019apparence des rides en neutralisant les radicaux libres, am\u00e9liore l\u2019\u00e9lasticit\u00e9 de la peau et att\u00e9nue les t\u00e2ches pigmentaires\u00a0<\/span><\/p>\n<p>&nbsp;<\/p>\n<p><span style=\"color: #800080;\"><b>ULTIMATE GLORIOUS GLOW VITAMIN C CREAM<\/b><\/span><\/p>\n<p><span style=\"font-weight: 400;\">Utiliser cet ingr\u00e9dient de beaut\u00e9 avanc\u00e9 qui est la Vitamine C ne peut que donner des r\u00e9sultats extraordinaires sur votre visage. La cr\u00e8me \u00e0 la vitamine C est un soin hydratant, raffermissant et \u00e9claircissant qui aide \u00e0 r\u00e9duire visiblement les signes courants du vieillissement cutan\u00e9.<\/span><\/p>\n<p>&nbsp;<\/p>\n<p><span style=\"color: #800080;\"><b>Utilisation<\/b><\/span><\/p>\n<p><span style=\"font-weight: 400;\">Une fois votre visage nettoy\u00e9 avec notre facial cleanser, le s\u00e9rum appliqu\u00e9, il est maintenant temps d\u2019appliquer notre magnifique Ultimate Glorious Glow Cream \u00e0 la Vitamine C en pr\u00e9parant la peau du visage et du cou en trois \u00e9tapes simples:<\/span><\/p>\n<ul>\n<li style=\"font-weight: 400;\" aria-level=\"1\"><span style=\"font-weight: 400;\">\u00c9tape 1: Chauffer<\/span><\/li>\n<\/ul>\n<p><span style=\"font-weight: 400;\">Pr\u00e9levez une petite quantit\u00e9 de cr\u00e8me, l\u2019\u00e9quivalent de deux noisettes, frottez-la dans vos paumes de mains pendant environ 5 secondes; le but \u00e9tant de mettre la cr\u00e8me \u00e0 la m\u00eame temp\u00e9rature que celle de votre peau afin qu\u2019elle ait un effet imm\u00e9diat.<\/span><\/p>\n<ul>\n<li style=\"font-weight: 400;\" aria-level=\"1\"><span style=\"font-weight: 400;\">\u00c9tape 2: L\u2019effleurage<\/span><\/li>\n<\/ul>\n<p><span style=\"font-weight: 400;\">Prenez vos mains, et avec la pression de ces derni\u00e8res, r\u00e9partir et ce de mani\u00e8re uniforme la cr\u00e8me sur le visage et le cou en mouvement de lissage l\u00e9ger avec beaucoup de douceur et ce pendant une dizaine de secondes.<\/span><\/p>\n<ul>\n<li style=\"font-weight: 400;\" aria-level=\"1\"><span style=\"font-weight: 400;\">\u00c9tape 3: Pressions appuy\u00e9es<\/span><\/li>\n<\/ul>\n<p><span style=\"font-weight: 400;\">On va se servir de la m\u00e9thode de drainage par pression afin d\u2019appliquer sur la peau du visage et du d\u00e9collet\u00e9 des pressions circulaires et ce \u00e0 l\u2019aide des doigts et de la paume des mains cela permettra de redonner de l\u2019\u00e9clat au teint tout en stimulant la circulation en pr\u00e9servant la fermet\u00e9 de votre peau. Pour ce qui est du visage, ce sera de la ligne m\u00e9diane vers l\u2019ext\u00e9rieur et pour le cou, toujours de haut en bas. Nous allons r\u00e9p\u00e9ter ce mouvement trois fois sur les joues, trois fois sur le front et cinq fois sur le cou et le d\u00e9collet\u00e9.<\/span><\/p>\n<p>&nbsp;<\/p>\n<p><span style=\"color: #800080;\"><b>Ingr\u00e9dients et effets:<\/b><\/span><\/p>\n<p><span style=\"font-weight: 400;\">Vitamine C: R\u00e9duit l\u2019apparence des rides en neutralisant les radicaux libres, am\u00e9liore l\u2019\u00e9lasticit\u00e9 de la peau et att\u00e9nue les t\u00e2ches pigmentaires <\/span><\/p>","protected":false},"excerpt":{"rendered":"<p><span style=\"font-weight: 400;\">Laissez-vous transformer par ce soin de la peau \u00e0 la vitamine C qui est r\u00e9put\u00e9 pour r<\/span><span style=\"font-weight: 400;\">\u00e9duire l\u2019apparence des rides en neutralisant les radicaux libres, am\u00e9liorer l\u2019\u00e9lasticit\u00e9 de la peau et att\u00e9nuer les t\u00e2ches pigmentaires; <\/span><span style=\"font-weight: 400;\">hydratantes, antioxydantes et antibact\u00e9riennes. Cette gamme de soins visage est douce, purifiante, apaisante et rafra\u00eechissante. Elle permet, entre autres, d&rsquo;hydrater la peau, de redonner de l&rsquo;\u00e9clat au teint, de pr\u00e9venir les rides. Dites oui \u00e0 la beaut\u00e9 d&rsquo;une peau hydrat\u00e9e et radieuse avec cette magnifique gamme de produits formul\u00e9s pour r\u00e9pondre \u00e0 vos besoins uniques en mati\u00e8re de soins de la peau.<\/span><\/p>\n<p><span style=\"font-weight: 400;\">Note: Tous nos produits sont autant pour les hommes que pour les femmes et conviennent \u00e0 tous types de peau<\/span><\/p>","protected":false},"featured_media":839,"comment_status":"open","ping_status":"closed","template":"","meta":[],"product_brand":[],"product_cat":[60,66],"product_tag":[],"class_list":{"0":"post-838","1":"product","2":"type-product","3":"status-publish","4":"has-post-thumbnail","6":"product_cat-produits-de-beaute-pour-adultes","7":"product_cat-soins-du-visage","9":"first","10":"instock","11":"shipping-taxable","12":"purchasable","13":"product-type-simple"},"jetpack_sharing_enabled":true,"_links":{"self":[{"href":"https:\/\/testing.almagloriousbeauty.com\/en_ca\/wp-json\/wp\/v2\/product\/838","targetHints":{"allow":["GET"]}}],"collection":[{"href":"https:\/\/testing.almagloriousbeauty.com\/en_ca\/wp-json\/wp\/v2\/product"}],"about":[{"href":"https:\/\/testing.almagloriousbeauty.com\/en_ca\/wp-json\/wp\/v2\/types\/product"}],"replies":[{"embeddable":true,"href":"https:\/\/testing.almagloriousbeauty.com\/en_ca\/wp-json\/wp\/v2\/comments?post=838"}],"wp:featuredmedia":[{"embeddable":true,"href":"https:\/\/testing.almagloriousbeauty.com\/en_ca\/wp-json\/wp\/v2\/media\/839"}],"wp:attachment":[{"href":"https:\/\/testing.almagloriousbeauty.com\/en_ca\/wp-json\/wp\/v2\/media?parent=838"}],"wp:term":[{"taxonomy":"product_brand","embeddable":true,"href":"https:\/\/testing.almagloriousbeauty.com\/en_ca\/wp-json\/wp\/v2\/product_brand?post=838"},{"taxonomy":"product_cat","embeddable":true,"href":"https:\/\/testing.almagloriousbeauty.com\/en_ca\/wp-json\/wp\/v2\/product_cat?post=838"},{"taxonomy":"product_tag","embeddable":true,"href":"https:\/\/testing.almagloriousbeauty.com\/en_ca\/wp-json\/wp\/v2\/product_tag?post=838"}],"curies":[{"name":"wp","href":"https:\/\/api.w.org\/{rel}","templated":true}]}}