{"id":846,"date":"2024-11-21T11:47:26","date_gmt":"2024-11-21T11:47:26","guid":{"rendered":"https:\/\/testing.almagloriousbeauty.com\/?post_type=product&#038;p=846"},"modified":"2025-11-09T08:43:02","modified_gmt":"2025-11-09T08:43:02","slug":"glorious-glow-4pcs","status":"publish","type":"product","link":"https:\/\/testing.almagloriousbeauty.com\/en_ca\/glorious-glow-4pcs\/","title":{"rendered":"GLORIOUS GLOW &#8211; ANTI ACN\u00c9 (4pcs)"},"content":{"rendered":"<p><span style=\"font-weight: 400;\">Nous savons tous c\u2019est quoi l\u2019acide Salicylique, ses propri\u00e9t\u00e9s antiseptiques inhibe la croissance des bact\u00e9ries, des champignons et virus \u00e0 la surface de la peau; il stoppe particuli\u00e8rement la prolif\u00e9ration de la Cutibacterium acnes qui est \u00e0 l\u2019origine des r\u00e9actions inflammatoires de l\u2019acn\u00e9, visibles sous formes de papules et de pustules que nous appelons commun\u00e9ment boutons.<\/span><\/p>\n<p><b>Notre Glorious Glow ne fait pas que traiter l\u2019acn\u00e9 mais elle inhibe la formation de l\u2019acn\u00e9 sans dess\u00e9cher la peau; elle vous laisse la peau douce, lumineuse, \u00e9claircit. Quoi de mieux?<\/b><\/p>\n<p><span style=\"font-weight: 400; color: #800080;\">Note: Tous nos produits sont autant pour les hommes que pour les femmes et conviennent \u00e0 tous types de peau<\/span><\/p>\n<p>&nbsp;<\/p>\n<p><span style=\"font-weight: 400;\">\u00c9TAPES D\u2019UTILISATION:<\/span><\/p>\n<p><span style=\"font-weight: 400;\">CORPS<\/span><\/p>\n<ol>\n<li style=\"font-weight: 400;\" aria-level=\"1\"><span style=\"font-weight: 400;\">GLORIOUS GLOW SCRUB<\/span><\/li>\n<li style=\"font-weight: 400;\" aria-level=\"1\"><span style=\"font-weight: 400;\">GLORIOUS GLOW SOAP<\/span><\/li>\n<li style=\"font-weight: 400;\" aria-level=\"1\"><span style=\"font-weight: 400;\">GLORIOUS GLOW SERUM OIL<\/span><\/li>\n<li style=\"font-weight: 400;\" aria-level=\"1\"><span style=\"font-weight: 400;\">GLORIOUS GLOW LOTION<\/span><\/li>\n<\/ol>\n<p>&nbsp;<\/p>\n<p><span style=\"font-weight: 400;\">VISAGE<\/span><\/p>\n<ol>\n<li style=\"font-weight: 400;\" aria-level=\"1\"><span style=\"font-weight: 400;\">GLORIOUS GLOW SCRUB<\/span><\/li>\n<li style=\"font-weight: 400;\" aria-level=\"1\"><span style=\"font-weight: 400;\">GLORIOUS GLOW SOAP\u00a0<\/span><\/li>\n<li style=\"font-weight: 400;\" aria-level=\"1\"><span style=\"font-weight: 400;\">GLORIOUS GLOW SERUM<\/span><\/li>\n<li style=\"font-weight: 400;\" aria-level=\"1\"><span style=\"font-weight: 400;\">GLORIOUS GLOW SERUM OIL<\/span><\/li>\n<li style=\"font-weight: 400;\" aria-level=\"1\"><span style=\"font-weight: 400;\">GLORIOUS GLOW DAY CREAM<\/span><\/li>\n<li style=\"font-weight: 400;\" aria-level=\"1\"><span style=\"font-weight: 400;\">GLORIOUS GLOW SALICYLIC ACID ACNE CREAM (SELON LE MOMENT DE LA JOURN\u00c9E)<\/span><\/li>\n<\/ol>","protected":false},"excerpt":{"rendered":"<p><span style=\"font-weight: 400;\">Vous avez tout essay\u00e9 pour le traitement de l\u2019acn\u00e9? et ce peu importe le type? l\u2019acn\u00e9 s\u00e9v\u00e8re, l\u2019acn\u00e9 persistante, l\u2019acn\u00e9 kystique, l\u2019acn\u00e9 hormonale sans succ\u00e8s? Rien n&rsquo;a fonctionn\u00e9 pour vous ? Alors notre gamme Glorious Glow est faite pour vous. C\u2019est un ensemble de soins de peau tr\u00e8s puissant; elle est r\u00e9paratrice, pr\u00e9ventive, \u00e9claircissante, illuminatrice. En l\u2019utilisant matin et soir, vous obtiendrez des r\u00e9sultats visibles apr\u00e8s seulement 14 jours.\u00a0<\/span><\/p>\n<p>&nbsp;<\/p>","protected":false},"featured_media":847,"comment_status":"open","ping_status":"closed","template":"","meta":[],"product_brand":[],"product_cat":[60,65],"product_tag":[],"class_list":{"0":"post-846","1":"product","2":"type-product","3":"status-publish","4":"has-post-thumbnail","6":"product_cat-produits-de-beaute-pour-adultes","7":"product_cat-creme-nourrissante-pour-le-corps","9":"first","10":"instock","11":"shipping-taxable","12":"purchasable","13":"product-type-simple"},"jetpack_sharing_enabled":true,"_links":{"self":[{"href":"https:\/\/testing.almagloriousbeauty.com\/en_ca\/wp-json\/wp\/v2\/product\/846","targetHints":{"allow":["GET"]}}],"collection":[{"href":"https:\/\/testing.almagloriousbeauty.com\/en_ca\/wp-json\/wp\/v2\/product"}],"about":[{"href":"https:\/\/testing.almagloriousbeauty.com\/en_ca\/wp-json\/wp\/v2\/types\/product"}],"replies":[{"embeddable":true,"href":"https:\/\/testing.almagloriousbeauty.com\/en_ca\/wp-json\/wp\/v2\/comments?post=846"}],"wp:featuredmedia":[{"embeddable":true,"href":"https:\/\/testing.almagloriousbeauty.com\/en_ca\/wp-json\/wp\/v2\/media\/847"}],"wp:attachment":[{"href":"https:\/\/testing.almagloriousbeauty.com\/en_ca\/wp-json\/wp\/v2\/media?parent=846"}],"wp:term":[{"taxonomy":"product_brand","embeddable":true,"href":"https:\/\/testing.almagloriousbeauty.com\/en_ca\/wp-json\/wp\/v2\/product_brand?post=846"},{"taxonomy":"product_cat","embeddable":true,"href":"https:\/\/testing.almagloriousbeauty.com\/en_ca\/wp-json\/wp\/v2\/product_cat?post=846"},{"taxonomy":"product_tag","embeddable":true,"href":"https:\/\/testing.almagloriousbeauty.com\/en_ca\/wp-json\/wp\/v2\/product_tag?post=846"}],"curies":[{"name":"wp","href":"https:\/\/api.w.org\/{rel}","templated":true}]}}