{"id":857,"date":"2024-11-21T12:14:25","date_gmt":"2024-11-21T12:14:25","guid":{"rendered":"https:\/\/testing.almagloriousbeauty.com\/?post_type=product&#038;p=857"},"modified":"2025-12-05T05:17:20","modified_gmt":"2025-12-05T05:17:20","slug":"perfect-glorious-glow-4pcs","status":"publish","type":"product","link":"https:\/\/testing.almagloriousbeauty.com\/en_ca\/perfect-glorious-glow-4pcs\/","title":{"rendered":"PERFECT GLORIOUS GLOW (4pcs)"},"content":{"rendered":"<p><span style=\"font-weight: 400\">Cette gamme riche en multi-vitamine et lait naturel, nettoie en douceur, nourrit en profondeur et elle saura illuminer votre peau de l\u2019int\u00e9rieur et aussi de l\u2019ext\u00e9rieur; elle va rendre votre peau satin\u00e9e et lisse <\/span><span style=\"font-weight: 400\">tout en minimisant l\u2019apparence des rides et des ridules vous donnant ainsi une peau d\u2019apparence jeune; elle aidera <\/span><span style=\"font-weight: 400\">\u00e9galement \u00e0 lutter contre le vieillissement pr\u00e9matur\u00e9 de votre peau; elle saura donner un \u00e9claircissement parfait \u00e0 votre peau avec deux ou trois teintes en plus tout en l\u2019hydratant profond\u00e9ment, en la nourrissant et en la rendant ferme; elle viendra corriger la pigmentation de votre peau en faisant dispara\u00eetre les t\u00e2ches brunes.<\/span><\/p>\n<p><span style=\"font-weight: 400\">Alors que vous ayez une peau s\u00e8che, grasse, sensible, mixte et m\u00eame irrit\u00e9e, faites confiance \u00e0 notre ensemble de soin corporel Perfect Glorious Glow<\/span><span style=\"font-weight: 400\">.<\/span><\/p>\n<p><span style=\"color: #800080\"><strong>Note: Tous nos produits sont autant pour les hommes que pour les femmes et conviennent \u00e0 tous types de peau<\/strong><\/span><\/p>\n<p>&nbsp;<\/p>\n<p><span style=\"font-weight: 400;color: #800080\">\u00c9TAPES D\u2019UTILISATION:<\/span><\/p>\n<p><span style=\"font-weight: 400\">CORPS<\/span><\/p>\n<ol>\n<li style=\"font-weight: 400\"><span style=\"font-weight: 400\">PERFECT GLORIOUS GLOW SCRUB<\/span><\/li>\n<li style=\"font-weight: 400\"><span style=\"font-weight: 400\">PERFECT GLORIOUS GLOW SOAP<\/span><\/li>\n<li style=\"font-weight: 400\"><span style=\"font-weight: 400\">PERFECT GLORIOUS GLOW LOTION<\/span><\/li>\n<\/ol>\n<p><span style=\"font-weight: 400\">VISAGE<\/span><\/p>\n<ol>\n<li style=\"font-weight: 400\"><span style=\"font-weight: 400\">PERFECT GLORIOUS GLOW SCRUB<\/span><\/li>\n<li style=\"font-weight: 400\"><span style=\"font-weight: 400\">PERFECT GLORIOUS GLOW SOAP\u00a0<\/span><\/li>\n<li style=\"font-weight: 400\"><span style=\"font-weight: 400\">PERFECT GLORIOUS GLOW SERUM<\/span><\/li>\n<li style=\"font-weight: 400\"><span style=\"font-weight: 400\">PERFECT GLORIOUS GLOW OIL<\/span><\/li>\n<li style=\"font-weight: 400\"><span style=\"font-weight: 400\">PERFECT GLORIOUS GLOW CREAM<\/span><\/li>\n<\/ol>","protected":false},"excerpt":{"rendered":"<p><span style=\"font-weight: 400\">PERFECT GLORIOUS GLOW de ALMA GLORIOUS BEAUTY, est un ensemble de sept vitamines (B3, B5, C, F, H, A, E) v\u00e9g\u00e9tales biologiques pour r\u00e9parer votre peau et la rendre plus \u00e9claircissante. Organiques et v\u00e9g\u00e9taliens pour la peau sans silicone, sans hydroquinone, sans Sulfate, sans parab\u00e8ne, sans cruaut\u00e9 sur les animaux et sans parfum. Principalement constitu\u00e9 de Niacinamide, Collag\u00e8ne, Acide Hyaluronique, <\/span><span style=\"font-weight: 400\">Beurre de karit\u00e9, Beurre de Jojoba, Glyc\u00e9rine, Vitamines B, C, E; Algue<\/span><span style=\"font-weight: 400\">.<\/span><\/p>\n<p>&nbsp;<\/p>","protected":false},"featured_media":858,"comment_status":"open","ping_status":"closed","template":"","meta":[],"product_brand":[],"product_cat":[60,65],"product_tag":[],"class_list":{"0":"post-857","1":"product","2":"type-product","3":"status-publish","4":"has-post-thumbnail","6":"product_cat-produits-de-beaute-pour-adultes","7":"product_cat-creme-nourrissante-pour-le-corps","9":"first","10":"instock","11":"shipping-taxable","12":"purchasable","13":"product-type-simple"},"jetpack_sharing_enabled":true,"_links":{"self":[{"href":"https:\/\/testing.almagloriousbeauty.com\/en_ca\/wp-json\/wp\/v2\/product\/857","targetHints":{"allow":["GET"]}}],"collection":[{"href":"https:\/\/testing.almagloriousbeauty.com\/en_ca\/wp-json\/wp\/v2\/product"}],"about":[{"href":"https:\/\/testing.almagloriousbeauty.com\/en_ca\/wp-json\/wp\/v2\/types\/product"}],"replies":[{"embeddable":true,"href":"https:\/\/testing.almagloriousbeauty.com\/en_ca\/wp-json\/wp\/v2\/comments?post=857"}],"wp:featuredmedia":[{"embeddable":true,"href":"https:\/\/testing.almagloriousbeauty.com\/en_ca\/wp-json\/wp\/v2\/media\/858"}],"wp:attachment":[{"href":"https:\/\/testing.almagloriousbeauty.com\/en_ca\/wp-json\/wp\/v2\/media?parent=857"}],"wp:term":[{"taxonomy":"product_brand","embeddable":true,"href":"https:\/\/testing.almagloriousbeauty.com\/en_ca\/wp-json\/wp\/v2\/product_brand?post=857"},{"taxonomy":"product_cat","embeddable":true,"href":"https:\/\/testing.almagloriousbeauty.com\/en_ca\/wp-json\/wp\/v2\/product_cat?post=857"},{"taxonomy":"product_tag","embeddable":true,"href":"https:\/\/testing.almagloriousbeauty.com\/en_ca\/wp-json\/wp\/v2\/product_tag?post=857"}],"curies":[{"name":"wp","href":"https:\/\/api.w.org\/{rel}","templated":true}]}}