{"id":863,"date":"2024-11-21T12:32:15","date_gmt":"2024-11-21T12:32:15","guid":{"rendered":"https:\/\/testing.almagloriousbeauty.com\/?post_type=product&#038;p=863"},"modified":"2025-05-03T01:23:38","modified_gmt":"2025-05-03T01:23:38","slug":"jaydens-skin-body-lotion","status":"publish","type":"product","link":"https:\/\/testing.almagloriousbeauty.com\/en_ca\/jaydens-skin-body-lotion\/","title":{"rendered":"JAYDEN\u2019S SKIN BODY LOTION"},"content":{"rendered":"<p><span style=\"color: #800080;\"><b>UTILISATION<\/b><\/span><\/p>\n<p><span style=\"font-weight: 400;\">Apr\u00e8s le bain, appliquer g\u00e9n\u00e9reusement aussi souvent que n\u00e9cessaire.<\/span><\/p>\n<p><span style=\"font-weight: 400;\">\u00c9viter tout contact avec les yeux. En cas de contact direct, rincer imm\u00e9diatement et abondamment. Garder hors de la port\u00e9e des enfants. Ne pas avaler.<\/span><\/p>\n<p>&nbsp;<\/p>\n<p><span style=\"color: #800080;\"><b>INGREDIENTS<\/b><\/span><\/p>\n<p><span style=\"font-weight: 400;\">Water, Camellia Seed Oil, Glycerol, Avocado Extract, Chamomile Extract, Oat Extract, Caprylic Acid\/Decanoic Triglyceride, Glycerol Stearate Citrate, Cetyl Alcohol, 1,2-Diol, Palmitic Acid, Plant Squalane, Vitamin E, Sunflower Seed Oil Carbomer.<\/span><\/p>","protected":false},"excerpt":{"rendered":"<p><span style=\"font-weight: 400;\">La Lotion corporelle hydratante pour enfants s&rsquo;\u00e9tend facilement sur la peau et aide \u00e0 maintenir la d\u00e9licate barri\u00e8re protectrice en d\u00e9veloppement. <\/span><span style=\"font-weight: 400;\">La peau de l\u2019enfant a un mince film de s\u00e9bum, qui ne repr\u00e9sente qu&rsquo;un tiers de celui des adultes, et n&rsquo;a presque aucune capacit\u00e9 \u00e0 retenir l&rsquo;eau; Il faut donc l\u2019hydrater et en prendre soin. <\/span><span style=\"font-weight: 400;\">Cette lotion l\u00e9g\u00e8re <\/span><span style=\"font-weight: 400;\">moelleuse, rafra\u00eechissante <\/span><span style=\"font-weight: 400;\">et non grasse <\/span><span style=\"font-weight: 400;\">contient des ingr\u00e9dients naturels tels que<\/span><span style=\"font-weight: 400;\"> l<\/span><span style=\"font-weight: 400;\">\u2019huile de graines de Camellia, l\u2019extrait d\u2019avocat, l\u2019huile de Jojoba, l\u2019avoine qui peuvent aider efficacement la peau de b\u00e9b\u00e9 \u00e0 former un film hydratant et nourrissant, il hydrate longtemps et r\u00e9pare la peau sensible et les barri\u00e8res endommag\u00e9es.\u00a0<\/span><\/p>","protected":false},"featured_media":864,"comment_status":"open","ping_status":"closed","template":"","meta":[],"product_brand":[],"product_cat":[59,69],"product_tag":[],"class_list":{"0":"post-863","1":"product","2":"type-product","3":"status-publish","4":"has-post-thumbnail","6":"product_cat-soins-pour-bebes","7":"product_cat-soins-pour-peau-sensible-au-canada","9":"first","10":"instock","11":"shipping-taxable","12":"purchasable","13":"product-type-simple"},"jetpack_sharing_enabled":true,"_links":{"self":[{"href":"https:\/\/testing.almagloriousbeauty.com\/en_ca\/wp-json\/wp\/v2\/product\/863","targetHints":{"allow":["GET"]}}],"collection":[{"href":"https:\/\/testing.almagloriousbeauty.com\/en_ca\/wp-json\/wp\/v2\/product"}],"about":[{"href":"https:\/\/testing.almagloriousbeauty.com\/en_ca\/wp-json\/wp\/v2\/types\/product"}],"replies":[{"embeddable":true,"href":"https:\/\/testing.almagloriousbeauty.com\/en_ca\/wp-json\/wp\/v2\/comments?post=863"}],"wp:featuredmedia":[{"embeddable":true,"href":"https:\/\/testing.almagloriousbeauty.com\/en_ca\/wp-json\/wp\/v2\/media\/864"}],"wp:attachment":[{"href":"https:\/\/testing.almagloriousbeauty.com\/en_ca\/wp-json\/wp\/v2\/media?parent=863"}],"wp:term":[{"taxonomy":"product_brand","embeddable":true,"href":"https:\/\/testing.almagloriousbeauty.com\/en_ca\/wp-json\/wp\/v2\/product_brand?post=863"},{"taxonomy":"product_cat","embeddable":true,"href":"https:\/\/testing.almagloriousbeauty.com\/en_ca\/wp-json\/wp\/v2\/product_cat?post=863"},{"taxonomy":"product_tag","embeddable":true,"href":"https:\/\/testing.almagloriousbeauty.com\/en_ca\/wp-json\/wp\/v2\/product_tag?post=863"}],"curies":[{"name":"wp","href":"https:\/\/api.w.org\/{rel}","templated":true}]}}