{"id":865,"date":"2024-11-21T12:35:18","date_gmt":"2024-11-21T12:35:18","guid":{"rendered":"https:\/\/testing.almagloriousbeauty.com\/?post_type=product&#038;p=865"},"modified":"2025-05-03T01:23:10","modified_gmt":"2025-05-03T01:23:10","slug":"jaydens-skin-wash-shampoo","status":"publish","type":"product","link":"https:\/\/testing.almagloriousbeauty.com\/en_ca\/jaydens-skin-wash-shampoo\/","title":{"rendered":"JAYDEN\u2019S SKIN WASH &#038; SHAMPOO"},"content":{"rendered":"<p><span style=\"color: #800080;\"><b>UTILISATION<\/b><\/span><\/p>\n<p><span style=\"font-weight: 400;\">Mouiller la peau avec de l\u2019eau ti\u00e8de. Masser le nettoyant shampoing sur la peau en effectuant de l\u00e9gers mouvements circulaires. Rincer abondamment et \u00e9viter tout contact avec les yeux. En cas de contact, rincer imm\u00e9diatement et abondamment. Garder hors de la port\u00e9e des enfants. Ne pas avaler. Utiliser uniquement comme indiqu\u00e9.\u00a0<\/span><\/p>\n<p>&nbsp;<\/p>\n<p><span style=\"color: #800080;\"><b>INGREDIENTS<\/b><\/span><\/p>\n<p><span style=\"font-weight: 400;\">Water, Glycerol, Sodium Lauroyl Glutamate, Lauryl Glucoside, Oat Extract, Coconut Amidopropyl Betaine, Trehalose, Peach Leaf Extract, Avocado Extract, Amino Acid, 1,2-Hexanediol, Citric Acid.<\/span><\/p>","protected":false},"excerpt":{"rendered":"<p><span style=\"font-weight: 400;\">Le moment du bain est une partie tr\u00e8s importante de la routine quotidienne de votre enfant; c\u2019est aussi un moment pour prendre du temps avec lui et se rapprocher de lui. Le Nettoyant et shampooing Jayden\u2019s Skin \u00e0 l\u2019huile de graines de Camellia, d\u2019extrait d\u2019avocat, d\u2019extrait d\u2019avoine nettoie en douceur la peau et les cheveux de l\u2019enfant avec une mousse douce et non irritante pour les yeux, ce qui aide \u00e0 rendre l&rsquo;heure du bain facile et amusante; laissant <\/span><span style=\"font-weight: 400;\">les cheveux de b\u00e9b\u00e9 doux, lisses, rafra\u00eechissants et respirants. La mousse est d\u00e9licate et riche, facile \u00e0 rincer et la formule sans larmes fait de ce moment un moment de jeu et de bonheur. <\/span><span style=\"font-weight: 400;\">Con\u00e7u pour ne pas perturber la barri\u00e8re d&rsquo;hydratation protectrice en d\u00e9veloppement, plus fine et d\u00e9licate. R<\/span><span style=\"font-weight: 400;\">iche en ingr\u00e9dients essentiels tels que l&rsquo;extrait d&rsquo;avoine, l&rsquo;extrait de feuille de p\u00eache, le tr\u00e9halose, etc. sont utilis\u00e9s pour prendre soin de la peau d\u00e9licate des enfants.\u00a0<\/span><\/p>","protected":false},"featured_media":866,"comment_status":"open","ping_status":"closed","template":"","meta":[],"product_brand":[],"product_cat":[59,69],"product_tag":[],"class_list":{"0":"post-865","1":"product","2":"type-product","3":"status-publish","4":"has-post-thumbnail","6":"product_cat-soins-pour-bebes","7":"product_cat-soins-pour-peau-sensible-au-canada","9":"first","10":"instock","11":"shipping-taxable","12":"purchasable","13":"product-type-simple"},"jetpack_sharing_enabled":true,"_links":{"self":[{"href":"https:\/\/testing.almagloriousbeauty.com\/en_ca\/wp-json\/wp\/v2\/product\/865","targetHints":{"allow":["GET"]}}],"collection":[{"href":"https:\/\/testing.almagloriousbeauty.com\/en_ca\/wp-json\/wp\/v2\/product"}],"about":[{"href":"https:\/\/testing.almagloriousbeauty.com\/en_ca\/wp-json\/wp\/v2\/types\/product"}],"replies":[{"embeddable":true,"href":"https:\/\/testing.almagloriousbeauty.com\/en_ca\/wp-json\/wp\/v2\/comments?post=865"}],"wp:featuredmedia":[{"embeddable":true,"href":"https:\/\/testing.almagloriousbeauty.com\/en_ca\/wp-json\/wp\/v2\/media\/866"}],"wp:attachment":[{"href":"https:\/\/testing.almagloriousbeauty.com\/en_ca\/wp-json\/wp\/v2\/media?parent=865"}],"wp:term":[{"taxonomy":"product_brand","embeddable":true,"href":"https:\/\/testing.almagloriousbeauty.com\/en_ca\/wp-json\/wp\/v2\/product_brand?post=865"},{"taxonomy":"product_cat","embeddable":true,"href":"https:\/\/testing.almagloriousbeauty.com\/en_ca\/wp-json\/wp\/v2\/product_cat?post=865"},{"taxonomy":"product_tag","embeddable":true,"href":"https:\/\/testing.almagloriousbeauty.com\/en_ca\/wp-json\/wp\/v2\/product_tag?post=865"}],"curies":[{"name":"wp","href":"https:\/\/api.w.org\/{rel}","templated":true}]}}