{"id":871,"date":"2024-11-21T12:49:39","date_gmt":"2024-11-21T12:49:39","guid":{"rendered":"https:\/\/testing.almagloriousbeauty.com\/?post_type=product&#038;p=871"},"modified":"2025-06-21T02:26:27","modified_gmt":"2025-06-21T02:26:27","slug":"jaydens-hair-curl-cream","status":"publish","type":"product","link":"https:\/\/testing.almagloriousbeauty.com\/en_ca\/jaydens-hair-curl-cream\/","title":{"rendered":"JAYDEN\u2019S HAIR CURL CREAM"},"content":{"rendered":"<p><span style=\"color: #800080;\"><b>UTILISATION<\/b><\/span><\/p>\n<p><span style=\"font-weight: 400;\">Lisser sur les cheveux humides, section par section, en commen\u00e7ant \u00e0 la racine et en travaillant vers les extr\u00e9mit\u00e9s. Ne pas rincer. Peut \u00eatre utilis\u00e9 sur cheveux secs pour r\u00e9hydrater les boucles.<\/span><\/p>\n<p>&nbsp;<\/p>\n<p><span style=\"color: #800080;\"><b>INGR\u00c9DIENTS<\/b><\/span><\/p>\n<p><span style=\"font-weight: 400;\">EAU, BEURRE DE KARIT\u00c9, HUILE D\u2019ARGAN, HUILE DE SOJA, GLYC\u00c9RINE, HUILE D\u2019OLIVE, VITAMINE E, QUINOA HYDROLYS\u00c9<\/span><\/p>","protected":false},"excerpt":{"rendered":"<p><span style=\"font-weight: 400;\">Profitez de la d\u00e9finition, de l&rsquo;humidit\u00e9 et de la facilit\u00e9 de gestion avec la cr\u00e8me \u00e0 friser \u00e0 la noix de coco. Parfait pour tous les mod\u00e8les de boucles et les types de cheveux, cette brillance sans sulfate. Obtenez une sant\u00e9 optimale des cheveux avec cette cr\u00e8me pour boucles qui r\u00e9duit les frisottis et d&rsquo;autres styles pour les cheveux naturels tout en offrant une tenue douce. Pour l&rsquo;utiliser, lisser sur les cheveux humides, section par section, en commen\u00e7ant \u00e0 la racine et en travaillant vers les extr\u00e9mit\u00e9s.<\/span><\/p>\n<p><strong><span style=\"color: #800080;\">Caract\u00e9ristique:<\/span><\/strong><\/p>\n<ol>\n<li><span style=\"font-weight: 400;\"> D\u00e9finit les boucles et offre une tenue douce sans alourdir les cheveux<\/span><\/li>\n<li><span style=\"font-weight: 400;\"> R\u00e9duit les frisottis des cheveux naturellement boucl\u00e9s<\/span><\/li>\n<li><span style=\"font-weight: 400;\"> Parfait pour Wash &amp; Go, twist-outs, tresses et autres styles pour les cheveux naturels.<\/span><\/li>\n<li><span style=\"font-weight: 400;\"> Hydrate et renforce les brins.<\/span><\/li>\n<li><span style=\"font-weight: 400;\"> Id\u00e9al pour les cheveux naturels, les cheveux 4C, les cheveux 3C, les cheveux boucl\u00e9s et cr\u00e9pus, les cheveux d\u00e9color\u00e9s; pour tous types de cheveux<\/span><\/li>\n<\/ol>","protected":false},"featured_media":872,"comment_status":"open","ping_status":"closed","template":"","meta":[],"product_brand":[],"product_cat":[59,70],"product_tag":[],"class_list":{"0":"post-871","1":"product","2":"type-product","3":"status-publish","4":"has-post-thumbnail","6":"product_cat-soins-pour-bebes","7":"product_cat-soins-capillaires-fabriques-au-canada","8":"aux-has-gallery","10":"first","11":"instock","12":"shipping-taxable","13":"purchasable","14":"product-type-simple"},"jetpack_sharing_enabled":true,"_links":{"self":[{"href":"https:\/\/testing.almagloriousbeauty.com\/en_ca\/wp-json\/wp\/v2\/product\/871","targetHints":{"allow":["GET"]}}],"collection":[{"href":"https:\/\/testing.almagloriousbeauty.com\/en_ca\/wp-json\/wp\/v2\/product"}],"about":[{"href":"https:\/\/testing.almagloriousbeauty.com\/en_ca\/wp-json\/wp\/v2\/types\/product"}],"replies":[{"embeddable":true,"href":"https:\/\/testing.almagloriousbeauty.com\/en_ca\/wp-json\/wp\/v2\/comments?post=871"}],"wp:featuredmedia":[{"embeddable":true,"href":"https:\/\/testing.almagloriousbeauty.com\/en_ca\/wp-json\/wp\/v2\/media\/872"}],"wp:attachment":[{"href":"https:\/\/testing.almagloriousbeauty.com\/en_ca\/wp-json\/wp\/v2\/media?parent=871"}],"wp:term":[{"taxonomy":"product_brand","embeddable":true,"href":"https:\/\/testing.almagloriousbeauty.com\/en_ca\/wp-json\/wp\/v2\/product_brand?post=871"},{"taxonomy":"product_cat","embeddable":true,"href":"https:\/\/testing.almagloriousbeauty.com\/en_ca\/wp-json\/wp\/v2\/product_cat?post=871"},{"taxonomy":"product_tag","embeddable":true,"href":"https:\/\/testing.almagloriousbeauty.com\/en_ca\/wp-json\/wp\/v2\/product_tag?post=871"}],"curies":[{"name":"wp","href":"https:\/\/api.w.org\/{rel}","templated":true}]}}