{"id":874,"date":"2024-11-21T12:53:08","date_gmt":"2024-11-21T12:53:08","guid":{"rendered":"https:\/\/testing.almagloriousbeauty.com\/?post_type=product&#038;p=874"},"modified":"2025-05-03T01:20:19","modified_gmt":"2025-05-03T01:20:19","slug":"jaydens-hair-detangling-spray","status":"publish","type":"product","link":"https:\/\/testing.almagloriousbeauty.com\/en_ca\/jaydens-hair-detangling-spray\/","title":{"rendered":"JAYDEN\u2019S HAIR DETANGLING SPRAY"},"content":{"rendered":"<p><span style=\"color: #800080;\"><b>UTILISATION<\/b><\/span><\/p>\n<p><span style=\"font-weight: 400;\">Bien agiter avant utilisation! Pulv\u00e9riser g\u00e9n\u00e9reusement sur cheveux humides ou secs; hydrate, lisse et d\u00e9m\u00eale.<\/span><\/p>\n<p>&nbsp;<\/p>\n<p><span style=\"color: #800080;\"><b>INGR\u00c9DIENTS<\/b><\/span><\/p>\n<p><span style=\"font-weight: 400;\">EAU, HUILE DE COCO, EXTRAIT DE PEAU D\u2019ORANGE, EXTRAIT DE FRUITS, \u00c9CORCE DE TANGERINE D\u2019AGRUMES, HUILE D\u2019ARGAN, BEURRE DE KARIT\u00c9, PROT\u00c9INE DE JOJOBA HYDROLYS\u00c9, VITAMINE E, ACIDE CITRIQUE<\/span><\/p>","protected":false},"excerpt":{"rendered":"<p><span style=\"font-weight: 400;\">Riche en vitamines E, B5, lait de coco, huile d&rsquo;olive et de graines qui sont parfaits m\u00eame pour les cheveux les plus secs. Sans produits chimiques, sans toxines, sans parfums ajout\u00e9s, sans parab\u00e8nes, sans colorants, sans alcool, fait \u00e0 base de plantes pour des cheveux plus sains de la racine aux pointes avec une alimentation sup\u00e9rieure, lisse, humidifie et d\u00e9m\u00eale les cheveux.<\/span><\/p>","protected":false},"featured_media":875,"comment_status":"open","ping_status":"closed","template":"","meta":[],"product_brand":[],"product_cat":[59,70],"product_tag":[],"class_list":{"0":"post-874","1":"product","2":"type-product","3":"status-publish","4":"has-post-thumbnail","6":"product_cat-soins-pour-bebes","7":"product_cat-soins-capillaires-fabriques-au-canada","9":"first","10":"instock","11":"shipping-taxable","12":"purchasable","13":"product-type-simple"},"jetpack_sharing_enabled":true,"_links":{"self":[{"href":"https:\/\/testing.almagloriousbeauty.com\/en_ca\/wp-json\/wp\/v2\/product\/874","targetHints":{"allow":["GET"]}}],"collection":[{"href":"https:\/\/testing.almagloriousbeauty.com\/en_ca\/wp-json\/wp\/v2\/product"}],"about":[{"href":"https:\/\/testing.almagloriousbeauty.com\/en_ca\/wp-json\/wp\/v2\/types\/product"}],"replies":[{"embeddable":true,"href":"https:\/\/testing.almagloriousbeauty.com\/en_ca\/wp-json\/wp\/v2\/comments?post=874"}],"wp:featuredmedia":[{"embeddable":true,"href":"https:\/\/testing.almagloriousbeauty.com\/en_ca\/wp-json\/wp\/v2\/media\/875"}],"wp:attachment":[{"href":"https:\/\/testing.almagloriousbeauty.com\/en_ca\/wp-json\/wp\/v2\/media?parent=874"}],"wp:term":[{"taxonomy":"product_brand","embeddable":true,"href":"https:\/\/testing.almagloriousbeauty.com\/en_ca\/wp-json\/wp\/v2\/product_brand?post=874"},{"taxonomy":"product_cat","embeddable":true,"href":"https:\/\/testing.almagloriousbeauty.com\/en_ca\/wp-json\/wp\/v2\/product_cat?post=874"},{"taxonomy":"product_tag","embeddable":true,"href":"https:\/\/testing.almagloriousbeauty.com\/en_ca\/wp-json\/wp\/v2\/product_tag?post=874"}],"curies":[{"name":"wp","href":"https:\/\/api.w.org\/{rel}","templated":true}]}}