{"id":876,"date":"2024-11-21T12:56:22","date_gmt":"2024-11-21T12:56:22","guid":{"rendered":"https:\/\/testing.almagloriousbeauty.com\/?post_type=product&#038;p=876"},"modified":"2025-06-21T02:26:46","modified_gmt":"2025-06-21T02:26:46","slug":"jaydens-hair-serum","status":"publish","type":"product","link":"https:\/\/testing.almagloriousbeauty.com\/en_ca\/jaydens-hair-serum\/","title":{"rendered":"JAYDEN\u2019S HAIR SERUM"},"content":{"rendered":"<p><span style=\"color: #800080;\"><b>UTILISATION<\/b><\/span><\/p>\n<p><span style=\"font-weight: 400;\">Appliquer une petite quantit\u00e9 de s\u00e9rum sur les cheveux lav\u00e9s et s\u00e9ch\u00e9s \u00e0 la serviette. R\u00e9partir uniform\u00e9ment \u00e0 travers les cheveux puis brosser doucement.<\/span><\/p>\n<p>&nbsp;<\/p>\n<p><span style=\"color: #800080;\"><b>INGR\u00c9DIENTS<\/b><\/span><\/p>\n<p><span style=\"font-weight: 400;\">EAU, HYDROXYETHYL CELLULOSE, HUILE DE COCO, VITAMINE E, BIOTINE, ACRYLATE DE SODIUM, SODIUM COPOLYM\u00c8RE TAURATE D\u2019ACRYLOYL-DIM\u00c9THYLE, HUILE D\u2019ARGAN, PARFUM<\/span><\/p>","protected":false},"excerpt":{"rendered":"<p><span style=\"font-weight: 400;\">Doux et sans rin\u00e7age, ce s\u00e9rum sans alcool, sans couleur synth\u00e9tique aide \u00e0 nourrir les cheveux. Compos\u00e9s d&rsquo;ingr\u00e9dients naturels, d\u2019huile de noix de coco, de beurre de karit\u00e9, de vitamine E, d\u2019huile d&rsquo;arbre \u00e0 th\u00e9, d\u2019huile de biotine qui aident \u00e0 rendre les cheveux plus sains.<\/span><\/p>\n<p><span style=\"font-weight: 400;\">L\u2019extrait d&rsquo;orange et de beurre de karit\u00e9 cr\u00e9e un complexe sain et apaisant pour nourrir les cheveux et le cuir chevelu. Les extraits de noix de coco et d&rsquo;aloe vera hydratent, nourrissent et r\u00e9confortent les soins du cuir chevelu. Adoucit les cheveux, laisse les cheveux soyeux et lisses, stimule la brillance tout en apprivoisant les frisottis, apprivoise les m\u00e8ches. Pour tous les types de cheveux<\/span><\/p>","protected":false},"featured_media":877,"comment_status":"open","ping_status":"closed","template":"","meta":[],"product_brand":[],"product_cat":[59,70],"product_tag":[],"class_list":{"0":"post-876","1":"product","2":"type-product","3":"status-publish","4":"has-post-thumbnail","6":"product_cat-soins-pour-bebes","7":"product_cat-soins-capillaires-fabriques-au-canada","9":"first","10":"instock","11":"shipping-taxable","12":"purchasable","13":"product-type-simple"},"jetpack_sharing_enabled":true,"_links":{"self":[{"href":"https:\/\/testing.almagloriousbeauty.com\/en_ca\/wp-json\/wp\/v2\/product\/876","targetHints":{"allow":["GET"]}}],"collection":[{"href":"https:\/\/testing.almagloriousbeauty.com\/en_ca\/wp-json\/wp\/v2\/product"}],"about":[{"href":"https:\/\/testing.almagloriousbeauty.com\/en_ca\/wp-json\/wp\/v2\/types\/product"}],"replies":[{"embeddable":true,"href":"https:\/\/testing.almagloriousbeauty.com\/en_ca\/wp-json\/wp\/v2\/comments?post=876"}],"wp:featuredmedia":[{"embeddable":true,"href":"https:\/\/testing.almagloriousbeauty.com\/en_ca\/wp-json\/wp\/v2\/media\/877"}],"wp:attachment":[{"href":"https:\/\/testing.almagloriousbeauty.com\/en_ca\/wp-json\/wp\/v2\/media?parent=876"}],"wp:term":[{"taxonomy":"product_brand","embeddable":true,"href":"https:\/\/testing.almagloriousbeauty.com\/en_ca\/wp-json\/wp\/v2\/product_brand?post=876"},{"taxonomy":"product_cat","embeddable":true,"href":"https:\/\/testing.almagloriousbeauty.com\/en_ca\/wp-json\/wp\/v2\/product_cat?post=876"},{"taxonomy":"product_tag","embeddable":true,"href":"https:\/\/testing.almagloriousbeauty.com\/en_ca\/wp-json\/wp\/v2\/product_tag?post=876"}],"curies":[{"name":"wp","href":"https:\/\/api.w.org\/{rel}","templated":true}]}}