{"id":880,"date":"2024-11-21T13:03:29","date_gmt":"2024-11-21T13:03:29","guid":{"rendered":"https:\/\/testing.almagloriousbeauty.com\/?post_type=product&#038;p=880"},"modified":"2025-06-03T02:38:00","modified_gmt":"2025-06-03T02:38:00","slug":"jaydens-hair-edge-control","status":"publish","type":"product","link":"https:\/\/testing.almagloriousbeauty.com\/en_ca\/jaydens-hair-edge-control\/","title":{"rendered":"JAYDEN\u2019S HAIR EDGE CONTROL"},"content":{"rendered":"<p><span style=\"color: #800080;\"><b>UTILISATION<\/b><\/span><\/p>\n<p><span style=\"font-weight: 400;\">Appliquer une petite quantit\u00e9 sur les bords, travailler soigneusement dans les cheveux, puis lisser avec un peigne ou une brosse.<\/span><\/p>\n<p><span style=\"font-weight: 400;\">Attention: pour usage externe uniquement. Tenir hors de port\u00e9e des enfants. \u00c9viter le contact avec les yeux.<\/span><\/p>\n<p>&nbsp;<\/p>\n<p><span style=\"color: #800080;\"><b>INGREDIENTS<\/b><\/span><\/p>\n<p><span style=\"font-weight: 400;\">Aqua, cire d&rsquo;abeille, copolym\u00e8re styr\u00e8ne-acrylates, lactate de menthyle, huile d&rsquo;argan, huile de ricin hydrog\u00e9n\u00e9e PEG-40, huile de feuille d&rsquo;ocimum Americanum, parfum.<\/span><\/p>","protected":false},"excerpt":{"rendered":"<p><span style=\"font-weight: 400;\">Parfait pour lisser les bords, des cheveux naturels et non naturels en plus d\u2019ajouter de la brillance. <\/span><span style=\"font-weight: 400;\">Utilisez-le pour cr\u00e9er des looks classiques et liss\u00e9s au dos ou pour contr\u00f4ler tout type de cheveux. Pour une tenue longue dur\u00e9e avec une brillance \u00e9lev\u00e9e. Fabriqu\u00e9 avec de l&rsquo;huile d&rsquo;argan naturelle, il s\u2019absorbe rapidement sans r\u00e9sidu huileux, Nourrit et hydrate tout en offrant une prise solide et souple, soluble dans l&rsquo;eau et non gras, Style durable 24 heures, Ingr\u00e9dients sans alcool, sans tests sur les animaux et sans flocons. Ajout\u00e9 avec des extraits de vitamine E qui pr\u00e9viennent la perte de cheveux, les troubles de la peau et du cuir chevelu, soutient les cheveux plus volumineux, plus forts et plus sains.<\/span><\/p>","protected":false},"featured_media":881,"comment_status":"open","ping_status":"closed","template":"","meta":[],"product_brand":[],"product_cat":[59,70],"product_tag":[],"class_list":{"0":"post-880","1":"product","2":"type-product","3":"status-publish","4":"has-post-thumbnail","6":"product_cat-soins-pour-bebes","7":"product_cat-soins-capillaires-fabriques-au-canada","8":"aux-has-gallery","10":"first","11":"instock","12":"shipping-taxable","13":"purchasable","14":"product-type-simple"},"jetpack_sharing_enabled":true,"_links":{"self":[{"href":"https:\/\/testing.almagloriousbeauty.com\/en_ca\/wp-json\/wp\/v2\/product\/880","targetHints":{"allow":["GET"]}}],"collection":[{"href":"https:\/\/testing.almagloriousbeauty.com\/en_ca\/wp-json\/wp\/v2\/product"}],"about":[{"href":"https:\/\/testing.almagloriousbeauty.com\/en_ca\/wp-json\/wp\/v2\/types\/product"}],"replies":[{"embeddable":true,"href":"https:\/\/testing.almagloriousbeauty.com\/en_ca\/wp-json\/wp\/v2\/comments?post=880"}],"wp:featuredmedia":[{"embeddable":true,"href":"https:\/\/testing.almagloriousbeauty.com\/en_ca\/wp-json\/wp\/v2\/media\/881"}],"wp:attachment":[{"href":"https:\/\/testing.almagloriousbeauty.com\/en_ca\/wp-json\/wp\/v2\/media?parent=880"}],"wp:term":[{"taxonomy":"product_brand","embeddable":true,"href":"https:\/\/testing.almagloriousbeauty.com\/en_ca\/wp-json\/wp\/v2\/product_brand?post=880"},{"taxonomy":"product_cat","embeddable":true,"href":"https:\/\/testing.almagloriousbeauty.com\/en_ca\/wp-json\/wp\/v2\/product_cat?post=880"},{"taxonomy":"product_tag","embeddable":true,"href":"https:\/\/testing.almagloriousbeauty.com\/en_ca\/wp-json\/wp\/v2\/product_tag?post=880"}],"curies":[{"name":"wp","href":"https:\/\/api.w.org\/{rel}","templated":true}]}}