{"id":884,"date":"2024-11-21T13:40:42","date_gmt":"2024-11-21T13:40:42","guid":{"rendered":"https:\/\/testing.almagloriousbeauty.com\/?post_type=product&#038;p=884"},"modified":"2025-05-05T02:59:52","modified_gmt":"2025-05-05T02:59:52","slug":"glorieux-buisson-ardent","status":"publish","type":"product","link":"https:\/\/testing.almagloriousbeauty.com\/en_ca\/glorieux-buisson-ardent\/","title":{"rendered":"GLORIEUX BUISSON ARDENT"},"content":{"rendered":"<p><span style=\"color: #800080;\"><b>UTILISATION<\/b><\/span><\/p>\n<p><span style=\"font-weight: 400;\">Utilisez deux capsules par jour, pendant la journ\u00e9e, buvez beaucoup d\u2019eau. Avalez une capsule 20 minutes avant le repas du midi et 20 minutes avant le repas du soir.<\/span><\/p>\n<p>&nbsp;<\/p>\n<p><span style=\"color: #800080;\"><b>INGR\u00c9DIENTS ET EFFETS<\/b><\/span><\/p>\n<p><span style=\"font-weight: 400;\">Garcinia Cambogia: Super aliment minceur, capable de r\u00e9duire les aliments gras et sucr\u00e9s, pour obliger le corps \u00e0 puiser dans ses r\u00e9serves \u00e9nerg\u00e9tiques localis\u00e9es et ainsi le doter d&rsquo;une puissante activit\u00e9 br\u00fble-graisse.<\/span><\/p>\n<p><span style=\"font-weight: 400;\">White Kidney Bean Extract: Inhibition partielle de la digestion des glucides. Am\u00e9lioration des marqueurs m\u00e9taboliques associ\u00e9s \u00e0 la perte de poids.<\/span><\/p>\n<p><span style=\"font-weight: 400;\">L-Carnitine: Excellent br\u00fbleur de graisse qui exerce une action sur le m\u00e9tabolisme des acides gras. En effet, elle permet de mobiliser les graisses dans l&rsquo;organisme et permet aux mitochondries de les \u201cbr\u00fbler\u201d et de les transformer en \u00e9nergie.<\/span><\/p>\n<p><span style=\"font-weight: 400;\">Green Tea Extract: <\/span><span style=\"font-weight: 400;\">augmente les d\u00e9penses \u00e9nerg\u00e9tiques donc perte de calories et de poids.<\/span><\/p>\n<p><span style=\"font-weight: 400;\">Raspberry Ketone: Cette substance faciliterait le d\u00e9stockage des graisses dans les cellules adipeuses en agissant sur la production de l&rsquo;hormone noradr\u00e9naline.\u00a0<\/span><\/p>\n<p><span style=\"font-weight: 400;\">Capsimax Pepper Extract: <\/span><span style=\"font-weight: 400;\">Vous br\u00fblez simplement plus de calories, avec ou sans sport. Plus encore, l&rsquo;extrait de capsicum exerce naturellement une diminution de l&rsquo;app\u00e9tit tout en favorisant des taux normaux de glucose sanguin et d&rsquo;insuline.<\/span><\/p>\n<p><span style=\"font-weight: 400;\">Feuille de lotus: am\u00e9liore la digestion et est un excellent agent minceur de perte du poids; favorise la combustion des graisses au niveau abdominal et aide \u00e0 baisser le cholest\u00e9rol. Elle permet aussi d\u2019am\u00e9liorer l\u2019\u00e9limination de l\u2019eau et \u00e0 lutter contre la r\u00e9tention d\u2019eau. Facilite la digestion, stimule les fonctions \u00e9liminatrices, aide \u00e0 baisser le taux de lipides (mati\u00e8res grasses) dans le sang et favorise le tonus.<\/span><\/p>\n<p><span style=\"font-weight: 400;\">Graine de cassia: favorise la perte de poids, aide la digestion et acc\u00e9l\u00e8re le transit intestinal, lutte contre le ballonnement, poss\u00e8de un effet laxatif naturel<\/span><\/p>\n<p><span style=\"font-weight: 400;\">Winter melon: En plus d&rsquo;\u00eatre d\u00e9toxifiant, il est aussi diur\u00e9tique et aide ainsi \u00e0 l&rsquo;\u00e9limination des toxines.<\/span><\/p>","protected":false},"excerpt":{"rendered":"<p><span style=\"font-weight: 400;\">On le sait tous, un m\u00e9tabolisme lent est la principale cause de prise de poids via l\u2019accumulation de graisses et d\u2019acides gras satur\u00e9s. Essayez notre GLORIEUX BUISSON ARDENT, sant\u00e9 d\u00e9tox; c\u2019est l\u2019adopter; il viendra vous accompagner dans votre perte de poids en augmentant la d\u00e9pense calorique, soutenant la d\u00e9gradation des graisses, aidant \u00e0 supprimer l&rsquo;app\u00e9tit et en stimulant le m\u00e9tabolisme. Vous serez surpris des r\u00e9sultats que vous obtiendrez en consommant deux capsules par jour et ce en suivant notre plan alimentaire qui vous est offert gratuitement.<\/span><\/p>","protected":false},"featured_media":885,"comment_status":"open","ping_status":"closed","template":"","meta":[],"product_brand":[],"product_cat":[60,68],"product_tag":[],"class_list":{"0":"post-884","1":"product","2":"type-product","3":"status-publish","4":"has-post-thumbnail","6":"product_cat-produits-de-beaute-pour-adultes","7":"product_cat-produits-amincissants","9":"first","10":"instock","11":"downloadable","12":"shipping-taxable","13":"purchasable","14":"product-type-simple"},"jetpack_sharing_enabled":true,"_links":{"self":[{"href":"https:\/\/testing.almagloriousbeauty.com\/en_ca\/wp-json\/wp\/v2\/product\/884","targetHints":{"allow":["GET"]}}],"collection":[{"href":"https:\/\/testing.almagloriousbeauty.com\/en_ca\/wp-json\/wp\/v2\/product"}],"about":[{"href":"https:\/\/testing.almagloriousbeauty.com\/en_ca\/wp-json\/wp\/v2\/types\/product"}],"replies":[{"embeddable":true,"href":"https:\/\/testing.almagloriousbeauty.com\/en_ca\/wp-json\/wp\/v2\/comments?post=884"}],"wp:featuredmedia":[{"embeddable":true,"href":"https:\/\/testing.almagloriousbeauty.com\/en_ca\/wp-json\/wp\/v2\/media\/885"}],"wp:attachment":[{"href":"https:\/\/testing.almagloriousbeauty.com\/en_ca\/wp-json\/wp\/v2\/media?parent=884"}],"wp:term":[{"taxonomy":"product_brand","embeddable":true,"href":"https:\/\/testing.almagloriousbeauty.com\/en_ca\/wp-json\/wp\/v2\/product_brand?post=884"},{"taxonomy":"product_cat","embeddable":true,"href":"https:\/\/testing.almagloriousbeauty.com\/en_ca\/wp-json\/wp\/v2\/product_cat?post=884"},{"taxonomy":"product_tag","embeddable":true,"href":"https:\/\/testing.almagloriousbeauty.com\/en_ca\/wp-json\/wp\/v2\/product_tag?post=884"}],"curies":[{"name":"wp","href":"https:\/\/api.w.org\/{rel}","templated":true}]}}