{"id":922,"date":"2024-11-22T13:41:12","date_gmt":"2024-11-22T13:41:12","guid":{"rendered":"https:\/\/testing.almagloriousbeauty.com\/?post_type=product&#038;p=922"},"modified":"2025-05-03T01:16:51","modified_gmt":"2025-05-03T01:16:51","slug":"glorious-liquid-coverage-foundation-pure-matte","status":"publish","type":"product","link":"https:\/\/testing.almagloriousbeauty.com\/en_ca\/glorious-liquid-coverage-foundation-pure-matte\/","title":{"rendered":"GLORIOUS LIQUID COVERAGE FOUNDATION PURE MATTE"},"content":{"rendered":"<p><span style=\"color: #800080;\"><b>UTILISATION<\/b><\/span><\/p>\n<p><span style=\"font-weight: 400;\">Gr\u00e2ce \u00e0 notre Make up Sponge,\u00a0 Appliquez le fond de teint waterproof\u00a0 en partant du centre du visage ou sur les zones o\u00f9 vous souhaitez plus de couvrance <\/span><span style=\"font-weight: 400;\">en \u00e9tirant le fond de teint vers l&rsquo;ext\u00e9rieur<\/span><span style=\"font-weight: 400;\">. Ensuite, estomper en tapotant ou avec un mouvement de rotation pour un fini glow et naturel.<\/span><\/p>\n<p><span style=\"font-weight: 400;\">Si vous le souhaitez, vous pouvez ensuite ajouter un voile de notre <\/span><span style=\"font-weight: 400;\">POWDER COVERAGE FOUNDATION MATTE<\/span><span style=\"font-weight: 400;\"> pour vous assurer un teint parfaitement matifi\u00e9 et encore plus naturel.\u00a0<\/span><\/p>\n<p><span style=\"font-weight: 400;\">Notre <\/span><span style=\"font-weight: 400;\">GLORIOUS CONCEALER STICK <\/span><span style=\"font-weight: 400;\">peut vous \u00eatre utile pour masquer les signes de fatigue et booster la luminosit\u00e9 de votre glorieux teint. Pensez-y !<\/span><\/p>\n<p>&nbsp;<\/p>\n<p><span style=\"color: #800080;\"><b>INGR\u00c9DIENTS<\/b><\/span><\/p>\n<p><span style=\"font-weight: 400;\">Aqua, Titanium Dioxide, Mica, Mineral Oil, Glycerin, ISODODECANE, CETYL PEG\/PPG-10\/1, DIMETHICONE, Cyclopentasiloxane, Silica, Dimethicone, Iron Oxide YellowCI 77492, MAGNESIUM STEARATE, Iron Oxide Red, CI 77491, Imidazolidinyl Urea, Methylparaben, Iron Oxide Black CI 77499, Propylparaben, Parfum<\/span><\/p>","protected":false},"excerpt":{"rendered":"<p><span style=\"font-weight: 400;\">Un fond de teint liquide r\u00e9sistant \u00e0 l&rsquo;eau, longue dur\u00e9e qui cr\u00e9e une finition glow et naturelle. Donne au teint un look frais et \u00e9clatant; masque la d\u00e9coloration, les irr\u00e9gularit\u00e9s et les taches tout en donnant \u00e0 la peau un \u00e9clat naturel et sain. Sans huile, Matte, Il r\u00e9siste au transfert, \u00e0 l\u2019humidit\u00e9, \u00e0 la transpiration et aide \u00e0 contr\u00f4ler la brillance. Hydratant avec une couverture \u00e9lev\u00e9e, il est formul\u00e9 pour rester fixe toute la journ\u00e9e. Le SPF qui est pr\u00e9sent dans ce fond de teint vous offre une protection \u00e0 large spectre contre les rayons Ultra Violet.<\/span><\/p>","protected":false},"featured_media":923,"comment_status":"open","ping_status":"closed","template":"","meta":[],"product_brand":[],"product_cat":[67,60],"product_tag":[],"class_list":{"0":"post-922","1":"product","2":"type-product","3":"status-publish","4":"has-post-thumbnail","6":"product_cat-maquillage-longue-tenue","7":"product_cat-produits-de-beaute-pour-adultes","8":"aux-has-gallery","10":"first","11":"outofstock","12":"shipping-taxable","13":"purchasable","14":"product-type-variable"},"jetpack_sharing_enabled":true,"_links":{"self":[{"href":"https:\/\/testing.almagloriousbeauty.com\/en_ca\/wp-json\/wp\/v2\/product\/922","targetHints":{"allow":["GET"]}}],"collection":[{"href":"https:\/\/testing.almagloriousbeauty.com\/en_ca\/wp-json\/wp\/v2\/product"}],"about":[{"href":"https:\/\/testing.almagloriousbeauty.com\/en_ca\/wp-json\/wp\/v2\/types\/product"}],"replies":[{"embeddable":true,"href":"https:\/\/testing.almagloriousbeauty.com\/en_ca\/wp-json\/wp\/v2\/comments?post=922"}],"wp:featuredmedia":[{"embeddable":true,"href":"https:\/\/testing.almagloriousbeauty.com\/en_ca\/wp-json\/wp\/v2\/media\/923"}],"wp:attachment":[{"href":"https:\/\/testing.almagloriousbeauty.com\/en_ca\/wp-json\/wp\/v2\/media?parent=922"}],"wp:term":[{"taxonomy":"product_brand","embeddable":true,"href":"https:\/\/testing.almagloriousbeauty.com\/en_ca\/wp-json\/wp\/v2\/product_brand?post=922"},{"taxonomy":"product_cat","embeddable":true,"href":"https:\/\/testing.almagloriousbeauty.com\/en_ca\/wp-json\/wp\/v2\/product_cat?post=922"},{"taxonomy":"product_tag","embeddable":true,"href":"https:\/\/testing.almagloriousbeauty.com\/en_ca\/wp-json\/wp\/v2\/product_tag?post=922"}],"curies":[{"name":"wp","href":"https:\/\/api.w.org\/{rel}","templated":true}]}}