{"id":967,"date":"2024-11-22T14:17:53","date_gmt":"2024-11-22T14:17:53","guid":{"rendered":"https:\/\/testing.almagloriousbeauty.com\/?post_type=product&#038;p=967"},"modified":"2025-06-10T03:23:46","modified_gmt":"2025-06-10T03:23:46","slug":"glorious-concealer-stick","status":"publish","type":"product","link":"https:\/\/testing.almagloriousbeauty.com\/en_ca\/glorious-concealer-stick\/","title":{"rendered":"GLORIOUS CONCEALER STICK"},"content":{"rendered":"<p><span style=\"color: #800080;\"><b>UTILISATION<\/b><\/span><\/p>\n<p><span style=\"font-weight: 400;\">Appliquez le Glorious Concealer Stick par touches ou \u00e9talez-le; par la suite, estompez-le du bout des doigts jusqu\u2019\u00e0 ce que l\u2019aspect soit uniforme.<\/span><\/p>\n<p>&nbsp;<\/p>\n<p><span style=\"color: #800080;\"><b>INGR\u00c9DIENTS<\/b><\/span><\/p>\n<p><span style=\"font-weight: 400;\">HYDROGENATED POLYISOBUTENE, ETHYLHEXYL PALMITATE, POLYISOBUTENE, PENTAERYTHRITYL TETRAISOSTEARATE, ALUMINIUM STARCH OCTENYLSUCCINATE, EUPHORBIA CERIFERA (CANDELILLA) WAX, SYNTHETIC WAX, CERESIN, PARAFFIN,REFINED OLIVE POMACE OIL, SIMMONDSIA CHINENSIS (JOJOBA) SEED OIL, GLYCOL MONTANATE, TOCOPHERYL ACETATE, PHENOXYETHANOL. MAY CONTAIN(+\/-): MICA,TITANIUM DIOXIDE (CI 77891), IRON OXIDES (CI 77491, CI 77492, CI77499).<\/span><\/p>","protected":false},"excerpt":{"rendered":"<p><span style=\"font-weight: 400;\">L&rsquo;\u0153il est une partie si fragile du visage mais tellement beau! Et lorsque l\u2019on est fatigu\u00e9, cela se voit au niveau du contour de l\u2019\u0153il qui laisse appara\u00eetre une ombre color\u00e9e en dessous des yeux; entre autres des cernes. Ces derniers viennent obstruer la beaut\u00e9 de nos yeux et par cons\u00e9quent de notre visage. Vous \u00eates donc fatigu\u00e9s et avez des cernes? Ne paniquez pas nous avons la solution notre GLORIOUS CONCEALER STICK qui bien appliqu\u00e9, viendra camoufler les cernes et illuminer votre visage. Il n\u2019est pas en reste aussi pour les boutons et les petites imperfections.<\/span><\/p>\n<p><span style=\"font-weight: 400;\">Yeux cern\u00e9s, boutons, ou petites imperfections? Utilisez notre Concealer afin de camoufler tout cela; appliquer le <\/span><span style=\"font-weight: 400;\">correcteur en tapotant le stick directement sur la partie \u00e0 corriger. Vous n\u2019avez pas besoin d\u2019en mettre beaucoup, une toute petite quantit\u00e9 vous offrira <\/span><a href=\"https:\/\/www.beaute.fr\/article\/fond-de-teint-couvrant-comment-le-choisir_a7770\/1\"><span style=\"font-weight: 400;\">une couvrance impeccable<\/span><\/a><span style=\"font-weight: 400;\"> et un fini peau nue.<\/span><span style=\"font-weight: 400;\"> Pour fixer la correction, avec le bout de votre index, tapoter la partie corrig\u00e9e sans \u00e9taler la mati\u00e8re cela permettra de ne pas perdre en couvrance.<\/span><\/p>\n<p><span style=\"font-weight: 400;\">Note: Notre stick correcteur s\u2019applique seul ou apr\u00e8s un fond de teint mais pas avant.<\/span><\/p>","protected":false},"featured_media":968,"comment_status":"open","ping_status":"closed","template":"","meta":[],"product_brand":[],"product_cat":[67,60],"product_tag":[],"class_list":{"0":"post-967","1":"product","2":"type-product","3":"status-publish","4":"has-post-thumbnail","6":"product_cat-maquillage-longue-tenue","7":"product_cat-produits-de-beaute-pour-adultes","8":"aux-has-gallery","10":"first","11":"instock","12":"shipping-taxable","13":"purchasable","14":"product-type-variable"},"jetpack_sharing_enabled":true,"_links":{"self":[{"href":"https:\/\/testing.almagloriousbeauty.com\/en_ca\/wp-json\/wp\/v2\/product\/967","targetHints":{"allow":["GET"]}}],"collection":[{"href":"https:\/\/testing.almagloriousbeauty.com\/en_ca\/wp-json\/wp\/v2\/product"}],"about":[{"href":"https:\/\/testing.almagloriousbeauty.com\/en_ca\/wp-json\/wp\/v2\/types\/product"}],"replies":[{"embeddable":true,"href":"https:\/\/testing.almagloriousbeauty.com\/en_ca\/wp-json\/wp\/v2\/comments?post=967"}],"wp:featuredmedia":[{"embeddable":true,"href":"https:\/\/testing.almagloriousbeauty.com\/en_ca\/wp-json\/wp\/v2\/media\/968"}],"wp:attachment":[{"href":"https:\/\/testing.almagloriousbeauty.com\/en_ca\/wp-json\/wp\/v2\/media?parent=967"}],"wp:term":[{"taxonomy":"product_brand","embeddable":true,"href":"https:\/\/testing.almagloriousbeauty.com\/en_ca\/wp-json\/wp\/v2\/product_brand?post=967"},{"taxonomy":"product_cat","embeddable":true,"href":"https:\/\/testing.almagloriousbeauty.com\/en_ca\/wp-json\/wp\/v2\/product_cat?post=967"},{"taxonomy":"product_tag","embeddable":true,"href":"https:\/\/testing.almagloriousbeauty.com\/en_ca\/wp-json\/wp\/v2\/product_tag?post=967"}],"curies":[{"name":"wp","href":"https:\/\/api.w.org\/{rel}","templated":true}]}}