{"id":979,"date":"2024-11-22T14:26:17","date_gmt":"2024-11-22T14:26:17","guid":{"rendered":"https:\/\/testing.almagloriousbeauty.com\/?post_type=product&#038;p=979"},"modified":"2025-08-08T14:00:59","modified_gmt":"2025-08-08T14:00:59","slug":"facial-care-spatula","status":"publish","type":"product","link":"https:\/\/testing.almagloriousbeauty.com\/en_ca\/facial-care-spatula\/","title":{"rendered":"FACIAL CARE SPATULA"},"content":{"rendered":"<p><span style=\"color: #800080;\"><b>UTILISATION<\/b><\/span><\/p>\n<p><span style=\"font-weight: 400;\">Pr\u00e9lever une quantit\u00e9 suffisante de soins cosm\u00e9tiques \u00e0 l\u2019aide de la spatule pr\u00e9alablement nettoy\u00e9e. Utiliser les angles de la spatule pour les parties les moins accessibles du corps et la partie large pour les autres parties.\u00a0<\/span><\/p>\n<p>&nbsp;<\/p>\n<p><span style=\"color: #800080;\"><b>INGR\u00c9DIENTS<\/b><\/span><\/p>\n<p><span style=\"font-weight: 400;\">Silicone and plastic handle<\/span><\/p>","protected":false},"excerpt":{"rendered":"<p><span style=\"font-weight: 400;\">Faisons place \u00e0 notre facial care spatula, cet accessoire incontournable pour une application hygi\u00e9nique et efficace de tous vos soins cosm\u00e9tiques. Que ce soit pour vos masques visage ou alors juste pour pr\u00e9lever une quantit\u00e9 suffisante de votre cr\u00e8me visage ou de votre gommage, elle est l\u00e0 et disponible pour vous.\u00a0<\/span><\/p>\n<p><span style=\"font-weight: 400;\">Ne mettez plus vos doigts dans vos produits cosm\u00e9tiques ce n\u2019est pas non seulement hygi\u00e9nique mais il y a de forts risques de contamination; optez \u00e0 la place pour cette spatule r\u00e9duisant ainsi les risques de contamination et \u00e9vitant toutes propagations de batteries et d\u2019impuret\u00e9s. Pr\u00e9lever la quantit\u00e9 juste et obtenez une r\u00e9partition homog\u00e8ne de votre masque visage vous permettant d\u2019avoir une bonne couvrance.<\/span><\/p>","protected":false},"featured_media":980,"comment_status":"open","ping_status":"closed","template":"","meta":[],"product_brand":[],"product_cat":[67,60],"product_tag":[],"class_list":{"0":"post-979","1":"product","2":"type-product","3":"status-publish","4":"has-post-thumbnail","6":"product_cat-maquillage-longue-tenue","7":"product_cat-produits-de-beaute-pour-adultes","8":"aux-has-gallery","10":"first","11":"instock","12":"shipping-taxable","13":"purchasable","14":"product-type-variable"},"jetpack_sharing_enabled":true,"_links":{"self":[{"href":"https:\/\/testing.almagloriousbeauty.com\/en_ca\/wp-json\/wp\/v2\/product\/979","targetHints":{"allow":["GET"]}}],"collection":[{"href":"https:\/\/testing.almagloriousbeauty.com\/en_ca\/wp-json\/wp\/v2\/product"}],"about":[{"href":"https:\/\/testing.almagloriousbeauty.com\/en_ca\/wp-json\/wp\/v2\/types\/product"}],"replies":[{"embeddable":true,"href":"https:\/\/testing.almagloriousbeauty.com\/en_ca\/wp-json\/wp\/v2\/comments?post=979"}],"wp:featuredmedia":[{"embeddable":true,"href":"https:\/\/testing.almagloriousbeauty.com\/en_ca\/wp-json\/wp\/v2\/media\/980"}],"wp:attachment":[{"href":"https:\/\/testing.almagloriousbeauty.com\/en_ca\/wp-json\/wp\/v2\/media?parent=979"}],"wp:term":[{"taxonomy":"product_brand","embeddable":true,"href":"https:\/\/testing.almagloriousbeauty.com\/en_ca\/wp-json\/wp\/v2\/product_brand?post=979"},{"taxonomy":"product_cat","embeddable":true,"href":"https:\/\/testing.almagloriousbeauty.com\/en_ca\/wp-json\/wp\/v2\/product_cat?post=979"},{"taxonomy":"product_tag","embeddable":true,"href":"https:\/\/testing.almagloriousbeauty.com\/en_ca\/wp-json\/wp\/v2\/product_tag?post=979"}],"curies":[{"name":"wp","href":"https:\/\/api.w.org\/{rel}","templated":true}]}}