{"id":989,"date":"2024-11-22T14:35:26","date_gmt":"2024-11-22T14:35:26","guid":{"rendered":"https:\/\/testing.almagloriousbeauty.com\/?post_type=product&#038;p=989"},"modified":"2025-12-18T01:19:05","modified_gmt":"2025-12-18T01:19:05","slug":"glorious-make-up-blender","status":"publish","type":"product","link":"https:\/\/testing.almagloriousbeauty.com\/en_ca\/glorious-make-up-blender\/","title":{"rendered":"GLORIOUS  MAKE UP BLENDER"},"content":{"rendered":"<p><span style=\"color: #800080\"><b>UTILISATION<\/b><\/span><\/p>\n<p><span style=\"font-weight: 400\">Que ce soit pour utiliser notre <\/span><span style=\"font-weight: 400\">GLORIOUS LIQUID COVERAGE FOUNDATION PURE MATTE, notre POWDER COVERAGE FOUNDATION MATTE ou encore notre ULTIMATE GLORIOUS LOOK EYESHADOW, notre <\/span><span style=\"font-weight: 400\">Glorious Make up Blender est la solution.<\/span><\/p>\n<p><span style=\"font-weight: 400\">Humidifier le<\/span> <span style=\"font-weight: 400\">sous un filet d\u2019eau, puis essorer-le bien. Votre blender devient encore plus doux et n\u2019absorbe pas trop de maquillage. Prenez votre fond de teint, s\u2019il s\u2019agit de notre <\/span><span style=\"font-weight: 400\">GLORIOUS LIQUID COVERAGE FOUNDATION PURE MATTE <\/span><span style=\"font-weight: 400\">mettez-le sur le dos de votre main et trempez-y votre <\/span><span style=\"font-weight: 400\">Glorious Make up<\/span><span style=\"font-weight: 400\"> blender; par la suite, commencez \u00e0 tapoter votre visage. N\u2019\u00e9talez pas le maquillage avec le blender, mais appliquer le par petits tapotements. Lorsque vous d\u00e9sirez appliquer le fond de teint sur une plus grande couvrance, utilisez la partie arrondie du blender. Pour les zones difficilement accessibles comme le coin de l&rsquo;\u0153il, ou le contour des yeux, la zone pointue du blender est recommand\u00e9e.\u00a0<\/span><\/p>\n<p>&nbsp;<\/p>\n<p><span style=\"color: #800080\"><b>INGR\u00c9DIENTS<\/b><\/span><\/p>\n<p><span style=\"font-weight: 400\">Hydrophilic polyurethane<\/span><\/p>","protected":false},"excerpt":{"rendered":"<p><span style=\"font-weight: 400\">Outil indispensable pour toutes trousses cosm\u00e9tiques lorsqu\u2019on parle de r\u00e9volution du make up. Vous voulez un maquillage parfaitement naturel, qui viendra\u00a0 <\/span><span style=\"font-weight: 400\">cacher vos cernes et vous assurer un beau contouring? Alors vous l\u2019avez trouv\u00e9 notre Glorious Make up Blender, le<\/span><span style=\"font-weight: 400\">\u00a0 M\u00e9langeur de maquillage sans latex en forme d&rsquo;\u0153uf, il est con\u00e7u pour un effet lumineux et un m\u00e9lange impeccable. Outil parfait d\u2019application de maquillage (poudre, cr\u00e8me, produits cosm\u00e9tiques liquides, etc. ), il viendra dissimuler les imperfections pour vous donner un glorieux look qui va durer toute la journ\u00e9e.<\/span><\/p>","protected":false},"featured_media":990,"comment_status":"open","ping_status":"closed","template":"","meta":[],"product_brand":[],"product_cat":[67,60],"product_tag":[],"class_list":{"0":"post-989","1":"product","2":"type-product","3":"status-publish","4":"has-post-thumbnail","6":"product_cat-maquillage-longue-tenue","7":"product_cat-produits-de-beaute-pour-adultes","8":"aux-has-gallery","10":"first","11":"instock","12":"shipping-taxable","13":"purchasable","14":"product-type-variable"},"jetpack_sharing_enabled":true,"_links":{"self":[{"href":"https:\/\/testing.almagloriousbeauty.com\/en_ca\/wp-json\/wp\/v2\/product\/989","targetHints":{"allow":["GET"]}}],"collection":[{"href":"https:\/\/testing.almagloriousbeauty.com\/en_ca\/wp-json\/wp\/v2\/product"}],"about":[{"href":"https:\/\/testing.almagloriousbeauty.com\/en_ca\/wp-json\/wp\/v2\/types\/product"}],"replies":[{"embeddable":true,"href":"https:\/\/testing.almagloriousbeauty.com\/en_ca\/wp-json\/wp\/v2\/comments?post=989"}],"wp:featuredmedia":[{"embeddable":true,"href":"https:\/\/testing.almagloriousbeauty.com\/en_ca\/wp-json\/wp\/v2\/media\/990"}],"wp:attachment":[{"href":"https:\/\/testing.almagloriousbeauty.com\/en_ca\/wp-json\/wp\/v2\/media?parent=989"}],"wp:term":[{"taxonomy":"product_brand","embeddable":true,"href":"https:\/\/testing.almagloriousbeauty.com\/en_ca\/wp-json\/wp\/v2\/product_brand?post=989"},{"taxonomy":"product_cat","embeddable":true,"href":"https:\/\/testing.almagloriousbeauty.com\/en_ca\/wp-json\/wp\/v2\/product_cat?post=989"},{"taxonomy":"product_tag","embeddable":true,"href":"https:\/\/testing.almagloriousbeauty.com\/en_ca\/wp-json\/wp\/v2\/product_tag?post=989"}],"curies":[{"name":"wp","href":"https:\/\/api.w.org\/{rel}","templated":true}]}}