{"id":991,"date":"2024-11-22T14:42:27","date_gmt":"2024-11-22T14:42:27","guid":{"rendered":"https:\/\/testing.almagloriousbeauty.com\/?post_type=product&#038;p=991"},"modified":"2025-05-03T01:13:38","modified_gmt":"2025-05-03T01:13:38","slug":"ultimate-glorious-look-eyeshadow","status":"publish","type":"product","link":"https:\/\/testing.almagloriousbeauty.com\/en_ca\/ultimate-glorious-look-eyeshadow\/","title":{"rendered":"ULTIMATE GLORIOUS LOOK EYESHADOW"},"content":{"rendered":"<p><span style=\"color: #800080;\"><b>UTILISATION<\/b><\/span><\/p>\n<p><span style=\"font-weight: 400;\">\u00c0 l\u2019aide d\u2019un pinceau, prenez la couleur de votre choix sur notre <\/span><span style=\"font-weight: 400;\">ULTIMATE GLORIOUS LOOK EYESHADOW et mettez la <\/span><span style=\"font-weight: 400;\">sur la paupi\u00e8re fixe; d\u00e9gradez en faisant des allers-retours sur votre paupi\u00e8re. Accentuez le contour de l&rsquo;\u0153il en ajoutant un trait de notre\u00a0 <\/span><span style=\"font-weight: 400;\">ULTIMATE GLORIOUS LOOK LIQUID EYELINER<\/span><span style=\"font-weight: 400;\"> au ras des cils sup\u00e9rieurs; Ajoutez un trait de notre <\/span><span style=\"font-weight: 400;\">GLORIOUS EYEBROW PENCILS<\/span><span style=\"font-weight: 400;\"> dans votre muqueuse inf\u00e9rieure et au ras des cils; Terminez avec notre mascara noir le <\/span><span style=\"font-weight: 400;\">4D HIGH DEFINITION EYELASH EXTENSION et ayez le regard que vous avez tant souhait\u00e9.<\/span><\/p>\n<p>&nbsp;<\/p>\n<p><span style=\"color: #800080;\"><b>INGR\u00c9DIENTS<\/b><\/span><\/p>\n<p><span style=\"font-weight: 400;\">MICA,TALC. TITANIUM DIOXIDE,TRIETHOXYCAPRYLYLSILANE, SILICA, TIN OXIDE, ALUMINUM POWDER POLYETHYLENE TEREPHTHALATE,CAPRYLIC\/CAPRIC TRIGLYCERIDE, ETHYLHEXYL PALMITATE, BISDIGLYCERYL INGREDIENTS POLYACYLADIPATE-2,POLYISOBUTENE, DIMETHICONE, MAGNESIUM STEARATE.PROPYLPARABEN.BHA. MAY CONTAIN (+\/-):FD&amp;C Red 40 Al Lake(C116035)\uff0cFD&amp;CYellow5(CI19140),D&amp;CYellow10 (CI47005) FD&amp;CYeliow6 TCI15985),IRON OXIDES YELLOW (CI77492),IRON OXIDES RED(CI 77491Y. IRON OXIDES BLACK CI77499).Ultramarine Blue (CI 77007)<\/span><\/p>","protected":false},"excerpt":{"rendered":"<p><span style=\"font-weight: 400;\">Une <\/span><span style=\"font-weight: 400;\">palette de fards \u00e0 paupi\u00e8res avec des<\/span><span style=\"font-weight: 400;\"> couleurs ultra pigment\u00e9es <\/span><span style=\"font-weight: 400;\">et des nuances professionnelles froides et chaudes vous<\/span><span style=\"font-weight: 400;\"> donnant un regard extr\u00eamement s\u00e9duisant en une seule couche; sa texture l\u00e9g\u00e8re, fluide et tr\u00e8s satin\u00e9e; un estompage uniforme saura vous s\u00e9duire. <\/span><span style=\"font-weight: 400;\">Avec des textures mat, doux et lisse, scintillantes et paillettes m\u00e9talliques \u00e9blouissantes. Cette palette dispose de plusieurs nuances qui peuvent \u00eatre m\u00e9lang\u00e9es et superpos\u00e9es pour cr\u00e9er des quantit\u00e9s infinies de looks plus que Waouh!<\/span><\/p>\n<p><span style=\"font-weight: 400;\">Palette artistique \u00e0 la fine pointe de la technologie dans un magnifique emballage rose avec des \u00e9crits mauves vous n\u2019aurez pas de g\u00eane \u00e0 l\u2019afficher fi\u00e8rement en public; facile \u00e0 transporter lors de tous vos d\u00e9placements il saura vous donner un regard insaisissable et myst\u00e9rieux alors, lancez-vous et laissez-vous s\u00e9duire.<\/span><\/p>","protected":false},"featured_media":992,"comment_status":"open","ping_status":"closed","template":"","meta":[],"product_brand":[],"product_cat":[67,60],"product_tag":[],"class_list":{"0":"post-991","1":"product","2":"type-product","3":"status-publish","4":"has-post-thumbnail","6":"product_cat-maquillage-longue-tenue","7":"product_cat-produits-de-beaute-pour-adultes","8":"aux-has-gallery","10":"first","11":"instock","12":"shipping-taxable","13":"purchasable","14":"product-type-simple"},"jetpack_sharing_enabled":true,"_links":{"self":[{"href":"https:\/\/testing.almagloriousbeauty.com\/en_ca\/wp-json\/wp\/v2\/product\/991","targetHints":{"allow":["GET"]}}],"collection":[{"href":"https:\/\/testing.almagloriousbeauty.com\/en_ca\/wp-json\/wp\/v2\/product"}],"about":[{"href":"https:\/\/testing.almagloriousbeauty.com\/en_ca\/wp-json\/wp\/v2\/types\/product"}],"replies":[{"embeddable":true,"href":"https:\/\/testing.almagloriousbeauty.com\/en_ca\/wp-json\/wp\/v2\/comments?post=991"}],"wp:featuredmedia":[{"embeddable":true,"href":"https:\/\/testing.almagloriousbeauty.com\/en_ca\/wp-json\/wp\/v2\/media\/992"}],"wp:attachment":[{"href":"https:\/\/testing.almagloriousbeauty.com\/en_ca\/wp-json\/wp\/v2\/media?parent=991"}],"wp:term":[{"taxonomy":"product_brand","embeddable":true,"href":"https:\/\/testing.almagloriousbeauty.com\/en_ca\/wp-json\/wp\/v2\/product_brand?post=991"},{"taxonomy":"product_cat","embeddable":true,"href":"https:\/\/testing.almagloriousbeauty.com\/en_ca\/wp-json\/wp\/v2\/product_cat?post=991"},{"taxonomy":"product_tag","embeddable":true,"href":"https:\/\/testing.almagloriousbeauty.com\/en_ca\/wp-json\/wp\/v2\/product_tag?post=991"}],"curies":[{"name":"wp","href":"https:\/\/api.w.org\/{rel}","templated":true}]}}