{"id":994,"date":"2024-11-22T14:48:39","date_gmt":"2024-11-22T14:48:39","guid":{"rendered":"https:\/\/testing.almagloriousbeauty.com\/?post_type=product&#038;p=994"},"modified":"2025-05-03T01:12:57","modified_gmt":"2025-05-03T01:12:57","slug":"ultimate-glorious-look-liquid-eyeliner","status":"publish","type":"product","link":"https:\/\/testing.almagloriousbeauty.com\/en_ca\/ultimate-glorious-look-liquid-eyeliner\/","title":{"rendered":"ULTIMATE GLORIOUS LOOK LIQUID EYELINER"},"content":{"rendered":"<p><span style=\"color: #800080;\"><b>UTILISATION<\/b><\/span><\/p>\n<p><span style=\"font-weight: 400;\">Obtenez une ligne intense longue dur\u00e9e pour cela, commencez par le coin interne de l&rsquo;\u0153il vers le coin externe. Pour finaliser, ouvrez l&rsquo;\u0153il et appliquez l\u2019<\/span><span style=\"font-weight: 400;\">Ultimate <\/span><span style=\"font-weight: 400;\">GLORIOUS LOOK LIQUID EYELINER<\/span><span style=\"font-weight: 400;\"> sur la partie externe afin que le trac\u00e9 suive la courbe normale de l&rsquo;\u0153il.<\/span><\/p>\n<p>&nbsp;<\/p>\n<p><span style=\"color: #800080;\"><b>INGR\u00c9DIENTS<\/b><\/span><\/p>\n<p><span style=\"font-weight: 400;\">Xanthan gum Hectorite Cellulose,Acrylates Copolymer,<\/span><\/p>\n<p><span style=\"font-weight: 400;\">Aqua, Polyacrylic Acid, Imidazolidinyl Urea, Methylparaben,<\/span><\/p>\n<p><span style=\"font-weight: 400;\">Ricinoleth-40 (and) polysorbate-20(and) Sodium Dehydroacetate<\/span><\/p>\n<p><span style=\"font-weight: 400;\">(and) Sorbic acid (and) Undecylenic acid, Black 2, Cl 77266.<\/span><\/p>","protected":false},"excerpt":{"rendered":"<p><span style=\"font-weight: 400;\">Notre Ultimate <\/span><span style=\"font-weight: 400;\">GLORIOUS LOOK LIQUID EYELINER saura vous s\u00e9duire avec son <\/span><span style=\"font-weight: 400;\">pinceau \u00e0 la pointe naturellement effil\u00e9e. Ce dernier vous permettra de dessiner des lignes avec une intense pr\u00e9cision pour cr\u00e9er un regard sublime. Et si on parlait de sa haute d\u00e9finition? riche et fluide, il s\u2019applique rapidement, facilement et avec beaucoup de pr\u00e9cision afin de vous permettre d\u2019avoir des yeux bien lign\u00e9s. Longue tenue, longue dur\u00e9e, r\u00e9siste \u00e0 l\u2019eau, il s\u00e8che instantan\u00e9ment et reste fixe.<\/span><\/p>","protected":false},"featured_media":995,"comment_status":"open","ping_status":"closed","template":"","meta":[],"product_brand":[],"product_cat":[67,60],"product_tag":[],"class_list":{"0":"post-994","1":"product","2":"type-product","3":"status-publish","4":"has-post-thumbnail","6":"product_cat-maquillage-longue-tenue","7":"product_cat-produits-de-beaute-pour-adultes","8":"aux-has-gallery","10":"first","11":"instock","12":"shipping-taxable","13":"purchasable","14":"product-type-simple"},"jetpack_sharing_enabled":true,"_links":{"self":[{"href":"https:\/\/testing.almagloriousbeauty.com\/en_ca\/wp-json\/wp\/v2\/product\/994","targetHints":{"allow":["GET"]}}],"collection":[{"href":"https:\/\/testing.almagloriousbeauty.com\/en_ca\/wp-json\/wp\/v2\/product"}],"about":[{"href":"https:\/\/testing.almagloriousbeauty.com\/en_ca\/wp-json\/wp\/v2\/types\/product"}],"replies":[{"embeddable":true,"href":"https:\/\/testing.almagloriousbeauty.com\/en_ca\/wp-json\/wp\/v2\/comments?post=994"}],"wp:featuredmedia":[{"embeddable":true,"href":"https:\/\/testing.almagloriousbeauty.com\/en_ca\/wp-json\/wp\/v2\/media\/995"}],"wp:attachment":[{"href":"https:\/\/testing.almagloriousbeauty.com\/en_ca\/wp-json\/wp\/v2\/media?parent=994"}],"wp:term":[{"taxonomy":"product_brand","embeddable":true,"href":"https:\/\/testing.almagloriousbeauty.com\/en_ca\/wp-json\/wp\/v2\/product_brand?post=994"},{"taxonomy":"product_cat","embeddable":true,"href":"https:\/\/testing.almagloriousbeauty.com\/en_ca\/wp-json\/wp\/v2\/product_cat?post=994"},{"taxonomy":"product_tag","embeddable":true,"href":"https:\/\/testing.almagloriousbeauty.com\/en_ca\/wp-json\/wp\/v2\/product_tag?post=994"}],"curies":[{"name":"wp","href":"https:\/\/api.w.org\/{rel}","templated":true}]}}